{"id":64597,"date":"2024-06-19T07:59:46","date_gmt":"2024-06-19T07:59:46","guid":{"rendered":"https:\/\/kilidovetours.com\/?page_id=64597"},"modified":"2026-04-15T11:21:59","modified_gmt":"2026-04-15T11:21:59","slug":"missionserklaerung-zur-nachhaltigkeit","status":"publish","type":"page","link":"https:\/\/kilidovetours.com\/de\/missionserklaerung-zur-nachhaltigkeit\/","title":{"rendered":"Missionserkl\u00e4rung zur Nachhaltigkeit"},"content":{"rendered":"\t\t<div data-elementor-type=\"wp-page\" data-elementor-id=\"64597\" class=\"elementor elementor-64597 elementor-37410\" data-elementor-post-type=\"page\">\n\t\t\t\t\t\t<section class=\"elementor-section elementor-top-section elementor-element elementor-element-2b1184b0 elementor-section-boxed elementor-section-height-default elementor-section-height-default\" data-id=\"2b1184b0\" data-element_type=\"section\" data-e-type=\"section\" data-settings=\"{&quot;background_background&quot;:&quot;classic&quot;}\">\n\t\t\t\t\t\t<div class=\"elementor-container elementor-column-gap-default\">\n\t\t\t\t\t<div class=\"elementor-column elementor-col-100 elementor-top-column elementor-element elementor-element-153e1c19\" data-id=\"153e1c19\" data-element_type=\"column\" data-e-type=\"column\">\n\t\t\t<div class=\"elementor-widget-wrap elementor-element-populated\">\n\t\t\t\t\t\t<div class=\"elementor-element elementor-element-54db29de elementor-widget elementor-widget-text-editor\" data-id=\"54db29de\" data-element_type=\"widget\" data-e-type=\"widget\" data-widget_type=\"text-editor.default\">\n\t\t\t\t<div class=\"elementor-widget-container\">\n\t\t\t\t\t\t\t\t\t<div class=\"page\" title=\"Seite 1\">\n<div class=\"section\">\n<div class=\"layoutArea\">\n<div class=\"column\">\n<h2><strong><em>\u201eMenschen und Planet st\u00e4rken \u2013 f\u00fcr eine lebenswerte Zukunft\u201c<\/em><\/strong><\/h2>\nBei Kilidove Tours &amp; Safaris setzen wir uns daf\u00fcr ein, positive Ver\u00e4nderungen voranzutreiben und eine nachhaltige Zukunft f\u00fcr alle zu gestalten. Unsere Mission basiert auf der \u00dcberzeugung, dass \u00f6kologische, soziale und wirtschaftliche Nachhaltigkeit miteinander verbunden und f\u00fcr das Wohlergehen von Menschen und Planet gleicherma\u00dfen entscheidend sind. Mit unseren Ma\u00dfnahmen und Innovationen tun wir unser Bestes, Einzelpersonen, Gemeinschaften und Organisationen zu bef\u00e4higen, einen sp\u00fcrbaren Beitrag zu leisten und eine erfolgreiche Zukunft f\u00fcr kommende Generationen mitzugestalten.  \n<h5><strong>1. Umweltverantwortung:<\/strong><\/h5>\nWir erkennen die dringende Notwendigkeit, unsere nat\u00fcrliche Umwelt zu sch\u00fctzen und wiederherzustellen. Wir setzen uns daf\u00fcr ein, unseren \u00f6kologischen Fu\u00dfabdruck zu minimieren \u2013 durch nachhaltige Praktiken, weniger Abfall, Ressourcenschonung und die F\u00f6rderung des Biodiversit\u00e4tsschutzes. Wir priorisieren nachhaltige Beschaffung, saubere Energiel\u00f6sungen und verantwortungsvolle Produktionsprozesse, um einen ges\u00fcnderen Planeten f\u00fcr heutige und zuk\u00fcnftige Bewohner zu sichern.  \n<h5><strong>2. Soziale Gerechtigkeit:<\/strong><\/h5>\nWir sind \u00fcberzeugt, dass Nachhaltigkeit inklusiv und gerecht sein muss. Wir verpflichten uns, ein vielf\u00e4ltiges und inklusives Umfeld zu f\u00f6rdern, in dem alle Stimmen geh\u00f6rt, wertgesch\u00e4tzt und respektiert werden. Wir bem\u00fchen uns, Chancen f\u00fcr wirtschaftliche Selbstbestimmung zu schaffen, faire Arbeitspraktiken zu f\u00f6rdern und Initiativen zu unterst\u00fctzen, die Bildung, Gesundheit und Wohlbefinden in den Gemeinschaften st\u00e4rken, denen wir dienen. Wir setzen auf die Zusammenarbeit mit lokalen Stakeholdern und bef\u00e4higen sie, aktiv an nachhaltiger Entwicklung mitzuwirken.   \n<h5><strong>3. Innovation und Zusammenarbeit:<\/strong><\/h5>\nWir wissen, dass die Bew\u00e4ltigung komplexer Nachhaltigkeitsherausforderungen Innovation, Zusammenarbeit sowie den Austausch von Wissen und Ressourcen erfordert. Wir suchen aktiv Partnerschaften mit gleichgesinnten Organisationen, Forschenden und Gemeinschaften, um gemeinsam L\u00f6sungen zu entwickeln, die positive Ver\u00e4nderungen vorantreiben. Wir f\u00f6rdern offenen Dialog, Experimentierfreude und kontinuierliches Lernen, um Innovationen in nachhaltigen Technologien, Praktiken und Gesch\u00e4ftsmodellen zu beschleunigen.  \n<h5><strong>4. Transparente Governance und Rechenschaftspflicht:<\/strong><\/h5>\nWir verstehen Transparenz und Rechenschaftspflicht als Grundlage unserer Nachhaltigkeitsarbeit. Wir setzen klare Ziele und Vorgaben, \u00fcberwachen regelm\u00e4\u00dfig unsere Fortschritte und berichten offen \u00fcber unsere \u00f6kologische, soziale und wirtschaftliche Leistung. Wir binden Stakeholder ein \u2013 darunter Kundinnen und Kunden, Mitarbeitende, Investoren und die \u00d6ffentlichkeit \u2013, damit ihre Stimmen geh\u00f6rt werden, und wir holen aktiv Feedback ein, um unsere Praktiken zu verbessern.  \n<div class=\"page\" title=\"Seite 2\">\n<div class=\"section\">\n<div class=\"layoutArea\">\n<div class=\"column\">\n<h5><strong>5. Inspirieren und informieren:<\/strong><\/h5>\nWir m\u00f6chten Menschen inspirieren und informieren, damit sie sich aktiv f\u00fcr nachhaltiges Leben einsetzen. Durch Awareness-Kampagnen und leicht zug\u00e4ngliche Informationen wollen wir Menschen mit dem Wissen und den Werkzeugen ausstatten, die sie brauchen, um fundierte Entscheidungen zu treffen und nachhaltige Lebensstile zu \u00fcbernehmen. Wir glauben, dass gemeinsames Handeln mit dem Engagement jedes Einzelnen beginnt \u2013 und dass kleine Ver\u00e4nderungen zu sp\u00fcrbar positiven Auswirkungen f\u00fchren k\u00f6nnen.  \n\nIndem wir unsere Nachhaltigkeitsmission leben, stellen wir uns eine Zukunft vor, in der \u00f6kologische Harmonie, soziale Gerechtigkeit und wirtschaftlicher Wohlstand keine Gegens\u00e4tze sind, sondern sich gegenseitig st\u00e4rken. Gemeinsam k\u00f6nnen wir eine bessere Welt schaffen, die Menschen und Planet gleicherma\u00dfen sch\u00fctzt und eine nachhaltige Hinterlassenschaft f\u00fcr kommende Generationen sichert. Begleite uns auf diesem Weg in eine bessere Zukunft.  \n\n<\/div>\n<\/div>\n<\/div>\n<\/div>\n<\/div>\n<\/div>\n<\/div>\n<\/div>\t\t\t\t\t\t\t\t<\/div>\n\t\t\t\t<\/div>\n\t\t\t\t\t<\/div>\n\t\t<\/div>\n\t\t\t\t\t<\/div>\n\t\t<\/section>\n\t\t\t\t<section class=\"elementor-section elementor-top-section elementor-element elementor-element-7ef86bc8 elementor-section-boxed elementor-section-height-default elementor-section-height-default\" data-id=\"7ef86bc8\" data-element_type=\"section\" data-e-type=\"section\">\n\t\t\t\t\t\t<div class=\"elementor-container elementor-column-gap-default\">\n\t\t\t\t\t<div class=\"elementor-column elementor-col-100 elementor-top-column elementor-element elementor-element-19372eea\" data-id=\"19372eea\" data-element_type=\"column\" data-e-type=\"column\">\n\t\t\t<div class=\"elementor-widget-wrap elementor-element-populated\">\n\t\t\t\t\t\t<div class=\"elementor-element elementor-element-690b98ed elementor-widget elementor-widget-spacer\" data-id=\"690b98ed\" data-element_type=\"widget\" data-e-type=\"widget\" data-widget_type=\"spacer.default\">\n\t\t\t\t<div class=\"elementor-widget-container\">\n\t\t\t\t\t\t\t<div class=\"elementor-spacer\">\n\t\t\t<div class=\"elementor-spacer-inner\"><\/div>\n\t\t<\/div>\n\t\t\t\t\t\t<\/div>\n\t\t\t\t<\/div>\n\t\t\t\t\t<\/div>\n\t\t<\/div>\n\t\t\t\t\t<\/div>\n\t\t<\/section>\n\t\t\t\t<\/div>\n\t\t","protected":false},"excerpt":{"rendered":"<p>\u201eMenschen und Planet st\u00e4rken \u2013 f\u00fcr eine lebenswerte Zukunft\u201c Bei Kilidove Tours &amp; Safaris setzen wir uns daf\u00fcr ein, positive Ver\u00e4nderungen voranzutreiben und eine nachhaltige Zukunft f\u00fcr alle zu gestalten. Unsere Mission basiert auf der \u00dcberzeugung, dass \u00f6kologische, soziale und wirtschaftliche Nachhaltigkeit miteinander verbunden und f\u00fcr das Wohlergehen von Menschen und Planet gleicherma\u00dfen entscheidend sind. [&hellip;]<\/p>\n","protected":false},"author":3,"featured_media":0,"parent":0,"menu_order":0,"comment_status":"closed","ping_status":"closed","template":"","meta":{"_acf_changed":false,"footnotes":""},"class_list":["post-64597","page","type-page","status-publish","hentry"],"acf":[],"yoast_head":"<!-- This site is optimized with the Yoast SEO Premium plugin v26.3 (Yoast SEO v27.5) - https:\/\/yoast.com\/product\/yoast-seo-premium-wordpress\/ -->\n<title>Missionserkl\u00e4rung zur Nachhaltigkeit &#8211; Kilidove Tours<\/title>\n<meta name=\"description\" content=\"Das Unternehmen setzt sich daf\u00fcr ein, Nachhaltigkeitsprinzipien in allen Bereichen seiner T\u00e4tigkeit zu verankern. Eine Nachhaltigkeitspolitik ist f\u00fcr uns ein Muss.\" \/>\n<meta name=\"robots\" content=\"index, follow, max-snippet:-1, max-image-preview:large, max-video-preview:-1\" \/>\n<link rel=\"canonical\" href=\"https:\/\/kilidovetours.com\/de\/missionserklaerung-zur-nachhaltigkeit\/\" \/>\n<meta property=\"og:locale\" content=\"de_DE\" \/>\n<meta property=\"og:type\" content=\"article\" \/>\n<meta property=\"og:title\" content=\"Missionserkl\u00e4rung zur Nachhaltigkeit\" \/>\n<meta property=\"og:description\" content=\"Das Unternehmen setzt sich daf\u00fcr ein, Nachhaltigkeitsprinzipien in allen Bereichen seiner T\u00e4tigkeit zu verankern. Eine Nachhaltigkeitspolitik ist f\u00fcr uns ein Muss.\" \/>\n<meta property=\"og:url\" content=\"https:\/\/kilidovetours.com\/de\/missionserklaerung-zur-nachhaltigkeit\/\" \/>\n<meta property=\"og:site_name\" content=\"Kilidove Tours\" \/>\n<meta property=\"article:publisher\" content=\"https:\/\/www.facebook.com\/kilidovetoursandsafaris\/\" \/>\n<meta property=\"article:modified_time\" content=\"2026-04-15T11:21:59+00:00\" \/>\n<meta property=\"og:image\" content=\"https:\/\/kilidovetours.com\/wp-content\/uploads\/2024\/05\/kilidove-logo.png\" \/>\n\t<meta property=\"og:image:width\" content=\"59\" \/>\n\t<meta property=\"og:image:height\" content=\"59\" \/>\n\t<meta property=\"og:image:type\" content=\"image\/png\" \/>\n<meta name=\"twitter:card\" content=\"summary_large_image\" \/>\n<meta name=\"twitter:site\" content=\"@kilidovetours\" \/>\n<meta name=\"twitter:label1\" content=\"Gesch\u00e4tzte Lesezeit\" \/>\n\t<meta name=\"twitter:data1\" content=\"3\u00a0Minuten\" \/>\n<script type=\"application\/ld+json\" class=\"yoast-schema-graph\">{\"@context\":\"https:\\\/\\\/schema.org\",\"@graph\":[{\"@type\":\"WebPage\",\"@id\":\"https:\\\/\\\/kilidovetours.com\\\/de\\\/missionserklaerung-zur-nachhaltigkeit\\\/\",\"url\":\"https:\\\/\\\/kilidovetours.com\\\/de\\\/missionserklaerung-zur-nachhaltigkeit\\\/\",\"name\":\"Missionserkl\u00e4rung zur Nachhaltigkeit &#8211; Kilidove Tours\",\"isPartOf\":{\"@id\":\"https:\\\/\\\/kilidovetours.com\\\/de\\\/#website\"},\"datePublished\":\"2024-06-19T07:59:46+00:00\",\"dateModified\":\"2026-04-15T11:21:59+00:00\",\"description\":\"Das Unternehmen setzt sich daf\u00fcr ein, Nachhaltigkeitsprinzipien in allen Bereichen seiner T\u00e4tigkeit zu verankern. Eine Nachhaltigkeitspolitik ist f\u00fcr uns ein Muss.\",\"breadcrumb\":{\"@id\":\"https:\\\/\\\/kilidovetours.com\\\/de\\\/missionserklaerung-zur-nachhaltigkeit\\\/#breadcrumb\"},\"inLanguage\":\"de\",\"potentialAction\":[{\"@type\":\"ReadAction\",\"target\":[\"https:\\\/\\\/kilidovetours.com\\\/de\\\/missionserklaerung-zur-nachhaltigkeit\\\/\"]}]},{\"@type\":\"BreadcrumbList\",\"@id\":\"https:\\\/\\\/kilidovetours.com\\\/de\\\/missionserklaerung-zur-nachhaltigkeit\\\/#breadcrumb\",\"itemListElement\":[{\"@type\":\"ListItem\",\"position\":1,\"name\":\"Startseite\",\"item\":\"https:\\\/\\\/kilidovetours.com\\\/de\\\/kilidove-tours-2\\\/\"},{\"@type\":\"ListItem\",\"position\":2,\"name\":\"Missionserkl\u00e4rung zur Nachhaltigkeit\"}]},{\"@type\":\"WebSite\",\"@id\":\"https:\\\/\\\/kilidovetours.com\\\/de\\\/#website\",\"url\":\"https:\\\/\\\/kilidovetours.com\\\/de\\\/\",\"name\":\"KILIDOVE Tours\",\"description\":\"Personalised Private Guided Safari Tours &amp; Treks. Best safari tour agency in Arusha, Tanzania.\",\"publisher\":{\"@id\":\"https:\\\/\\\/kilidovetours.com\\\/de\\\/#organization\"},\"alternateName\":\"KILIDOVE\",\"potentialAction\":[{\"@type\":\"SearchAction\",\"target\":{\"@type\":\"EntryPoint\",\"urlTemplate\":\"https:\\\/\\\/kilidovetours.com\\\/de\\\/?s={search_term_string}\"},\"query-input\":{\"@type\":\"PropertyValueSpecification\",\"valueRequired\":true,\"valueName\":\"search_term_string\"}}],\"inLanguage\":\"de\"},{\"@type\":\"Organization\",\"@id\":\"https:\\\/\\\/kilidovetours.com\\\/de\\\/#organization\",\"name\":\"KILIDOVE Tours\",\"alternateName\":\"KILIDOVE\",\"url\":\"https:\\\/\\\/kilidovetours.com\\\/de\\\/\",\"logo\":{\"@type\":\"ImageObject\",\"inLanguage\":\"de\",\"@id\":\"https:\\\/\\\/kilidovetours.com\\\/de\\\/#\\\/schema\\\/logo\\\/image\\\/\",\"url\":\"https:\\\/\\\/kilidovetours.com\\\/wp-content\\\/uploads\\\/2024\\\/05\\\/kilidove-1.png\",\"contentUrl\":\"https:\\\/\\\/kilidovetours.com\\\/wp-content\\\/uploads\\\/2024\\\/05\\\/kilidove-1.png\",\"width\":118,\"height\":118,\"caption\":\"KILIDOVE Tours\"},\"image\":{\"@id\":\"https:\\\/\\\/kilidovetours.com\\\/de\\\/#\\\/schema\\\/logo\\\/image\\\/\"},\"sameAs\":[\"https:\\\/\\\/www.facebook.com\\\/kilidovetoursandsafaris\\\/\",\"https:\\\/\\\/x.com\\\/kilidovetours\",\"https:\\\/\\\/www.tripadvisor.com\\\/Attraction_Review-g297913-d7790780-Reviews-Kilidove_Tours_And_Safaris-Arusha_Arusha_Region.html\",\"https:\\\/\\\/www.instagram.com\\\/kilidovetours\\\/\",\"https:\\\/\\\/www.youtube.com\\\/user\\\/KilidoveTours\"],\"description\":\"Kilidove Tours &amp; Safaris ist ein f\u00fchrender tansanischer Reiseveranstalter, der personalisierte Safari-Erlebnisse anbietet. Mit Sitz in Arusha sind sie seit \u00fcber 15 Jahren t\u00e4tig und spezialisiert auf Mittelklasse- bis Luxusreisen in Tansania, Kenia, Uganda, Ruanda und Sansibar. Bekannt f\u00fcr exzellente Kundenbewertungen (5\\\/5 auf SafariBookings) und ma\u00dfgeschneiderte Reiserouten.  \",\"email\":\"kili@kilidovetours.com\",\"telephone\":\"+255 787 955 466\",\"legalName\":\"Kilidove tours and safaris private limited\",\"numberOfEmployees\":{\"@type\":\"QuantitativeValue\",\"minValue\":\"11\",\"maxValue\":\"50\"}}]}<\/script>\n<!-- \/ Yoast SEO Premium plugin. -->","yoast_head_json":{"title":"Missionserkl\u00e4rung zur Nachhaltigkeit &#8211; Kilidove Tours","description":"Das Unternehmen setzt sich daf\u00fcr ein, Nachhaltigkeitsprinzipien in allen Bereichen seiner T\u00e4tigkeit zu verankern. Eine Nachhaltigkeitspolitik ist f\u00fcr uns ein Muss.","robots":{"index":"index","follow":"follow","max-snippet":"max-snippet:-1","max-image-preview":"max-image-preview:large","max-video-preview":"max-video-preview:-1"},"canonical":"https:\/\/kilidovetours.com\/de\/missionserklaerung-zur-nachhaltigkeit\/","og_locale":"de_DE","og_type":"article","og_title":"Missionserkl\u00e4rung zur Nachhaltigkeit","og_description":"Das Unternehmen setzt sich daf\u00fcr ein, Nachhaltigkeitsprinzipien in allen Bereichen seiner T\u00e4tigkeit zu verankern. Eine Nachhaltigkeitspolitik ist f\u00fcr uns ein Muss.","og_url":"https:\/\/kilidovetours.com\/de\/missionserklaerung-zur-nachhaltigkeit\/","og_site_name":"Kilidove Tours","article_publisher":"https:\/\/www.facebook.com\/kilidovetoursandsafaris\/","article_modified_time":"2026-04-15T11:21:59+00:00","og_image":[{"width":59,"height":59,"url":"https:\/\/kilidovetours.com\/wp-content\/uploads\/2024\/05\/kilidove-logo.png","type":"image\/png"}],"twitter_card":"summary_large_image","twitter_site":"@kilidovetours","twitter_misc":{"Gesch\u00e4tzte Lesezeit":"3\u00a0Minuten"},"schema":{"@context":"https:\/\/schema.org","@graph":[{"@type":"WebPage","@id":"https:\/\/kilidovetours.com\/de\/missionserklaerung-zur-nachhaltigkeit\/","url":"https:\/\/kilidovetours.com\/de\/missionserklaerung-zur-nachhaltigkeit\/","name":"Missionserkl\u00e4rung zur Nachhaltigkeit &#8211; Kilidove Tours","isPartOf":{"@id":"https:\/\/kilidovetours.com\/de\/#website"},"datePublished":"2024-06-19T07:59:46+00:00","dateModified":"2026-04-15T11:21:59+00:00","description":"Das Unternehmen setzt sich daf\u00fcr ein, Nachhaltigkeitsprinzipien in allen Bereichen seiner T\u00e4tigkeit zu verankern. Eine Nachhaltigkeitspolitik ist f\u00fcr uns ein Muss.","breadcrumb":{"@id":"https:\/\/kilidovetours.com\/de\/missionserklaerung-zur-nachhaltigkeit\/#breadcrumb"},"inLanguage":"de","potentialAction":[{"@type":"ReadAction","target":["https:\/\/kilidovetours.com\/de\/missionserklaerung-zur-nachhaltigkeit\/"]}]},{"@type":"BreadcrumbList","@id":"https:\/\/kilidovetours.com\/de\/missionserklaerung-zur-nachhaltigkeit\/#breadcrumb","itemListElement":[{"@type":"ListItem","position":1,"name":"Startseite","item":"https:\/\/kilidovetours.com\/de\/kilidove-tours-2\/"},{"@type":"ListItem","position":2,"name":"Missionserkl\u00e4rung zur Nachhaltigkeit"}]},{"@type":"WebSite","@id":"https:\/\/kilidovetours.com\/de\/#website","url":"https:\/\/kilidovetours.com\/de\/","name":"KILIDOVE Tours","description":"Personalised Private Guided Safari Tours &amp; Treks. Best safari tour agency in Arusha, Tanzania.","publisher":{"@id":"https:\/\/kilidovetours.com\/de\/#organization"},"alternateName":"KILIDOVE","potentialAction":[{"@type":"SearchAction","target":{"@type":"EntryPoint","urlTemplate":"https:\/\/kilidovetours.com\/de\/?s={search_term_string}"},"query-input":{"@type":"PropertyValueSpecification","valueRequired":true,"valueName":"search_term_string"}}],"inLanguage":"de"},{"@type":"Organization","@id":"https:\/\/kilidovetours.com\/de\/#organization","name":"KILIDOVE Tours","alternateName":"KILIDOVE","url":"https:\/\/kilidovetours.com\/de\/","logo":{"@type":"ImageObject","inLanguage":"de","@id":"https:\/\/kilidovetours.com\/de\/#\/schema\/logo\/image\/","url":"https:\/\/kilidovetours.com\/wp-content\/uploads\/2024\/05\/kilidove-1.png","contentUrl":"https:\/\/kilidovetours.com\/wp-content\/uploads\/2024\/05\/kilidove-1.png","width":118,"height":118,"caption":"KILIDOVE Tours"},"image":{"@id":"https:\/\/kilidovetours.com\/de\/#\/schema\/logo\/image\/"},"sameAs":["https:\/\/www.facebook.com\/kilidovetoursandsafaris\/","https:\/\/x.com\/kilidovetours","https:\/\/www.tripadvisor.com\/Attraction_Review-g297913-d7790780-Reviews-Kilidove_Tours_And_Safaris-Arusha_Arusha_Region.html","https:\/\/www.instagram.com\/kilidovetours\/","https:\/\/www.youtube.com\/user\/KilidoveTours"],"description":"Kilidove Tours &amp; Safaris ist ein f\u00fchrender tansanischer Reiseveranstalter, der personalisierte Safari-Erlebnisse anbietet. Mit Sitz in Arusha sind sie seit \u00fcber 15 Jahren t\u00e4tig und spezialisiert auf Mittelklasse- bis Luxusreisen in Tansania, Kenia, Uganda, Ruanda und Sansibar. Bekannt f\u00fcr exzellente Kundenbewertungen (5\/5 auf SafariBookings) und ma\u00dfgeschneiderte Reiserouten.  ","email":"kili@kilidovetours.com","telephone":"+255 787 955 466","legalName":"Kilidove tours and safaris private limited","numberOfEmployees":{"@type":"QuantitativeValue","minValue":"11","maxValue":"50"}}]}},"_links":{"self":[{"href":"https:\/\/kilidovetours.com\/de\/wp-json\/wp\/v2\/pages\/64597","targetHints":{"allow":["GET"]}}],"collection":[{"href":"https:\/\/kilidovetours.com\/de\/wp-json\/wp\/v2\/pages"}],"about":[{"href":"https:\/\/kilidovetours.com\/de\/wp-json\/wp\/v2\/types\/page"}],"author":[{"embeddable":true,"href":"https:\/\/kilidovetours.com\/de\/wp-json\/wp\/v2\/users\/3"}],"replies":[{"embeddable":true,"href":"https:\/\/kilidovetours.com\/de\/wp-json\/wp\/v2\/comments?post=64597"}],"version-history":[{"count":1,"href":"https:\/\/kilidovetours.com\/de\/wp-json\/wp\/v2\/pages\/64597\/revisions"}],"predecessor-version":[{"id":64598,"href":"https:\/\/kilidovetours.com\/de\/wp-json\/wp\/v2\/pages\/64597\/revisions\/64598"}],"wp:attachment":[{"href":"https:\/\/kilidovetours.com\/de\/wp-json\/wp\/v2\/media?parent=64597"}],"curies":[{"name":"wp","href":"https:\/\/api.w.org\/{rel}","templated":true}]}}