{"id":64691,"date":"2020-04-22T11:34:00","date_gmt":"2020-04-22T11:34:00","guid":{"rendered":"https:\/\/kilidovetours.com\/?page_id=64691"},"modified":"2026-04-15T11:14:58","modified_gmt":"2026-04-15T11:14:58","slug":"blog","status":"publish","type":"page","link":"https:\/\/kilidovetours.com\/de\/blog\/","title":{"rendered":"Blog"},"content":{"rendered":"\t\t<div data-elementor-type=\"wp-page\" data-elementor-id=\"64691\" class=\"elementor elementor-64691 elementor-372\" data-elementor-post-type=\"page\">\n\t\t\t\t<div class=\"elementor-element elementor-element-aa3f8bb e-flex e-con-boxed e-con e-parent\" data-id=\"aa3f8bb\" data-element_type=\"container\" data-e-type=\"container\" data-settings=\"{&quot;background_background&quot;:&quot;classic&quot;}\">\n\t\t\t\t\t<div class=\"e-con-inner\">\n\t\t\t\t<div class=\"elementor-element elementor-element-f6cc497 elementor-align-center elementor-widget elementor-widget-breadcrumbs\" data-id=\"f6cc497\" data-element_type=\"widget\" data-e-type=\"widget\" data-widget_type=\"breadcrumbs.default\">\n\t\t\t\t<div class=\"elementor-widget-container\">\n\t\t\t\t\t<p id=\"breadcrumbs\"><span><span><a href=\"https:\/\/kilidovetours.com\/de\/\">Startseite<\/a><\/span><\/span><\/p>\t\t\t\t<\/div>\n\t\t\t\t<\/div>\n\t\t\t\t\t<\/div>\n\t\t\t\t<\/div>\n\t\t<div class=\"elementor-element elementor-element-a5dc81e e-flex e-con-boxed e-con e-parent\" data-id=\"a5dc81e\" data-element_type=\"container\" data-e-type=\"container\" data-settings=\"{&quot;background_background&quot;:&quot;classic&quot;}\">\n\t\t\t\t\t<div class=\"e-con-inner\">\n\t\t\t\t\t<\/div>\n\t\t\t\t<\/div>\n\t\t\t\t<\/div>\n\t\t","protected":false},"excerpt":{"rendered":"","protected":false},"author":3,"featured_media":0,"parent":0,"menu_order":0,"comment_status":"closed","ping_status":"closed","template":"","meta":{"_acf_changed":false,"footnotes":""},"class_list":["post-64691","page","type-page","status-publish","hentry"],"acf":[],"yoast_head":"<!-- This site is optimized with the Yoast SEO Premium plugin v26.3 (Yoast SEO v27.4) - https:\/\/yoast.com\/product\/yoast-seo-premium-wordpress\/ -->\n<title>Abenteuer wartet \u2013 Geschichten und Reisef\u00fchrer von Kilidove Tours<\/title>\n<meta name=\"description\" content=\"Willkommen auf unserem Blog, um mehr \u00fcber verschiedene Themen, Artikel und Geschichten \u00fcber unsere Naturschutz- und Nachhaltigkeitspraktiken in Ostafrika zu erfahren\" \/>\n<meta name=\"robots\" content=\"index, follow, max-snippet:-1, max-image-preview:large, max-video-preview:-1\" \/>\n<link rel=\"canonical\" href=\"https:\/\/kilidovetours.com\/de\/blog\/\" \/>\n<meta property=\"og:locale\" content=\"de_DE\" \/>\n<meta property=\"og:type\" content=\"article\" \/>\n<meta property=\"og:title\" content=\"Blog\" \/>\n<meta property=\"og:description\" content=\"Willkommen auf unserem Blog, um mehr \u00fcber verschiedene Themen, Artikel und Geschichten \u00fcber unsere Naturschutz- und Nachhaltigkeitspraktiken in Ostafrika zu erfahren\" \/>\n<meta property=\"og:url\" content=\"https:\/\/kilidovetours.com\/de\/blog\/\" \/>\n<meta property=\"og:site_name\" content=\"Kilidove Tours\" \/>\n<meta property=\"article:publisher\" content=\"https:\/\/www.facebook.com\/kilidovetoursandsafaris\/\" \/>\n<meta property=\"article:modified_time\" content=\"2026-04-15T11:14:58+00:00\" \/>\n<meta property=\"og:image\" content=\"https:\/\/kilidovetours.com\/wp-content\/uploads\/2024\/05\/kilidove-logo.png\" \/>\n\t<meta property=\"og:image:width\" content=\"59\" \/>\n\t<meta property=\"og:image:height\" content=\"59\" \/>\n\t<meta property=\"og:image:type\" content=\"image\/png\" \/>\n<meta name=\"twitter:card\" content=\"summary_large_image\" \/>\n<meta name=\"twitter:site\" content=\"@kilidovetours\" \/>\n<script type=\"application\/ld+json\" class=\"yoast-schema-graph\">{\"@context\":\"https:\\\/\\\/schema.org\",\"@graph\":[{\"@type\":\"WebPage\",\"@id\":\"https:\\\/\\\/kilidovetours.com\\\/de\\\/blog\\\/\",\"url\":\"https:\\\/\\\/kilidovetours.com\\\/de\\\/blog\\\/\",\"name\":\"Abenteuer wartet \u2013 Geschichten und Reisef\u00fchrer von Kilidove Tours\",\"isPartOf\":{\"@id\":\"https:\\\/\\\/kilidovetours.com\\\/de\\\/#website\"},\"datePublished\":\"2020-04-22T11:34:00+00:00\",\"dateModified\":\"2026-04-15T11:14:58+00:00\",\"description\":\"Willkommen auf unserem Blog, um mehr \u00fcber verschiedene Themen, Artikel und Geschichten \u00fcber unsere Naturschutz- und Nachhaltigkeitspraktiken in Ostafrika zu erfahren\",\"breadcrumb\":{\"@id\":\"https:\\\/\\\/kilidovetours.com\\\/de\\\/blog\\\/#breadcrumb\"},\"inLanguage\":\"de\",\"potentialAction\":[{\"@type\":\"ReadAction\",\"target\":[\"https:\\\/\\\/kilidovetours.com\\\/de\\\/blog\\\/\"]}]},{\"@type\":\"BreadcrumbList\",\"@id\":\"https:\\\/\\\/kilidovetours.com\\\/de\\\/blog\\\/#breadcrumb\",\"itemListElement\":[{\"@type\":\"ListItem\",\"position\":1,\"name\":\"Startseite\",\"item\":\"https:\\\/\\\/kilidovetours.com\\\/de\\\/\"},{\"@type\":\"ListItem\",\"position\":2,\"name\":\"Blog\"}]},{\"@type\":\"WebSite\",\"@id\":\"https:\\\/\\\/kilidovetours.com\\\/de\\\/#website\",\"url\":\"https:\\\/\\\/kilidovetours.com\\\/de\\\/\",\"name\":\"KILIDOVE Tours\",\"description\":\"Personalised Private Guided Safari Tours &amp; Treks. Best safari tour agency in Arusha, Tanzania.\",\"publisher\":{\"@id\":\"https:\\\/\\\/kilidovetours.com\\\/de\\\/#organization\"},\"alternateName\":\"KILIDOVE\",\"potentialAction\":[{\"@type\":\"SearchAction\",\"target\":{\"@type\":\"EntryPoint\",\"urlTemplate\":\"https:\\\/\\\/kilidovetours.com\\\/de\\\/?s={search_term_string}\"},\"query-input\":{\"@type\":\"PropertyValueSpecification\",\"valueRequired\":true,\"valueName\":\"search_term_string\"}}],\"inLanguage\":\"de\"},{\"@type\":\"Organization\",\"@id\":\"https:\\\/\\\/kilidovetours.com\\\/de\\\/#organization\",\"name\":\"KILIDOVE Tours\",\"alternateName\":\"KILIDOVE\",\"url\":\"https:\\\/\\\/kilidovetours.com\\\/de\\\/\",\"logo\":{\"@type\":\"ImageObject\",\"inLanguage\":\"de\",\"@id\":\"https:\\\/\\\/kilidovetours.com\\\/de\\\/#\\\/schema\\\/logo\\\/image\\\/\",\"url\":\"https:\\\/\\\/kilidovetours.com\\\/wp-content\\\/uploads\\\/2024\\\/05\\\/kilidove-1.png\",\"contentUrl\":\"https:\\\/\\\/kilidovetours.com\\\/wp-content\\\/uploads\\\/2024\\\/05\\\/kilidove-1.png\",\"width\":118,\"height\":118,\"caption\":\"KILIDOVE Tours\"},\"image\":{\"@id\":\"https:\\\/\\\/kilidovetours.com\\\/de\\\/#\\\/schema\\\/logo\\\/image\\\/\"},\"sameAs\":[\"https:\\\/\\\/www.facebook.com\\\/kilidovetoursandsafaris\\\/\",\"https:\\\/\\\/x.com\\\/kilidovetours\",\"https:\\\/\\\/www.tripadvisor.com\\\/Attraction_Review-g297913-d7790780-Reviews-Kilidove_Tours_And_Safaris-Arusha_Arusha_Region.html\",\"https:\\\/\\\/www.instagram.com\\\/kilidovetours\\\/\",\"https:\\\/\\\/www.youtube.com\\\/user\\\/KilidoveTours\"],\"description\":\"Kilidove Tours &amp; Safaris ist ein f\u00fchrender tansanischer Reiseveranstalter, der personalisierte Safari-Erlebnisse anbietet. Mit Sitz in Arusha sind sie seit \u00fcber 15 Jahren t\u00e4tig und spezialisiert auf Mittelklasse- bis Luxusreisen in Tansania, Kenia, Uganda, Ruanda und Sansibar. Bekannt f\u00fcr exzellente Kundenbewertungen (5\\\/5 auf SafariBookings) und ma\u00dfgeschneiderte Reiserouten.  \",\"email\":\"kili@kilidovetours.com\",\"telephone\":\"+255 787 955 466\",\"legalName\":\"Kilidove tours and safaris private limited\",\"numberOfEmployees\":{\"@type\":\"QuantitativeValue\",\"minValue\":\"11\",\"maxValue\":\"50\"}}]}<\/script>\n<!-- \/ Yoast SEO Premium plugin. -->","yoast_head_json":{"title":"Abenteuer wartet \u2013 Geschichten und Reisef\u00fchrer von Kilidove Tours","description":"Willkommen auf unserem Blog, um mehr \u00fcber verschiedene Themen, Artikel und Geschichten \u00fcber unsere Naturschutz- und Nachhaltigkeitspraktiken in Ostafrika zu erfahren","robots":{"index":"index","follow":"follow","max-snippet":"max-snippet:-1","max-image-preview":"max-image-preview:large","max-video-preview":"max-video-preview:-1"},"canonical":"https:\/\/kilidovetours.com\/de\/blog\/","og_locale":"de_DE","og_type":"article","og_title":"Blog","og_description":"Willkommen auf unserem Blog, um mehr \u00fcber verschiedene Themen, Artikel und Geschichten \u00fcber unsere Naturschutz- und Nachhaltigkeitspraktiken in Ostafrika zu erfahren","og_url":"https:\/\/kilidovetours.com\/de\/blog\/","og_site_name":"Kilidove Tours","article_publisher":"https:\/\/www.facebook.com\/kilidovetoursandsafaris\/","article_modified_time":"2026-04-15T11:14:58+00:00","og_image":[{"width":59,"height":59,"url":"https:\/\/kilidovetours.com\/wp-content\/uploads\/2024\/05\/kilidove-logo.png","type":"image\/png"}],"twitter_card":"summary_large_image","twitter_site":"@kilidovetours","schema":{"@context":"https:\/\/schema.org","@graph":[{"@type":"WebPage","@id":"https:\/\/kilidovetours.com\/de\/blog\/","url":"https:\/\/kilidovetours.com\/de\/blog\/","name":"Abenteuer wartet \u2013 Geschichten und Reisef\u00fchrer von Kilidove Tours","isPartOf":{"@id":"https:\/\/kilidovetours.com\/de\/#website"},"datePublished":"2020-04-22T11:34:00+00:00","dateModified":"2026-04-15T11:14:58+00:00","description":"Willkommen auf unserem Blog, um mehr \u00fcber verschiedene Themen, Artikel und Geschichten \u00fcber unsere Naturschutz- und Nachhaltigkeitspraktiken in Ostafrika zu erfahren","breadcrumb":{"@id":"https:\/\/kilidovetours.com\/de\/blog\/#breadcrumb"},"inLanguage":"de","potentialAction":[{"@type":"ReadAction","target":["https:\/\/kilidovetours.com\/de\/blog\/"]}]},{"@type":"BreadcrumbList","@id":"https:\/\/kilidovetours.com\/de\/blog\/#breadcrumb","itemListElement":[{"@type":"ListItem","position":1,"name":"Startseite","item":"https:\/\/kilidovetours.com\/de\/"},{"@type":"ListItem","position":2,"name":"Blog"}]},{"@type":"WebSite","@id":"https:\/\/kilidovetours.com\/de\/#website","url":"https:\/\/kilidovetours.com\/de\/","name":"KILIDOVE Tours","description":"Personalised Private Guided Safari Tours &amp; Treks. Best safari tour agency in Arusha, Tanzania.","publisher":{"@id":"https:\/\/kilidovetours.com\/de\/#organization"},"alternateName":"KILIDOVE","potentialAction":[{"@type":"SearchAction","target":{"@type":"EntryPoint","urlTemplate":"https:\/\/kilidovetours.com\/de\/?s={search_term_string}"},"query-input":{"@type":"PropertyValueSpecification","valueRequired":true,"valueName":"search_term_string"}}],"inLanguage":"de"},{"@type":"Organization","@id":"https:\/\/kilidovetours.com\/de\/#organization","name":"KILIDOVE Tours","alternateName":"KILIDOVE","url":"https:\/\/kilidovetours.com\/de\/","logo":{"@type":"ImageObject","inLanguage":"de","@id":"https:\/\/kilidovetours.com\/de\/#\/schema\/logo\/image\/","url":"https:\/\/kilidovetours.com\/wp-content\/uploads\/2024\/05\/kilidove-1.png","contentUrl":"https:\/\/kilidovetours.com\/wp-content\/uploads\/2024\/05\/kilidove-1.png","width":118,"height":118,"caption":"KILIDOVE Tours"},"image":{"@id":"https:\/\/kilidovetours.com\/de\/#\/schema\/logo\/image\/"},"sameAs":["https:\/\/www.facebook.com\/kilidovetoursandsafaris\/","https:\/\/x.com\/kilidovetours","https:\/\/www.tripadvisor.com\/Attraction_Review-g297913-d7790780-Reviews-Kilidove_Tours_And_Safaris-Arusha_Arusha_Region.html","https:\/\/www.instagram.com\/kilidovetours\/","https:\/\/www.youtube.com\/user\/KilidoveTours"],"description":"Kilidove Tours &amp; Safaris ist ein f\u00fchrender tansanischer Reiseveranstalter, der personalisierte Safari-Erlebnisse anbietet. Mit Sitz in Arusha sind sie seit \u00fcber 15 Jahren t\u00e4tig und spezialisiert auf Mittelklasse- bis Luxusreisen in Tansania, Kenia, Uganda, Ruanda und Sansibar. Bekannt f\u00fcr exzellente Kundenbewertungen (5\/5 auf SafariBookings) und ma\u00dfgeschneiderte Reiserouten.  ","email":"kili@kilidovetours.com","telephone":"+255 787 955 466","legalName":"Kilidove tours and safaris private limited","numberOfEmployees":{"@type":"QuantitativeValue","minValue":"11","maxValue":"50"}}]}},"_links":{"self":[{"href":"https:\/\/kilidovetours.com\/de\/wp-json\/wp\/v2\/pages\/64691","targetHints":{"allow":["GET"]}}],"collection":[{"href":"https:\/\/kilidovetours.com\/de\/wp-json\/wp\/v2\/pages"}],"about":[{"href":"https:\/\/kilidovetours.com\/de\/wp-json\/wp\/v2\/types\/page"}],"author":[{"embeddable":true,"href":"https:\/\/kilidovetours.com\/de\/wp-json\/wp\/v2\/users\/3"}],"replies":[{"embeddable":true,"href":"https:\/\/kilidovetours.com\/de\/wp-json\/wp\/v2\/comments?post=64691"}],"version-history":[{"count":1,"href":"https:\/\/kilidovetours.com\/de\/wp-json\/wp\/v2\/pages\/64691\/revisions"}],"predecessor-version":[{"id":64692,"href":"https:\/\/kilidovetours.com\/de\/wp-json\/wp\/v2\/pages\/64691\/revisions\/64692"}],"wp:attachment":[{"href":"https:\/\/kilidovetours.com\/de\/wp-json\/wp\/v2\/media?parent=64691"}],"curies":[{"name":"wp","href":"https:\/\/api.w.org\/{rel}","templated":true}]}}