{"id":64765,"date":"2024-06-19T07:54:56","date_gmt":"2024-06-19T07:54:56","guid":{"rendered":"https:\/\/kilidovetours.com\/?page_id=64765"},"modified":"2026-04-15T11:16:27","modified_gmt":"2026-04-15T11:16:27","slug":"datenschutzerklaerung-fuer-kunden","status":"publish","type":"page","link":"https:\/\/kilidovetours.com\/de\/datenschutzerklaerung-fuer-kunden\/","title":{"rendered":"Datenschutzerkl\u00e4rung f\u00fcr Kunden"},"content":{"rendered":"\t\t<div data-elementor-type=\"wp-page\" data-elementor-id=\"64765\" class=\"elementor elementor-64765 elementor-37403\" data-elementor-post-type=\"page\">\n\t\t\t\t\t\t<section class=\"elementor-section elementor-top-section elementor-element elementor-element-2b1184b0 elementor-section-boxed elementor-section-height-default elementor-section-height-default\" data-id=\"2b1184b0\" data-element_type=\"section\" data-e-type=\"section\" data-settings=\"{&quot;background_background&quot;:&quot;classic&quot;}\">\n\t\t\t\t\t\t<div class=\"elementor-container elementor-column-gap-default\">\n\t\t\t\t\t<div class=\"elementor-column elementor-col-100 elementor-top-column elementor-element elementor-element-153e1c19\" data-id=\"153e1c19\" data-element_type=\"column\" data-e-type=\"column\">\n\t\t\t<div class=\"elementor-widget-wrap elementor-element-populated\">\n\t\t\t\t\t\t<div class=\"elementor-element elementor-element-54db29de elementor-widget elementor-widget-text-editor\" data-id=\"54db29de\" data-element_type=\"widget\" data-e-type=\"widget\" data-widget_type=\"text-editor.default\">\n\t\t\t\t<div class=\"elementor-widget-container\">\n\t\t\t\t\t\t\t\t\t<div class=\"page\" title=\"Seite 1\">\n<div class=\"section\">\n<div class=\"layoutArea\">\n<div class=\"column\">\n<p><\/p>\n<h3><strong>Unsere Datenschutzerkl\u00e4rung<\/strong><\/h3>\n<p>Bei Kilidove Tours setzen wir uns f\u00fcr den Schutz deiner Privatsph\u00e4re und die Sicherheit deiner pers\u00f6nlichen Daten ein. Wir gehen verantwortungsbewusst mit allen Daten um und bieten unseren Reisenden in ganz Ostafrika gleichzeitig ein reibungsloses Erlebnis. <\/p>\n<p>Alle Details findest du in unserer <strong><a href=\"https:\/\/kilidovetours.com\/wp-content\/uploads\/2025\/03\/Kilidove-Tours-Safaris-Customer-Privacy-Policy2025.pdf\">Datenschutzerkl\u00e4rung hier (PDF)<\/a><\/strong>.<\/p>\n<\/div>\n<\/div>\n<\/div>\n<\/div>\t\t\t\t\t\t\t\t<\/div>\n\t\t\t\t<\/div>\n\t\t\t\t\t<\/div>\n\t\t<\/div>\n\t\t\t\t\t<\/div>\n\t\t<\/section>\n\t\t\t\t<section class=\"elementor-section elementor-top-section elementor-element elementor-element-7ef86bc8 elementor-section-boxed elementor-section-height-default elementor-section-height-default\" data-id=\"7ef86bc8\" data-element_type=\"section\" data-e-type=\"section\">\n\t\t\t\t\t\t<div class=\"elementor-container elementor-column-gap-default\">\n\t\t\t\t\t<div class=\"elementor-column elementor-col-100 elementor-top-column elementor-element elementor-element-19372eea\" data-id=\"19372eea\" data-element_type=\"column\" data-e-type=\"column\">\n\t\t\t<div class=\"elementor-widget-wrap elementor-element-populated\">\n\t\t\t\t\t\t<div class=\"elementor-element elementor-element-690b98ed elementor-widget elementor-widget-spacer\" data-id=\"690b98ed\" data-element_type=\"widget\" data-e-type=\"widget\" data-widget_type=\"spacer.default\">\n\t\t\t\t<div class=\"elementor-widget-container\">\n\t\t\t\t\t\t\t<div class=\"elementor-spacer\">\n\t\t\t<div class=\"elementor-spacer-inner\"><\/div>\n\t\t<\/div>\n\t\t\t\t\t\t<\/div>\n\t\t\t\t<\/div>\n\t\t\t\t\t<\/div>\n\t\t<\/div>\n\t\t\t\t\t<\/div>\n\t\t<\/section>\n\t\t\t\t<\/div>\n\t\t","protected":false},"excerpt":{"rendered":"<p>Unsere Datenschutzerkl\u00e4rung Bei Kilidove Tours setzen wir uns f\u00fcr den Schutz deiner Privatsph\u00e4re und die Sicherheit deiner pers\u00f6nlichen Daten ein. Wir gehen verantwortungsbewusst mit allen Daten um und bieten unseren Reisenden in ganz Ostafrika gleichzeitig ein reibungsloses Erlebnis. Alle Details findest du in unserer Datenschutzerkl\u00e4rung hier (PDF).<\/p>\n","protected":false},"author":3,"featured_media":0,"parent":0,"menu_order":0,"comment_status":"closed","ping_status":"closed","template":"","meta":{"_acf_changed":false,"footnotes":""},"class_list":["post-64765","page","type-page","status-publish","hentry"],"acf":[],"yoast_head":"<!-- This site is optimized with the Yoast SEO Premium plugin v26.3 (Yoast SEO v27.4) - https:\/\/yoast.com\/product\/yoast-seo-premium-wordpress\/ -->\n<title>Unsere Datenschutzerkl\u00e4rung f\u00fcr Kunden \u2013 Kilidove Tours<\/title>\n<meta name=\"description\" content=\"Kilidove Tours \u00b7 Individuelle Safaris, Touren und Trekking in Tansania \u00b7 Genie\u00dfe das Kilidove Tours Erlebnis.\" \/>\n<meta name=\"robots\" content=\"index, follow, max-snippet:-1, max-image-preview:large, max-video-preview:-1\" \/>\n<link rel=\"canonical\" href=\"https:\/\/kilidovetours.com\/de\/datenschutzerklaerung-fuer-kunden\/\" \/>\n<meta property=\"og:locale\" content=\"de_DE\" \/>\n<meta property=\"og:type\" content=\"article\" \/>\n<meta property=\"og:title\" content=\"Datenschutzerkl\u00e4rung f\u00fcr Kunden\" \/>\n<meta property=\"og:description\" content=\"Kilidove Tours \u00b7 Individuelle Safaris, Touren und Trekking in Tansania \u00b7 Genie\u00dfe das Kilidove Tours Erlebnis.\" \/>\n<meta property=\"og:url\" content=\"https:\/\/kilidovetours.com\/de\/datenschutzerklaerung-fuer-kunden\/\" \/>\n<meta property=\"og:site_name\" content=\"Kilidove Tours\" \/>\n<meta property=\"article:publisher\" content=\"https:\/\/www.facebook.com\/kilidovetoursandsafaris\/\" \/>\n<meta property=\"article:modified_time\" content=\"2026-04-15T11:16:27+00:00\" \/>\n<meta property=\"og:image\" content=\"https:\/\/kilidovetours.com\/wp-content\/uploads\/2024\/05\/kilidove-logo.png\" \/>\n\t<meta property=\"og:image:width\" content=\"59\" \/>\n\t<meta property=\"og:image:height\" content=\"59\" \/>\n\t<meta property=\"og:image:type\" content=\"image\/png\" \/>\n<meta name=\"twitter:card\" content=\"summary_large_image\" \/>\n<meta name=\"twitter:site\" content=\"@kilidovetours\" \/>\n<script type=\"application\/ld+json\" class=\"yoast-schema-graph\">{\"@context\":\"https:\\\/\\\/schema.org\",\"@graph\":[{\"@type\":\"WebPage\",\"@id\":\"https:\\\/\\\/kilidovetours.com\\\/de\\\/datenschutzerklaerung-fuer-kunden\\\/\",\"url\":\"https:\\\/\\\/kilidovetours.com\\\/de\\\/datenschutzerklaerung-fuer-kunden\\\/\",\"name\":\"Unsere Datenschutzerkl\u00e4rung f\u00fcr Kunden \u2013 Kilidove Tours\",\"isPartOf\":{\"@id\":\"https:\\\/\\\/kilidovetours.com\\\/de\\\/#website\"},\"datePublished\":\"2024-06-19T07:54:56+00:00\",\"dateModified\":\"2026-04-15T11:16:27+00:00\",\"description\":\"Kilidove Tours \u00b7 Individuelle Safaris, Touren und Trekking in Tansania \u00b7 Genie\u00dfe das Kilidove Tours Erlebnis.\",\"breadcrumb\":{\"@id\":\"https:\\\/\\\/kilidovetours.com\\\/de\\\/datenschutzerklaerung-fuer-kunden\\\/#breadcrumb\"},\"inLanguage\":\"de\",\"potentialAction\":[{\"@type\":\"ReadAction\",\"target\":[\"https:\\\/\\\/kilidovetours.com\\\/de\\\/datenschutzerklaerung-fuer-kunden\\\/\"]}]},{\"@type\":\"BreadcrumbList\",\"@id\":\"https:\\\/\\\/kilidovetours.com\\\/de\\\/datenschutzerklaerung-fuer-kunden\\\/#breadcrumb\",\"itemListElement\":[{\"@type\":\"ListItem\",\"position\":1,\"name\":\"Startseite\",\"item\":\"https:\\\/\\\/kilidovetours.com\\\/de\\\/kilidove-tours-2\\\/\"},{\"@type\":\"ListItem\",\"position\":2,\"name\":\"Datenschutzerkl\u00e4rung f\u00fcr Kunden\"}]},{\"@type\":\"WebSite\",\"@id\":\"https:\\\/\\\/kilidovetours.com\\\/de\\\/#website\",\"url\":\"https:\\\/\\\/kilidovetours.com\\\/de\\\/\",\"name\":\"KILIDOVE Tours\",\"description\":\"Personalised Private Guided Safari Tours &amp; Treks. Best safari tour agency in Arusha, Tanzania.\",\"publisher\":{\"@id\":\"https:\\\/\\\/kilidovetours.com\\\/de\\\/#organization\"},\"alternateName\":\"KILIDOVE\",\"potentialAction\":[{\"@type\":\"SearchAction\",\"target\":{\"@type\":\"EntryPoint\",\"urlTemplate\":\"https:\\\/\\\/kilidovetours.com\\\/de\\\/?s={search_term_string}\"},\"query-input\":{\"@type\":\"PropertyValueSpecification\",\"valueRequired\":true,\"valueName\":\"search_term_string\"}}],\"inLanguage\":\"de\"},{\"@type\":\"Organization\",\"@id\":\"https:\\\/\\\/kilidovetours.com\\\/de\\\/#organization\",\"name\":\"KILIDOVE Tours\",\"alternateName\":\"KILIDOVE\",\"url\":\"https:\\\/\\\/kilidovetours.com\\\/de\\\/\",\"logo\":{\"@type\":\"ImageObject\",\"inLanguage\":\"de\",\"@id\":\"https:\\\/\\\/kilidovetours.com\\\/de\\\/#\\\/schema\\\/logo\\\/image\\\/\",\"url\":\"https:\\\/\\\/kilidovetours.com\\\/wp-content\\\/uploads\\\/2024\\\/05\\\/kilidove-1.png\",\"contentUrl\":\"https:\\\/\\\/kilidovetours.com\\\/wp-content\\\/uploads\\\/2024\\\/05\\\/kilidove-1.png\",\"width\":118,\"height\":118,\"caption\":\"KILIDOVE Tours\"},\"image\":{\"@id\":\"https:\\\/\\\/kilidovetours.com\\\/de\\\/#\\\/schema\\\/logo\\\/image\\\/\"},\"sameAs\":[\"https:\\\/\\\/www.facebook.com\\\/kilidovetoursandsafaris\\\/\",\"https:\\\/\\\/x.com\\\/kilidovetours\",\"https:\\\/\\\/www.tripadvisor.com\\\/Attraction_Review-g297913-d7790780-Reviews-Kilidove_Tours_And_Safaris-Arusha_Arusha_Region.html\",\"https:\\\/\\\/www.instagram.com\\\/kilidovetours\\\/\",\"https:\\\/\\\/www.youtube.com\\\/user\\\/KilidoveTours\"],\"description\":\"Kilidove Tours &amp; Safaris ist ein f\u00fchrender tansanischer Reiseveranstalter, der personalisierte Safari-Erlebnisse anbietet. Mit Sitz in Arusha sind sie seit \u00fcber 15 Jahren t\u00e4tig und spezialisiert auf Mittelklasse- bis Luxusreisen in Tansania, Kenia, Uganda, Ruanda und Sansibar. Bekannt f\u00fcr exzellente Kundenbewertungen (5\\\/5 auf SafariBookings) und ma\u00dfgeschneiderte Reiserouten.  \",\"email\":\"kili@kilidovetours.com\",\"telephone\":\"+255 787 955 466\",\"legalName\":\"Kilidove tours and safaris private limited\",\"numberOfEmployees\":{\"@type\":\"QuantitativeValue\",\"minValue\":\"11\",\"maxValue\":\"50\"}}]}<\/script>\n<!-- \/ Yoast SEO Premium plugin. -->","yoast_head_json":{"title":"Unsere Datenschutzerkl\u00e4rung f\u00fcr Kunden \u2013 Kilidove Tours","description":"Kilidove Tours \u00b7 Individuelle Safaris, Touren und Trekking in Tansania \u00b7 Genie\u00dfe das Kilidove Tours Erlebnis.","robots":{"index":"index","follow":"follow","max-snippet":"max-snippet:-1","max-image-preview":"max-image-preview:large","max-video-preview":"max-video-preview:-1"},"canonical":"https:\/\/kilidovetours.com\/de\/datenschutzerklaerung-fuer-kunden\/","og_locale":"de_DE","og_type":"article","og_title":"Datenschutzerkl\u00e4rung f\u00fcr Kunden","og_description":"Kilidove Tours \u00b7 Individuelle Safaris, Touren und Trekking in Tansania \u00b7 Genie\u00dfe das Kilidove Tours Erlebnis.","og_url":"https:\/\/kilidovetours.com\/de\/datenschutzerklaerung-fuer-kunden\/","og_site_name":"Kilidove Tours","article_publisher":"https:\/\/www.facebook.com\/kilidovetoursandsafaris\/","article_modified_time":"2026-04-15T11:16:27+00:00","og_image":[{"width":59,"height":59,"url":"https:\/\/kilidovetours.com\/wp-content\/uploads\/2024\/05\/kilidove-logo.png","type":"image\/png"}],"twitter_card":"summary_large_image","twitter_site":"@kilidovetours","schema":{"@context":"https:\/\/schema.org","@graph":[{"@type":"WebPage","@id":"https:\/\/kilidovetours.com\/de\/datenschutzerklaerung-fuer-kunden\/","url":"https:\/\/kilidovetours.com\/de\/datenschutzerklaerung-fuer-kunden\/","name":"Unsere Datenschutzerkl\u00e4rung f\u00fcr Kunden \u2013 Kilidove Tours","isPartOf":{"@id":"https:\/\/kilidovetours.com\/de\/#website"},"datePublished":"2024-06-19T07:54:56+00:00","dateModified":"2026-04-15T11:16:27+00:00","description":"Kilidove Tours \u00b7 Individuelle Safaris, Touren und Trekking in Tansania \u00b7 Genie\u00dfe das Kilidove Tours Erlebnis.","breadcrumb":{"@id":"https:\/\/kilidovetours.com\/de\/datenschutzerklaerung-fuer-kunden\/#breadcrumb"},"inLanguage":"de","potentialAction":[{"@type":"ReadAction","target":["https:\/\/kilidovetours.com\/de\/datenschutzerklaerung-fuer-kunden\/"]}]},{"@type":"BreadcrumbList","@id":"https:\/\/kilidovetours.com\/de\/datenschutzerklaerung-fuer-kunden\/#breadcrumb","itemListElement":[{"@type":"ListItem","position":1,"name":"Startseite","item":"https:\/\/kilidovetours.com\/de\/kilidove-tours-2\/"},{"@type":"ListItem","position":2,"name":"Datenschutzerkl\u00e4rung f\u00fcr Kunden"}]},{"@type":"WebSite","@id":"https:\/\/kilidovetours.com\/de\/#website","url":"https:\/\/kilidovetours.com\/de\/","name":"KILIDOVE Tours","description":"Personalised Private Guided Safari Tours &amp; Treks. Best safari tour agency in Arusha, Tanzania.","publisher":{"@id":"https:\/\/kilidovetours.com\/de\/#organization"},"alternateName":"KILIDOVE","potentialAction":[{"@type":"SearchAction","target":{"@type":"EntryPoint","urlTemplate":"https:\/\/kilidovetours.com\/de\/?s={search_term_string}"},"query-input":{"@type":"PropertyValueSpecification","valueRequired":true,"valueName":"search_term_string"}}],"inLanguage":"de"},{"@type":"Organization","@id":"https:\/\/kilidovetours.com\/de\/#organization","name":"KILIDOVE Tours","alternateName":"KILIDOVE","url":"https:\/\/kilidovetours.com\/de\/","logo":{"@type":"ImageObject","inLanguage":"de","@id":"https:\/\/kilidovetours.com\/de\/#\/schema\/logo\/image\/","url":"https:\/\/kilidovetours.com\/wp-content\/uploads\/2024\/05\/kilidove-1.png","contentUrl":"https:\/\/kilidovetours.com\/wp-content\/uploads\/2024\/05\/kilidove-1.png","width":118,"height":118,"caption":"KILIDOVE Tours"},"image":{"@id":"https:\/\/kilidovetours.com\/de\/#\/schema\/logo\/image\/"},"sameAs":["https:\/\/www.facebook.com\/kilidovetoursandsafaris\/","https:\/\/x.com\/kilidovetours","https:\/\/www.tripadvisor.com\/Attraction_Review-g297913-d7790780-Reviews-Kilidove_Tours_And_Safaris-Arusha_Arusha_Region.html","https:\/\/www.instagram.com\/kilidovetours\/","https:\/\/www.youtube.com\/user\/KilidoveTours"],"description":"Kilidove Tours &amp; Safaris ist ein f\u00fchrender tansanischer Reiseveranstalter, der personalisierte Safari-Erlebnisse anbietet. Mit Sitz in Arusha sind sie seit \u00fcber 15 Jahren t\u00e4tig und spezialisiert auf Mittelklasse- bis Luxusreisen in Tansania, Kenia, Uganda, Ruanda und Sansibar. Bekannt f\u00fcr exzellente Kundenbewertungen (5\/5 auf SafariBookings) und ma\u00dfgeschneiderte Reiserouten.  ","email":"kili@kilidovetours.com","telephone":"+255 787 955 466","legalName":"Kilidove tours and safaris private limited","numberOfEmployees":{"@type":"QuantitativeValue","minValue":"11","maxValue":"50"}}]}},"_links":{"self":[{"href":"https:\/\/kilidovetours.com\/de\/wp-json\/wp\/v2\/pages\/64765","targetHints":{"allow":["GET"]}}],"collection":[{"href":"https:\/\/kilidovetours.com\/de\/wp-json\/wp\/v2\/pages"}],"about":[{"href":"https:\/\/kilidovetours.com\/de\/wp-json\/wp\/v2\/types\/page"}],"author":[{"embeddable":true,"href":"https:\/\/kilidovetours.com\/de\/wp-json\/wp\/v2\/users\/3"}],"replies":[{"embeddable":true,"href":"https:\/\/kilidovetours.com\/de\/wp-json\/wp\/v2\/comments?post=64765"}],"version-history":[{"count":1,"href":"https:\/\/kilidovetours.com\/de\/wp-json\/wp\/v2\/pages\/64765\/revisions"}],"predecessor-version":[{"id":64766,"href":"https:\/\/kilidovetours.com\/de\/wp-json\/wp\/v2\/pages\/64765\/revisions\/64766"}],"wp:attachment":[{"href":"https:\/\/kilidovetours.com\/de\/wp-json\/wp\/v2\/media?parent=64765"}],"curies":[{"name":"wp","href":"https:\/\/api.w.org\/{rel}","templated":true}]}}