{"id":65083,"date":"2025-03-19T06:51:08","date_gmt":"2025-03-19T06:51:08","guid":{"rendered":"https:\/\/kilidovetours.com\/?page_id=65083"},"modified":"2026-04-15T11:15:49","modified_gmt":"2026-04-15T11:15:49","slug":"co%e2%82%82-emission-srechner","status":"publish","type":"page","link":"https:\/\/kilidovetours.com\/de\/co%e2%82%82-emission-srechner\/","title":{"rendered":"CO\u2082-Emission srechner"},"content":{"rendered":"\t\t<div data-elementor-type=\"wp-page\" data-elementor-id=\"65083\" class=\"elementor elementor-65083 elementor-48474\" data-elementor-post-type=\"page\">\n\t\t\t\t<div class=\"elementor-element elementor-element-18534bb8 e-flex e-con-boxed e-con e-parent\" data-id=\"18534bb8\" data-element_type=\"container\" data-e-type=\"container\">\n\t\t\t\t\t<div class=\"e-con-inner\">\n\t\t\t\t<div class=\"elementor-element elementor-element-6ff3e693 elementor-widget elementor-widget-text-editor\" data-id=\"6ff3e693\" data-element_type=\"widget\" data-e-type=\"widget\" data-widget_type=\"text-editor.default\">\n\t\t\t\t<div class=\"elementor-widget-container\">\n\t\t\t\t\t\t\t\t\t<div>\n<h3>Treibhausgas-Emissionsrechner<\/h3>\n<label>Transportentfernung (km):<\/label> <input id=\"transport_km\" type=\"number\" value=\"1000\"> <label>Transportart:<\/label><select id=\"transport_type\">\n<option value=\"safari_4x4\">Safari 4&#215;4<\/option>\n<option value=\"car_petrol\">Auto (Benzin)<\/option>\n<option value=\"bus_shared\">Gemeinschaftsbus<\/option>\n<\/select><br><br><label>Anzahl der Passagiere:<\/label> <input id=\"passengers\" type=\"number\" value=\"2\"> <label>Unterkunftsart:<\/label><select id=\"accommodation_type\">\n<option value=\"eco_lodge\">\u00d6ko-Lodge<\/option>\n<option value=\"mid_range_hotel\">Mittelklasse-Hotel<\/option>\n<option value=\"luxury_hotel\">Luxushotel<\/option>\n<\/select><br><br><label>\u00dcbernachtungen:<\/label> <input id=\"nights\" type=\"number\" value=\"3\"> <label>Pirschfahrten:<\/label> <input id=\"game_drives\" type=\"number\" value=\"2\"> <label>Fahrstunden pro Pirschfahrt:<\/label> <input id=\"drive_hours\" type=\"number\" value=\"3\"> <br><label>Ballonsafaris:<\/label> <input id=\"balloon_safaris\" type=\"number\" value=\"1\"> <label>Weitere Safari-Aktivit\u00e4ten (pro Aktivit\u00e4t):<\/label> <input id=\"other_activities\" type=\"number\" value=\"1\"><br><br><button>Emissionen berechnen<\/button>\n<h4>Gesch\u00e4tzte CO\u2082-Emissionen: <span id=\"total_emissions\">0<\/span> kg CO\u2082e<\/h4>\n<\/div>\n<p><script>\nfunction calculateEmissions() {\n    let transportKm = parseFloat(document.getElementById('transport_km').value);\n    let transportType = document.getElementById('transport_type').value;\n    let passengers = parseInt(document.getElementById('passengers').value) || 1;\n    let nights = parseInt(document.getElementById('nights').value);\n    let accommodationType = document.getElementById('accommodation_type').value;\n    let gameDrives = parseInt(document.getElementById('game_drives').value);\n    let driveHours = parseInt(document.getElementById('drive_hours').value);\n    let balloonSafaris = parseInt(document.getElementById('balloon_safaris').value);\n    let otherActivities = parseInt(document.getElementById('other_activities').value);\n    \n    let transportFactors = {\n        'safari_4x4': 0.250,\n        'car_petrol': 0.192,\n        'bus_shared': 0.089\n    };\n    let accommodationFactors = {\n        'eco_lodge': 5,\n        'mid_range_hotel': 15,\n        'luxury_hotel': 30\n    };\n    let activityFactor = 5; \/\/ Game drive emission per hour\n    let balloonFactor = 25; \/\/ Balloon safari emission per trip\n    let otherActivityFactor = 10; \/\/ Other safari activity emission per activity\n    \n    let transportEmissions = (transportKm * (transportFactors[transportType] || 0)) \/ passengers;\n    let accommodationEmissions = nights * (accommodationFactors[accommodationType] || 0);\n    let activityEmissions = gameDrives * driveHours * activityFactor;\n    let balloonEmissions = balloonSafaris * balloonFactor;\n    let otherActivityEmissions = otherActivities * otherActivityFactor;\n    \n    let totalEmissions = transportEmissions + accommodationEmissions + activityEmissions + balloonEmissions + otherActivityEmissions;\n    document.getElementById('total_emissions').innerText = totalEmissions.toFixed(2);\n}\n<\/script><\/p>\t\t\t\t\t\t\t\t<\/div>\n\t\t\t\t<\/div>\n\t\t\t\t\t<\/div>\n\t\t\t\t<\/div>\n\t\t\t\t<\/div>\n\t\t","protected":false},"excerpt":{"rendered":"<p>Treibhausgas-Emissionsrechner Transportentfernung (km): Transportart:Safari 4&#215;4Auto (Benzin)Gemeinschaftsbus Anzahl der Passagiere: Unterkunftsart:\u00d6ko-LodgeMittelklasse-HotelLuxushotel \u00dcbernachtungen: Pirschfahrten: Fahrstunden pro Pirschfahrt: Ballonsafaris: Weitere Safari-Aktivit\u00e4ten (pro Aktivit\u00e4t): Emissionen berechnen Gesch\u00e4tzte CO\u2082-Emissionen: 0 kg CO\u2082e<\/p>\n","protected":false},"author":3,"featured_media":0,"parent":0,"menu_order":0,"comment_status":"closed","ping_status":"closed","template":"","meta":{"_acf_changed":false,"footnotes":""},"class_list":["post-65083","page","type-page","status-publish","hentry"],"acf":[],"yoast_head":"<!-- This site is optimized with the Yoast SEO Premium plugin v26.3 (Yoast SEO v27.4) - https:\/\/yoast.com\/product\/yoast-seo-premium-wordpress\/ -->\n<title>CO\u2082-Emission srechner &#8211; Kilidove Tours<\/title>\n<meta name=\"description\" content=\"CO\u2082-Emissionsrechner f\u00fcr Safari-Aktivit\u00e4ten von Kilidove Tours in Tansania, Ballonsafaris, Kulturtouren und Transport.\" \/>\n<meta name=\"robots\" content=\"index, follow, max-snippet:-1, max-image-preview:large, max-video-preview:-1\" \/>\n<link rel=\"canonical\" href=\"https:\/\/kilidovetours.com\/de\/co%e2%82%82-emission-srechner\/\" \/>\n<meta property=\"og:locale\" content=\"de_DE\" \/>\n<meta property=\"og:type\" content=\"article\" \/>\n<meta property=\"og:title\" content=\"CO\u2082-Emission srechner\" \/>\n<meta property=\"og:description\" content=\"CO\u2082-Emissionsrechner f\u00fcr Safari-Aktivit\u00e4ten von Kilidove Tours in Tansania, Ballonsafaris, Kulturtouren und Transport.\" \/>\n<meta property=\"og:url\" content=\"https:\/\/kilidovetours.com\/de\/co%e2%82%82-emission-srechner\/\" \/>\n<meta property=\"og:site_name\" content=\"Kilidove Tours\" \/>\n<meta property=\"article:publisher\" content=\"https:\/\/www.facebook.com\/kilidovetoursandsafaris\/\" \/>\n<meta property=\"article:modified_time\" content=\"2026-04-15T11:15:49+00:00\" \/>\n<meta property=\"og:image\" content=\"https:\/\/kilidovetours.com\/wp-content\/uploads\/2024\/05\/kilidove-logo.png\" \/>\n\t<meta property=\"og:image:width\" content=\"59\" \/>\n\t<meta property=\"og:image:height\" content=\"59\" \/>\n\t<meta property=\"og:image:type\" content=\"image\/png\" \/>\n<meta name=\"twitter:card\" content=\"summary_large_image\" \/>\n<meta name=\"twitter:site\" content=\"@kilidovetours\" \/>\n<script type=\"application\/ld+json\" class=\"yoast-schema-graph\">{\"@context\":\"https:\\\/\\\/schema.org\",\"@graph\":[{\"@type\":\"WebPage\",\"@id\":\"https:\\\/\\\/kilidovetours.com\\\/de\\\/co%e2%82%82-emission-srechner\\\/\",\"url\":\"https:\\\/\\\/kilidovetours.com\\\/de\\\/co%e2%82%82-emission-srechner\\\/\",\"name\":\"CO\u2082-Emission srechner &#8211; Kilidove Tours\",\"isPartOf\":{\"@id\":\"https:\\\/\\\/kilidovetours.com\\\/de\\\/#website\"},\"datePublished\":\"2025-03-19T06:51:08+00:00\",\"dateModified\":\"2026-04-15T11:15:49+00:00\",\"description\":\"CO\u2082-Emissionsrechner f\u00fcr Safari-Aktivit\u00e4ten von Kilidove Tours in Tansania, Ballonsafaris, Kulturtouren und Transport.\",\"breadcrumb\":{\"@id\":\"https:\\\/\\\/kilidovetours.com\\\/de\\\/co%e2%82%82-emission-srechner\\\/#breadcrumb\"},\"inLanguage\":\"de\",\"potentialAction\":[{\"@type\":\"ReadAction\",\"target\":[\"https:\\\/\\\/kilidovetours.com\\\/de\\\/co%e2%82%82-emission-srechner\\\/\"]}]},{\"@type\":\"BreadcrumbList\",\"@id\":\"https:\\\/\\\/kilidovetours.com\\\/de\\\/co%e2%82%82-emission-srechner\\\/#breadcrumb\",\"itemListElement\":[{\"@type\":\"ListItem\",\"position\":1,\"name\":\"Startseite\",\"item\":\"https:\\\/\\\/kilidovetours.com\\\/de\\\/\"},{\"@type\":\"ListItem\",\"position\":2,\"name\":\"CO\u2082-Emission srechner\"}]},{\"@type\":\"WebSite\",\"@id\":\"https:\\\/\\\/kilidovetours.com\\\/de\\\/#website\",\"url\":\"https:\\\/\\\/kilidovetours.com\\\/de\\\/\",\"name\":\"KILIDOVE Tours\",\"description\":\"Personalised Private Guided Safari Tours &amp; Treks. Best safari tour agency in Arusha, Tanzania.\",\"publisher\":{\"@id\":\"https:\\\/\\\/kilidovetours.com\\\/de\\\/#organization\"},\"alternateName\":\"KILIDOVE\",\"potentialAction\":[{\"@type\":\"SearchAction\",\"target\":{\"@type\":\"EntryPoint\",\"urlTemplate\":\"https:\\\/\\\/kilidovetours.com\\\/de\\\/?s={search_term_string}\"},\"query-input\":{\"@type\":\"PropertyValueSpecification\",\"valueRequired\":true,\"valueName\":\"search_term_string\"}}],\"inLanguage\":\"de\"},{\"@type\":\"Organization\",\"@id\":\"https:\\\/\\\/kilidovetours.com\\\/de\\\/#organization\",\"name\":\"KILIDOVE Tours\",\"alternateName\":\"KILIDOVE\",\"url\":\"https:\\\/\\\/kilidovetours.com\\\/de\\\/\",\"logo\":{\"@type\":\"ImageObject\",\"inLanguage\":\"de\",\"@id\":\"https:\\\/\\\/kilidovetours.com\\\/de\\\/#\\\/schema\\\/logo\\\/image\\\/\",\"url\":\"https:\\\/\\\/kilidovetours.com\\\/wp-content\\\/uploads\\\/2024\\\/05\\\/kilidove-1.png\",\"contentUrl\":\"https:\\\/\\\/kilidovetours.com\\\/wp-content\\\/uploads\\\/2024\\\/05\\\/kilidove-1.png\",\"width\":118,\"height\":118,\"caption\":\"KILIDOVE Tours\"},\"image\":{\"@id\":\"https:\\\/\\\/kilidovetours.com\\\/de\\\/#\\\/schema\\\/logo\\\/image\\\/\"},\"sameAs\":[\"https:\\\/\\\/www.facebook.com\\\/kilidovetoursandsafaris\\\/\",\"https:\\\/\\\/x.com\\\/kilidovetours\",\"https:\\\/\\\/www.tripadvisor.com\\\/Attraction_Review-g297913-d7790780-Reviews-Kilidove_Tours_And_Safaris-Arusha_Arusha_Region.html\",\"https:\\\/\\\/www.instagram.com\\\/kilidovetours\\\/\",\"https:\\\/\\\/www.youtube.com\\\/user\\\/KilidoveTours\"],\"description\":\"Kilidove Tours &amp; Safaris ist ein f\u00fchrender tansanischer Reiseveranstalter, der personalisierte Safari-Erlebnisse anbietet. Mit Sitz in Arusha sind sie seit \u00fcber 15 Jahren t\u00e4tig und spezialisiert auf Mittelklasse- bis Luxusreisen in Tansania, Kenia, Uganda, Ruanda und Sansibar. Bekannt f\u00fcr exzellente Kundenbewertungen (5\\\/5 auf SafariBookings) und ma\u00dfgeschneiderte Reiserouten.  \",\"email\":\"kili@kilidovetours.com\",\"telephone\":\"+255 787 955 466\",\"legalName\":\"Kilidove tours and safaris private limited\",\"numberOfEmployees\":{\"@type\":\"QuantitativeValue\",\"minValue\":\"11\",\"maxValue\":\"50\"}}]}<\/script>\n<!-- \/ Yoast SEO Premium plugin. -->","yoast_head_json":{"title":"CO\u2082-Emission srechner &#8211; Kilidove Tours","description":"CO\u2082-Emissionsrechner f\u00fcr Safari-Aktivit\u00e4ten von Kilidove Tours in Tansania, Ballonsafaris, Kulturtouren und Transport.","robots":{"index":"index","follow":"follow","max-snippet":"max-snippet:-1","max-image-preview":"max-image-preview:large","max-video-preview":"max-video-preview:-1"},"canonical":"https:\/\/kilidovetours.com\/de\/co%e2%82%82-emission-srechner\/","og_locale":"de_DE","og_type":"article","og_title":"CO\u2082-Emission srechner","og_description":"CO\u2082-Emissionsrechner f\u00fcr Safari-Aktivit\u00e4ten von Kilidove Tours in Tansania, Ballonsafaris, Kulturtouren und Transport.","og_url":"https:\/\/kilidovetours.com\/de\/co%e2%82%82-emission-srechner\/","og_site_name":"Kilidove Tours","article_publisher":"https:\/\/www.facebook.com\/kilidovetoursandsafaris\/","article_modified_time":"2026-04-15T11:15:49+00:00","og_image":[{"width":59,"height":59,"url":"https:\/\/kilidovetours.com\/wp-content\/uploads\/2024\/05\/kilidove-logo.png","type":"image\/png"}],"twitter_card":"summary_large_image","twitter_site":"@kilidovetours","schema":{"@context":"https:\/\/schema.org","@graph":[{"@type":"WebPage","@id":"https:\/\/kilidovetours.com\/de\/co%e2%82%82-emission-srechner\/","url":"https:\/\/kilidovetours.com\/de\/co%e2%82%82-emission-srechner\/","name":"CO\u2082-Emission srechner &#8211; Kilidove Tours","isPartOf":{"@id":"https:\/\/kilidovetours.com\/de\/#website"},"datePublished":"2025-03-19T06:51:08+00:00","dateModified":"2026-04-15T11:15:49+00:00","description":"CO\u2082-Emissionsrechner f\u00fcr Safari-Aktivit\u00e4ten von Kilidove Tours in Tansania, Ballonsafaris, Kulturtouren und Transport.","breadcrumb":{"@id":"https:\/\/kilidovetours.com\/de\/co%e2%82%82-emission-srechner\/#breadcrumb"},"inLanguage":"de","potentialAction":[{"@type":"ReadAction","target":["https:\/\/kilidovetours.com\/de\/co%e2%82%82-emission-srechner\/"]}]},{"@type":"BreadcrumbList","@id":"https:\/\/kilidovetours.com\/de\/co%e2%82%82-emission-srechner\/#breadcrumb","itemListElement":[{"@type":"ListItem","position":1,"name":"Startseite","item":"https:\/\/kilidovetours.com\/de\/"},{"@type":"ListItem","position":2,"name":"CO\u2082-Emission srechner"}]},{"@type":"WebSite","@id":"https:\/\/kilidovetours.com\/de\/#website","url":"https:\/\/kilidovetours.com\/de\/","name":"KILIDOVE Tours","description":"Personalised Private Guided Safari Tours &amp; Treks. Best safari tour agency in Arusha, Tanzania.","publisher":{"@id":"https:\/\/kilidovetours.com\/de\/#organization"},"alternateName":"KILIDOVE","potentialAction":[{"@type":"SearchAction","target":{"@type":"EntryPoint","urlTemplate":"https:\/\/kilidovetours.com\/de\/?s={search_term_string}"},"query-input":{"@type":"PropertyValueSpecification","valueRequired":true,"valueName":"search_term_string"}}],"inLanguage":"de"},{"@type":"Organization","@id":"https:\/\/kilidovetours.com\/de\/#organization","name":"KILIDOVE Tours","alternateName":"KILIDOVE","url":"https:\/\/kilidovetours.com\/de\/","logo":{"@type":"ImageObject","inLanguage":"de","@id":"https:\/\/kilidovetours.com\/de\/#\/schema\/logo\/image\/","url":"https:\/\/kilidovetours.com\/wp-content\/uploads\/2024\/05\/kilidove-1.png","contentUrl":"https:\/\/kilidovetours.com\/wp-content\/uploads\/2024\/05\/kilidove-1.png","width":118,"height":118,"caption":"KILIDOVE Tours"},"image":{"@id":"https:\/\/kilidovetours.com\/de\/#\/schema\/logo\/image\/"},"sameAs":["https:\/\/www.facebook.com\/kilidovetoursandsafaris\/","https:\/\/x.com\/kilidovetours","https:\/\/www.tripadvisor.com\/Attraction_Review-g297913-d7790780-Reviews-Kilidove_Tours_And_Safaris-Arusha_Arusha_Region.html","https:\/\/www.instagram.com\/kilidovetours\/","https:\/\/www.youtube.com\/user\/KilidoveTours"],"description":"Kilidove Tours &amp; Safaris ist ein f\u00fchrender tansanischer Reiseveranstalter, der personalisierte Safari-Erlebnisse anbietet. Mit Sitz in Arusha sind sie seit \u00fcber 15 Jahren t\u00e4tig und spezialisiert auf Mittelklasse- bis Luxusreisen in Tansania, Kenia, Uganda, Ruanda und Sansibar. Bekannt f\u00fcr exzellente Kundenbewertungen (5\/5 auf SafariBookings) und ma\u00dfgeschneiderte Reiserouten.  ","email":"kili@kilidovetours.com","telephone":"+255 787 955 466","legalName":"Kilidove tours and safaris private limited","numberOfEmployees":{"@type":"QuantitativeValue","minValue":"11","maxValue":"50"}}]}},"_links":{"self":[{"href":"https:\/\/kilidovetours.com\/de\/wp-json\/wp\/v2\/pages\/65083","targetHints":{"allow":["GET"]}}],"collection":[{"href":"https:\/\/kilidovetours.com\/de\/wp-json\/wp\/v2\/pages"}],"about":[{"href":"https:\/\/kilidovetours.com\/de\/wp-json\/wp\/v2\/types\/page"}],"author":[{"embeddable":true,"href":"https:\/\/kilidovetours.com\/de\/wp-json\/wp\/v2\/users\/3"}],"replies":[{"embeddable":true,"href":"https:\/\/kilidovetours.com\/de\/wp-json\/wp\/v2\/comments?post=65083"}],"version-history":[{"count":2,"href":"https:\/\/kilidovetours.com\/de\/wp-json\/wp\/v2\/pages\/65083\/revisions"}],"predecessor-version":[{"id":69030,"href":"https:\/\/kilidovetours.com\/de\/wp-json\/wp\/v2\/pages\/65083\/revisions\/69030"}],"wp:attachment":[{"href":"https:\/\/kilidovetours.com\/de\/wp-json\/wp\/v2\/media?parent=65083"}],"curies":[{"name":"wp","href":"https:\/\/api.w.org\/{rel}","templated":true}]}}