{"id":64588,"date":"2024-06-19T07:59:46","date_gmt":"2024-06-19T07:59:46","guid":{"rendered":"https:\/\/kilidovetours.com\/?page_id=64588"},"modified":"2026-04-20T07:53:10","modified_gmt":"2026-04-20T07:53:10","slug":"mision-de-sostenibilidad","status":"publish","type":"page","link":"https:\/\/kilidovetours.com\/es\/mision-de-sostenibilidad\/","title":{"rendered":"Misi\u00f3n de sostenibilidad"},"content":{"rendered":"\t\t<div data-elementor-type=\"wp-page\" data-elementor-id=\"64588\" class=\"elementor elementor-64588 elementor-37410\" data-elementor-post-type=\"page\">\n\t\t\t\t\t\t<section class=\"elementor-section elementor-top-section elementor-element elementor-element-2b1184b0 elementor-section-boxed elementor-section-height-default elementor-section-height-default\" data-id=\"2b1184b0\" data-element_type=\"section\" data-e-type=\"section\" data-settings=\"{&quot;background_background&quot;:&quot;classic&quot;}\">\n\t\t\t\t\t\t<div class=\"elementor-container elementor-column-gap-default\">\n\t\t\t\t\t<div class=\"elementor-column elementor-col-100 elementor-top-column elementor-element elementor-element-153e1c19\" data-id=\"153e1c19\" data-element_type=\"column\" data-e-type=\"column\">\n\t\t\t<div class=\"elementor-widget-wrap elementor-element-populated\">\n\t\t\t\t\t\t<div class=\"elementor-element elementor-element-54db29de elementor-widget elementor-widget-text-editor\" data-id=\"54db29de\" data-element_type=\"widget\" data-e-type=\"widget\" data-widget_type=\"text-editor.default\">\n\t\t\t\t<div class=\"elementor-widget-container\">\n\t\t\t\t\t\t\t\t\t<div class=\"page\" title=\"P\u00e1gina 1\">\n<div class=\"section\">\n<div class=\"layoutArea\">\n<div class=\"column\">\n<h2><strong><em>\u201cEmpoderando a las personas y al planeta para un futuro pr\u00f3spero\u201d<\/em><\/strong><\/h2>\nEn Kilidove Tours &amp; Safaris, nos comprometemos a impulsar un cambio positivo y a crear un futuro sostenible para todos. Nuestra misi\u00f3n se basa en la creencia de que la sostenibilidad ambiental, social y econ\u00f3mica est\u00e1n interconectadas y son esenciales para el bienestar tanto de las personas como del planeta. A trav\u00e9s de nuestras acciones e innovaciones, hacemos todo lo posible para empoderar a individuos, comunidades y organizaciones para que tengan un impacto significativo en la configuraci\u00f3n de un futuro pr\u00f3spero para las generaciones venideras.  \n<h5><strong>1. Supervisi\u00f3n ambiental:<\/strong><\/h5>\nReconocemos la necesidad urgente de proteger y restaurar nuestro entorno natural. Nos dedicamos a minimizar nuestra huella ecol\u00f3gica adoptando pr\u00e1cticas sostenibles, reduciendo residuos, conservando recursos y promoviendo la conservaci\u00f3n de la biodiversidad. Priorizamos el abastecimiento sostenible, las soluciones de energ\u00eda limpia y los procesos de fabricaci\u00f3n responsables para garantizar un planeta m\u00e1s saludable para los habitantes actuales y futuros.  \n<h5><strong>2. Equidad social:<\/strong><\/h5>\nCreemos que la sostenibilidad debe ser inclusiva y equitativa. Nos comprometemos a fomentar un entorno diverso e inclusivo donde todas las voces sean escuchadas, valoradas y respetadas. Nos esforzamos por crear oportunidades para el empoderamiento econ\u00f3mico, promover pr\u00e1cticas laborales justas y apoyar iniciativas que mejoren la educaci\u00f3n, la salud y el bienestar en las comunidades a las que servimos. Priorizamos la colaboraci\u00f3n con las partes interesadas locales, empoder\u00e1ndolas para que participen activamente en el desarrollo sostenible.   \n<h5><strong>3. Innovaci\u00f3n y colaboraci\u00f3n:<\/strong><\/h5>\nEntendemos que abordar los complejos desaf\u00edos de la sostenibilidad requiere innovaci\u00f3n, colaboraci\u00f3n y el intercambio de conocimientos y recursos. Buscamos activamente asociaciones con organizaciones, investigadores y comunidades afines para cocrear soluciones que impulsen un cambio positivo. Fomentamos el di\u00e1logo abierto, la experimentaci\u00f3n y el aprendizaje continuo para catalizar la innovaci\u00f3n en tecnolog\u00edas, pr\u00e1cticas y modelos de negocio sostenibles.  \n<h5><strong>4. Gobernanza transparente y rendici\u00f3n de cuentas:<\/strong><\/h5>\nAdoptamos la transparencia y la rendici\u00f3n de cuentas como base de nuestros esfuerzos de sostenibilidad. Establecemos metas y objetivos claros, monitoreamos regularmente nuestro progreso e informamos abiertamente sobre nuestro desempe\u00f1o ambiental, social y econ\u00f3mico. Nos involucramos con las partes interesadas, incluidos clientes, empleados, inversores y el p\u00fablico en general, para asegurar que sus voces sean escuchadas, y buscamos activamente comentarios para mejorar nuestras pr\u00e1cticas.  \n<div class=\"page\" title=\"P\u00e1gina 2\">\n<div class=\"section\">\n<div class=\"layoutArea\">\n<div class=\"column\">\n<h5><strong>5. Inspirar y educar:<\/strong><\/h5>\nNos esforzamos por inspirar y educar a las personas para que se conviertan en participantes activos de una vida sostenible. A trav\u00e9s de campa\u00f1as de concienciaci\u00f3n e informaci\u00f3n accesible, nuestro objetivo es empoderar a las personas con el conocimiento y las herramientas que necesitan para tomar decisiones informadas y adoptar estilos de vida sostenibles. Creemos que la acci\u00f3n colectiva comienza con el compromiso individual y que los peque\u00f1os cambios pueden generar impactos positivos significativos.  \n\nAl adoptar nuestra misi\u00f3n de sostenibilidad, visualizamos un futuro donde la armon\u00eda ambiental, la justicia social y la prosperidad econ\u00f3mica no sean mutuamente excluyentes, sino que se refuercen mutuamente. Juntos, podemos crear un mundo mejor que nutra tanto a las personas como al planeta, asegurando un legado sostenible para las generaciones venideras. \u00danete a nosotros en este viaje hacia un futuro mejor.  \n\n<\/div>\n<\/div>\n<\/div>\n<\/div>\n<\/div>\n<\/div>\n<\/div>\n<\/div>\t\t\t\t\t\t\t\t<\/div>\n\t\t\t\t<\/div>\n\t\t\t\t\t<\/div>\n\t\t<\/div>\n\t\t\t\t\t<\/div>\n\t\t<\/section>\n\t\t\t\t<section class=\"elementor-section elementor-top-section elementor-element elementor-element-7ef86bc8 elementor-section-boxed elementor-section-height-default elementor-section-height-default\" data-id=\"7ef86bc8\" data-element_type=\"section\" data-e-type=\"section\">\n\t\t\t\t\t\t<div class=\"elementor-container elementor-column-gap-default\">\n\t\t\t\t\t<div class=\"elementor-column elementor-col-100 elementor-top-column elementor-element elementor-element-19372eea\" data-id=\"19372eea\" data-element_type=\"column\" data-e-type=\"column\">\n\t\t\t<div class=\"elementor-widget-wrap elementor-element-populated\">\n\t\t\t\t\t\t<div class=\"elementor-element elementor-element-690b98ed elementor-widget elementor-widget-spacer\" data-id=\"690b98ed\" data-element_type=\"widget\" data-e-type=\"widget\" data-widget_type=\"spacer.default\">\n\t\t\t\t<div class=\"elementor-widget-container\">\n\t\t\t\t\t\t\t<div class=\"elementor-spacer\">\n\t\t\t<div class=\"elementor-spacer-inner\"><\/div>\n\t\t<\/div>\n\t\t\t\t\t\t<\/div>\n\t\t\t\t<\/div>\n\t\t\t\t\t<\/div>\n\t\t<\/div>\n\t\t\t\t\t<\/div>\n\t\t<\/section>\n\t\t\t\t<\/div>\n\t\t","protected":false},"excerpt":{"rendered":"<p>\u201cEmpoderando a las personas y al planeta para un futuro pr\u00f3spero\u201d En Kilidove Tours &amp; Safaris, nos comprometemos a impulsar un cambio positivo y a crear un futuro sostenible para todos. Nuestra misi\u00f3n se basa en la creencia de que la sostenibilidad ambiental, social y econ\u00f3mica est\u00e1n interconectadas y son esenciales para el bienestar tanto [&hellip;]<\/p>\n","protected":false},"author":3,"featured_media":0,"parent":0,"menu_order":0,"comment_status":"closed","ping_status":"closed","template":"","meta":{"_acf_changed":false,"footnotes":""},"class_list":["post-64588","page","type-page","status-publish","hentry"],"acf":[],"yoast_head":"<!-- This site is optimized with the Yoast SEO Premium plugin v26.3 (Yoast SEO v27.5) - https:\/\/yoast.com\/product\/yoast-seo-premium-wordpress\/ -->\n<title>Misi\u00f3n de sostenibilidad &#8211; Kilidove Tours<\/title>\n<meta name=\"description\" content=\"La empresa se dedica a integrar los principios de sostenibilidad en todos los aspectos de sus operaciones. Una pol\u00edtica de sostenibilidad es fundamental para nosotros.\" \/>\n<meta name=\"robots\" content=\"index, follow, max-snippet:-1, max-image-preview:large, max-video-preview:-1\" \/>\n<link rel=\"canonical\" href=\"https:\/\/kilidovetours.com\/es\/mision-de-sostenibilidad\/\" \/>\n<meta property=\"og:locale\" content=\"es_ES\" \/>\n<meta property=\"og:type\" content=\"article\" \/>\n<meta property=\"og:title\" content=\"Misi\u00f3n de sostenibilidad\" \/>\n<meta property=\"og:description\" content=\"La empresa se dedica a integrar los principios de sostenibilidad en todos los aspectos de sus operaciones. Una pol\u00edtica de sostenibilidad es fundamental para nosotros.\" \/>\n<meta property=\"og:url\" content=\"https:\/\/kilidovetours.com\/es\/mision-de-sostenibilidad\/\" \/>\n<meta property=\"og:site_name\" content=\"Kilidove Tours\" \/>\n<meta property=\"article:publisher\" content=\"https:\/\/www.facebook.com\/kilidovetoursandsafaris\/\" \/>\n<meta property=\"article:modified_time\" content=\"2026-04-20T07:53:10+00:00\" \/>\n<meta property=\"og:image\" content=\"https:\/\/kilidovetours.com\/wp-content\/uploads\/2024\/05\/kilidove-logo.png\" \/>\n\t<meta property=\"og:image:width\" content=\"59\" \/>\n\t<meta property=\"og:image:height\" content=\"59\" \/>\n\t<meta property=\"og:image:type\" content=\"image\/png\" \/>\n<meta name=\"twitter:card\" content=\"summary_large_image\" \/>\n<meta name=\"twitter:site\" content=\"@kilidovetours\" \/>\n<meta name=\"twitter:label1\" content=\"Tiempo de lectura\" \/>\n\t<meta name=\"twitter:data1\" content=\"3 minutos\" \/>\n<script type=\"application\/ld+json\" class=\"yoast-schema-graph\">{\"@context\":\"https:\\\/\\\/schema.org\",\"@graph\":[{\"@type\":\"WebPage\",\"@id\":\"https:\\\/\\\/kilidovetours.com\\\/es\\\/mision-de-sostenibilidad\\\/\",\"url\":\"https:\\\/\\\/kilidovetours.com\\\/es\\\/mision-de-sostenibilidad\\\/\",\"name\":\"Misi\u00f3n de sostenibilidad &#8211; Kilidove Tours\",\"isPartOf\":{\"@id\":\"https:\\\/\\\/kilidovetours.com\\\/es\\\/#website\"},\"datePublished\":\"2024-06-19T07:59:46+00:00\",\"dateModified\":\"2026-04-20T07:53:10+00:00\",\"description\":\"La empresa se dedica a integrar los principios de sostenibilidad en todos los aspectos de sus operaciones. Una pol\u00edtica de sostenibilidad es fundamental para nosotros.\",\"breadcrumb\":{\"@id\":\"https:\\\/\\\/kilidovetours.com\\\/es\\\/mision-de-sostenibilidad\\\/#breadcrumb\"},\"inLanguage\":\"es\",\"potentialAction\":[{\"@type\":\"ReadAction\",\"target\":[\"https:\\\/\\\/kilidovetours.com\\\/es\\\/mision-de-sostenibilidad\\\/\"]}]},{\"@type\":\"BreadcrumbList\",\"@id\":\"https:\\\/\\\/kilidovetours.com\\\/es\\\/mision-de-sostenibilidad\\\/#breadcrumb\",\"itemListElement\":[{\"@type\":\"ListItem\",\"position\":1,\"name\":\"Inicio\",\"item\":\"https:\\\/\\\/kilidovetours.com\\\/es\\\/kilidove-tours-2\\\/\"},{\"@type\":\"ListItem\",\"position\":2,\"name\":\"Misi\u00f3n de sostenibilidad\"}]},{\"@type\":\"WebSite\",\"@id\":\"https:\\\/\\\/kilidovetours.com\\\/es\\\/#website\",\"url\":\"https:\\\/\\\/kilidovetours.com\\\/es\\\/\",\"name\":\"KILIDOVE Tours\",\"description\":\"Personalised Private Guided Safari Tours &amp; Treks. Best safari tour agency in Arusha, Tanzania.\",\"publisher\":{\"@id\":\"https:\\\/\\\/kilidovetours.com\\\/es\\\/#organization\"},\"alternateName\":\"KILIDOVE\",\"potentialAction\":[{\"@type\":\"SearchAction\",\"target\":{\"@type\":\"EntryPoint\",\"urlTemplate\":\"https:\\\/\\\/kilidovetours.com\\\/es\\\/?s={search_term_string}\"},\"query-input\":{\"@type\":\"PropertyValueSpecification\",\"valueRequired\":true,\"valueName\":\"search_term_string\"}}],\"inLanguage\":\"es\"},{\"@type\":\"Organization\",\"@id\":\"https:\\\/\\\/kilidovetours.com\\\/es\\\/#organization\",\"name\":\"KILIDOVE Tours\",\"alternateName\":\"KILIDOVE\",\"url\":\"https:\\\/\\\/kilidovetours.com\\\/es\\\/\",\"logo\":{\"@type\":\"ImageObject\",\"inLanguage\":\"es\",\"@id\":\"https:\\\/\\\/kilidovetours.com\\\/es\\\/#\\\/schema\\\/logo\\\/image\\\/\",\"url\":\"https:\\\/\\\/kilidovetours.com\\\/wp-content\\\/uploads\\\/2024\\\/05\\\/kilidove-1.png\",\"contentUrl\":\"https:\\\/\\\/kilidovetours.com\\\/wp-content\\\/uploads\\\/2024\\\/05\\\/kilidove-1.png\",\"width\":118,\"height\":118,\"caption\":\"KILIDOVE Tours\"},\"image\":{\"@id\":\"https:\\\/\\\/kilidovetours.com\\\/es\\\/#\\\/schema\\\/logo\\\/image\\\/\"},\"sameAs\":[\"https:\\\/\\\/www.facebook.com\\\/kilidovetoursandsafaris\\\/\",\"https:\\\/\\\/x.com\\\/kilidovetours\",\"https:\\\/\\\/www.tripadvisor.com\\\/Attraction_Review-g297913-d7790780-Reviews-Kilidove_Tours_And_Safaris-Arusha_Arusha_Region.html\",\"https:\\\/\\\/www.instagram.com\\\/kilidovetours\\\/\",\"https:\\\/\\\/www.youtube.com\\\/user\\\/KilidoveTours\"],\"description\":\"Kilidove Tours &amp; Safaris es un operador tur\u00edstico tanzano de primer nivel que ofrece experiencias de safari personalizadas. Con sede en Arusha, operan desde hace m\u00e1s de 15 a\u00f1os y se especializan en viajes de gama media y lujo por Tanzania, Kenia, Uganda, Ruanda y Zanz\u00edbar. Destacan por sus excelentes valoraciones (5\\\/5 en SafariBookings) e itinerarios a medida.  \",\"email\":\"kili@kilidovetours.com\",\"telephone\":\"+255 787 955 466\",\"legalName\":\"Kilidove tours and safaris private limited\",\"numberOfEmployees\":{\"@type\":\"QuantitativeValue\",\"minValue\":\"11\",\"maxValue\":\"50\"}}]}<\/script>\n<!-- \/ Yoast SEO Premium plugin. -->","yoast_head_json":{"title":"Misi\u00f3n de sostenibilidad &#8211; Kilidove Tours","description":"La empresa se dedica a integrar los principios de sostenibilidad en todos los aspectos de sus operaciones. Una pol\u00edtica de sostenibilidad es fundamental para nosotros.","robots":{"index":"index","follow":"follow","max-snippet":"max-snippet:-1","max-image-preview":"max-image-preview:large","max-video-preview":"max-video-preview:-1"},"canonical":"https:\/\/kilidovetours.com\/es\/mision-de-sostenibilidad\/","og_locale":"es_ES","og_type":"article","og_title":"Misi\u00f3n de sostenibilidad","og_description":"La empresa se dedica a integrar los principios de sostenibilidad en todos los aspectos de sus operaciones. Una pol\u00edtica de sostenibilidad es fundamental para nosotros.","og_url":"https:\/\/kilidovetours.com\/es\/mision-de-sostenibilidad\/","og_site_name":"Kilidove Tours","article_publisher":"https:\/\/www.facebook.com\/kilidovetoursandsafaris\/","article_modified_time":"2026-04-20T07:53:10+00:00","og_image":[{"width":59,"height":59,"url":"https:\/\/kilidovetours.com\/wp-content\/uploads\/2024\/05\/kilidove-logo.png","type":"image\/png"}],"twitter_card":"summary_large_image","twitter_site":"@kilidovetours","twitter_misc":{"Tiempo de lectura":"3 minutos"},"schema":{"@context":"https:\/\/schema.org","@graph":[{"@type":"WebPage","@id":"https:\/\/kilidovetours.com\/es\/mision-de-sostenibilidad\/","url":"https:\/\/kilidovetours.com\/es\/mision-de-sostenibilidad\/","name":"Misi\u00f3n de sostenibilidad &#8211; Kilidove Tours","isPartOf":{"@id":"https:\/\/kilidovetours.com\/es\/#website"},"datePublished":"2024-06-19T07:59:46+00:00","dateModified":"2026-04-20T07:53:10+00:00","description":"La empresa se dedica a integrar los principios de sostenibilidad en todos los aspectos de sus operaciones. Una pol\u00edtica de sostenibilidad es fundamental para nosotros.","breadcrumb":{"@id":"https:\/\/kilidovetours.com\/es\/mision-de-sostenibilidad\/#breadcrumb"},"inLanguage":"es","potentialAction":[{"@type":"ReadAction","target":["https:\/\/kilidovetours.com\/es\/mision-de-sostenibilidad\/"]}]},{"@type":"BreadcrumbList","@id":"https:\/\/kilidovetours.com\/es\/mision-de-sostenibilidad\/#breadcrumb","itemListElement":[{"@type":"ListItem","position":1,"name":"Inicio","item":"https:\/\/kilidovetours.com\/es\/kilidove-tours-2\/"},{"@type":"ListItem","position":2,"name":"Misi\u00f3n de sostenibilidad"}]},{"@type":"WebSite","@id":"https:\/\/kilidovetours.com\/es\/#website","url":"https:\/\/kilidovetours.com\/es\/","name":"KILIDOVE Tours","description":"Personalised Private Guided Safari Tours &amp; Treks. Best safari tour agency in Arusha, Tanzania.","publisher":{"@id":"https:\/\/kilidovetours.com\/es\/#organization"},"alternateName":"KILIDOVE","potentialAction":[{"@type":"SearchAction","target":{"@type":"EntryPoint","urlTemplate":"https:\/\/kilidovetours.com\/es\/?s={search_term_string}"},"query-input":{"@type":"PropertyValueSpecification","valueRequired":true,"valueName":"search_term_string"}}],"inLanguage":"es"},{"@type":"Organization","@id":"https:\/\/kilidovetours.com\/es\/#organization","name":"KILIDOVE Tours","alternateName":"KILIDOVE","url":"https:\/\/kilidovetours.com\/es\/","logo":{"@type":"ImageObject","inLanguage":"es","@id":"https:\/\/kilidovetours.com\/es\/#\/schema\/logo\/image\/","url":"https:\/\/kilidovetours.com\/wp-content\/uploads\/2024\/05\/kilidove-1.png","contentUrl":"https:\/\/kilidovetours.com\/wp-content\/uploads\/2024\/05\/kilidove-1.png","width":118,"height":118,"caption":"KILIDOVE Tours"},"image":{"@id":"https:\/\/kilidovetours.com\/es\/#\/schema\/logo\/image\/"},"sameAs":["https:\/\/www.facebook.com\/kilidovetoursandsafaris\/","https:\/\/x.com\/kilidovetours","https:\/\/www.tripadvisor.com\/Attraction_Review-g297913-d7790780-Reviews-Kilidove_Tours_And_Safaris-Arusha_Arusha_Region.html","https:\/\/www.instagram.com\/kilidovetours\/","https:\/\/www.youtube.com\/user\/KilidoveTours"],"description":"Kilidove Tours &amp; Safaris es un operador tur\u00edstico tanzano de primer nivel que ofrece experiencias de safari personalizadas. Con sede en Arusha, operan desde hace m\u00e1s de 15 a\u00f1os y se especializan en viajes de gama media y lujo por Tanzania, Kenia, Uganda, Ruanda y Zanz\u00edbar. Destacan por sus excelentes valoraciones (5\/5 en SafariBookings) e itinerarios a medida.  ","email":"kili@kilidovetours.com","telephone":"+255 787 955 466","legalName":"Kilidove tours and safaris private limited","numberOfEmployees":{"@type":"QuantitativeValue","minValue":"11","maxValue":"50"}}]}},"_links":{"self":[{"href":"https:\/\/kilidovetours.com\/es\/wp-json\/wp\/v2\/pages\/64588","targetHints":{"allow":["GET"]}}],"collection":[{"href":"https:\/\/kilidovetours.com\/es\/wp-json\/wp\/v2\/pages"}],"about":[{"href":"https:\/\/kilidovetours.com\/es\/wp-json\/wp\/v2\/types\/page"}],"author":[{"embeddable":true,"href":"https:\/\/kilidovetours.com\/es\/wp-json\/wp\/v2\/users\/3"}],"replies":[{"embeddable":true,"href":"https:\/\/kilidovetours.com\/es\/wp-json\/wp\/v2\/comments?post=64588"}],"version-history":[{"count":1,"href":"https:\/\/kilidovetours.com\/es\/wp-json\/wp\/v2\/pages\/64588\/revisions"}],"predecessor-version":[{"id":64589,"href":"https:\/\/kilidovetours.com\/es\/wp-json\/wp\/v2\/pages\/64588\/revisions\/64589"}],"wp:attachment":[{"href":"https:\/\/kilidovetours.com\/es\/wp-json\/wp\/v2\/media?parent=64588"}],"curies":[{"name":"wp","href":"https:\/\/api.w.org\/{rel}","templated":true}]}}