{"id":64693,"date":"2024-11-01T12:19:31","date_gmt":"2024-11-01T12:19:31","guid":{"rendered":"https:\/\/kilidovetours.com\/?page_id=64693"},"modified":"2026-04-24T11:32:11","modified_gmt":"2026-04-24T11:32:11","slug":"our-fleet","status":"publish","type":"page","link":"https:\/\/kilidovetours.com\/es\/our-fleet\/","title":{"rendered":"Nuestra flota"},"content":{"rendered":"\t\t<div data-elementor-type=\"wp-page\" data-elementor-id=\"64693\" class=\"elementor elementor-64693 elementor-43186\" data-elementor-post-type=\"page\">\n\t\t\t\t<div class=\"elementor-element elementor-element-be0a836 section-s e-flex e-con-boxed e-con e-parent\" data-id=\"be0a836\" data-element_type=\"container\" data-e-type=\"container\">\n\t\t\t\t\t<div class=\"e-con-inner\">\n\t\t<div class=\"elementor-element elementor-element-5177f17 e-con-full e-flex e-con e-child\" data-id=\"5177f17\" data-element_type=\"container\" data-e-type=\"container\">\n\t\t\t\t<div class=\"elementor-element elementor-element-487f8f4 elementor-widget__width-initial elementor-widget-mobile__width-initial elementor-widget elementor-widget-heading\" data-id=\"487f8f4\" data-element_type=\"widget\" data-e-type=\"widget\" data-widget_type=\"heading.default\">\n\t\t\t\t<div class=\"elementor-widget-container\">\n\t\t\t\t\t<h1 class=\"elementor-heading-title elementor-size-default\">Nuestra flota de safaris<\/h1>\t\t\t\t<\/div>\n\t\t\t\t<\/div>\n\t\t\t\t<div class=\"elementor-element elementor-element-2b14166 elementor-widget elementor-widget-text-editor\" data-id=\"2b14166\" data-element_type=\"widget\" data-e-type=\"widget\" data-widget_type=\"text-editor.default\">\n\t\t\t\t<div class=\"elementor-widget-container\">\n\t\t\t\t\t\t\t\t\t<p>Nuestra moderna flota de safaris cuenta con veh\u00edculos 4&#215;4 dise\u00f1ados especialmente y equipados con techos elevables para una observaci\u00f3n de la fauna y fotograf\u00eda \u00f3ptimas. Cada veh\u00edculo tiene capacidad para grupos peque\u00f1os con asientos c\u00f3modos, sistemas de refrigeraci\u00f3n y puertos de carga para tus dispositivos. Nuestros experimentados <a href=\"https:\/\/kilidovetours.com\/es\/safaris-details\/driver-guides\/\"><span style=\"text-decoration: underline;\">conductores<\/span><\/a> tambi\u00e9n act\u00faan como gu\u00edas expertos, garantizando un trayecto seguro por los diversos terrenos de Tanzania mientras comparten informaci\u00f3n sobre la fauna y los ecosistemas locales.  <\/p>\t\t\t\t\t\t\t\t<\/div>\n\t\t\t\t<\/div>\n\t\t<div class=\"elementor-element elementor-element-f4fa212 e-con-full e-flex e-con e-child\" data-id=\"f4fa212\" data-element_type=\"container\" data-e-type=\"container\">\n\t\t<div class=\"elementor-element elementor-element-1585d19 e-con-full e-flex e-con e-child\" data-id=\"1585d19\" data-element_type=\"container\" data-e-type=\"container\">\n\t\t\t\t<div class=\"elementor-element elementor-element-85de3ac elementor-align-justify elementor-mobile-align-justify elementor-widget elementor-widget-button\" data-id=\"85de3ac\" data-element_type=\"widget\" data-e-type=\"widget\" data-widget_type=\"button.default\">\n\t\t\t\t<div class=\"elementor-widget-container\">\n\t\t\t\t\t\t\t\t\t<div class=\"elementor-button-wrapper\">\n\t\t\t\t\t<a class=\"elementor-button elementor-button-link elementor-size-sm\" href=\"https:\/\/kilidovetours.com\/es\/enquire\/\">\n\t\t\t\t\t\t<span class=\"elementor-button-content-wrapper\">\n\t\t\t\t\t\t<span class=\"elementor-button-icon\">\n\t\t\t\t<svg aria-hidden=\"true\" class=\"e-font-icon-svg e-far-calendar-alt\" viewBox=\"0 0 448 512\" xmlns=\"http:\/\/www.w3.org\/2000\/svg\"><path d=\"M148 288h-40c-6.6 0-12-5.4-12-12v-40c0-6.6 5.4-12 12-12h40c6.6 0 12 5.4 12 12v40c0 6.6-5.4 12-12 12zm108-12v-40c0-6.6-5.4-12-12-12h-40c-6.6 0-12 5.4-12 12v40c0 6.6 5.4 12 12 12h40c6.6 0 12-5.4 12-12zm96 0v-40c0-6.6-5.4-12-12-12h-40c-6.6 0-12 5.4-12 12v40c0 6.6 5.4 12 12 12h40c6.6 0 12-5.4 12-12zm-96 96v-40c0-6.6-5.4-12-12-12h-40c-6.6 0-12 5.4-12 12v40c0 6.6 5.4 12 12 12h40c6.6 0 12-5.4 12-12zm-96 0v-40c0-6.6-5.4-12-12-12h-40c-6.6 0-12 5.4-12 12v40c0 6.6 5.4 12 12 12h40c6.6 0 12-5.4 12-12zm192 0v-40c0-6.6-5.4-12-12-12h-40c-6.6 0-12 5.4-12 12v40c0 6.6 5.4 12 12 12h40c6.6 0 12-5.4 12-12zm96-260v352c0 26.5-21.5 48-48 48H48c-26.5 0-48-21.5-48-48V112c0-26.5 21.5-48 48-48h48V12c0-6.6 5.4-12 12-12h40c6.6 0 12 5.4 12 12v52h128V12c0-6.6 5.4-12 12-12h40c6.6 0 12 5.4 12 12v52h48c26.5 0 48 21.5 48 48zm-48 346V160H48v298c0 3.3 2.7 6 6 6h340c3.3 0 6-2.7 6-6z\"><\/path><\/svg>\t\t\t<\/span>\n\t\t\t\t\t\t\t\t\t<span class=\"elementor-button-text\">Planifica tu viaje<\/span>\n\t\t\t\t\t<\/span>\n\t\t\t\t\t<\/a>\n\t\t\t\t<\/div>\n\t\t\t\t\t\t\t\t<\/div>\n\t\t\t\t<\/div>\n\t\t\t\t<\/div>\n\t\t<div class=\"elementor-element elementor-element-5cfa839 e-con-full e-flex e-con e-child\" data-id=\"5cfa839\" data-element_type=\"container\" data-e-type=\"container\">\n\t\t\t\t<div class=\"elementor-element elementor-element-a086aaf elementor-align-justify elementor-mobile-align-justify elementor-widget elementor-widget-button\" data-id=\"a086aaf\" data-element_type=\"widget\" data-e-type=\"widget\" data-widget_type=\"button.default\">\n\t\t\t\t<div class=\"elementor-widget-container\">\n\t\t\t\t\t\t\t\t\t<div class=\"elementor-button-wrapper\">\n\t\t\t\t\t<a class=\"elementor-button elementor-button-link elementor-size-sm\" href=\"https:\/\/kilidovetours.com\/es\/safari-en-tanzania\/\">\n\t\t\t\t\t\t<span class=\"elementor-button-content-wrapper\">\n\t\t\t\t\t\t\t\t\t<span class=\"elementor-button-text\">Ver paquetes de safari<\/span>\n\t\t\t\t\t<\/span>\n\t\t\t\t\t<\/a>\n\t\t\t\t<\/div>\n\t\t\t\t\t\t\t\t<\/div>\n\t\t\t\t<\/div>\n\t\t\t\t<\/div>\n\t\t\t\t<\/div>\n\t\t\t\t<\/div>\n\t\t<div class=\"elementor-element elementor-element-9bebc2c e-con-full e-flex e-con e-child\" data-id=\"9bebc2c\" data-element_type=\"container\" data-e-type=\"container\">\n\t\t\t\t<div class=\"elementor-element elementor-element-0e6d0c6 elementor-widget elementor-widget-image\" data-id=\"0e6d0c6\" data-element_type=\"widget\" data-e-type=\"widget\" data-widget_type=\"image.default\">\n\t\t\t\t<div class=\"elementor-widget-container\">\n\t\t\t\t\t\t\t\t\t\t\t\t\t\t\t<img fetchpriority=\"high\" decoding=\"async\" width=\"800\" height=\"534\" src=\"https:\/\/kilidovetours.com\/wp-content\/uploads\/2024\/11\/Kilidove-Vehicle-safari-car-1024x683.webp\" class=\"attachment-large size-large wp-image-43401\" alt=\"Veh\u00edculos de safari en Tanzania de Kilidove Tours\" srcset=\"https:\/\/kilidovetours.com\/wp-content\/uploads\/2024\/11\/Kilidove-Vehicle-safari-car-1024x683.webp 1024w, https:\/\/kilidovetours.com\/wp-content\/uploads\/2024\/11\/Kilidove-Vehicle-safari-car-300x200.webp 300w, https:\/\/kilidovetours.com\/wp-content\/uploads\/2024\/11\/Kilidove-Vehicle-safari-car-768x512.webp 768w, https:\/\/kilidovetours.com\/wp-content\/uploads\/2024\/11\/Kilidove-Vehicle-safari-car-1536x1024.webp 1536w, https:\/\/kilidovetours.com\/wp-content\/uploads\/2024\/11\/Kilidove-Vehicle-safari-car-2048x1365.webp 2048w, https:\/\/kilidovetours.com\/wp-content\/uploads\/2024\/11\/Kilidove-Vehicle-safari-car-370x247.webp 370w, https:\/\/kilidovetours.com\/wp-content\/uploads\/2024\/11\/Kilidove-Vehicle-safari-car-840x560.webp 840w, https:\/\/kilidovetours.com\/wp-content\/uploads\/2024\/11\/Kilidove-Vehicle-safari-car-410x273.webp 410w, https:\/\/kilidovetours.com\/wp-content\/uploads\/2024\/11\/Kilidove-Vehicle-safari-car-600x400.webp 600w, https:\/\/kilidovetours.com\/wp-content\/uploads\/2024\/11\/Kilidove-Vehicle-safari-car-scaled-e1758179480277.webp 650w\" sizes=\"(max-width: 800px) 100vw, 800px\" \/>\t\t\t\t\t\t\t\t\t\t\t\t\t\t\t<\/div>\n\t\t\t\t<\/div>\n\t\t\t\t<\/div>\n\t\t\t\t\t<\/div>\n\t\t\t\t<\/div>\n\t\t<div class=\"elementor-element elementor-element-7041921 e-flex e-con-boxed e-con e-parent\" data-id=\"7041921\" data-element_type=\"container\" data-e-type=\"container\">\n\t\t\t\t\t<div class=\"e-con-inner\">\n\t\t<div class=\"elementor-element elementor-element-b3fc873 e-con-full e-flex e-con e-child\" data-id=\"b3fc873\" data-element_type=\"container\" data-e-type=\"container\">\n\t\t\t\t<div class=\"elementor-element elementor-element-d9d52c3 elementor-widget elementor-widget-shortcode\" data-id=\"d9d52c3\" data-element_type=\"widget\" data-e-type=\"widget\" data-widget_type=\"shortcode.default\">\n\t\t\t\t<div class=\"elementor-widget-container\">\n\t\t\t\t\t\n\n    <section id=\"our_fleet_section\">\n        <div class=\"row ass_ktgsnw_sec_card no_gutters\">\n            <div class=\"col-lg-3 col-md-3 ass_ktgsnw_ssidebar_box_sticky\">\n                <div class=\"ass_ktgsnw_ssidebar\">\n                    <div class=\"ass_ktgsnw_ssidebar_box mob-none-side\">\n                        <div class=\"ass_ktgsnw_ssidebar_box_title\">\n                            <h4>Table Of Contents<\/h4>\n                        <\/div>\n                        <nav class=\"ass_ktgsnw_ssidebar_box_list scroll-sec\">\n\n                            <ul id=\"target-to-scroll\">\n\n                                \n\n                            <\/ul>\n                        <\/nav>\n                    <\/div>\n                    <div class=\"ass-side-cta\">\n                        \n                    <\/div>\n                <\/div>\n            <\/div>\n            <div class=\"col-lg-9 col-md-9 main-con-sec\">\n                <main class=\"ass_ktgsnw_main\">\n                    <div class=\"asc-impro-div\" id=\"\">\n\n                        <div class=\"asc-head-start-new-sec\">\n                            \n                        <\/div>\n                    <\/div>\n\n                                    <\/main>\n            <\/div>\n        <\/div>\n    <\/section>\n\n    \t\t<div class=\"elementor-shortcode\"><\/div>\n\t\t\t\t\t\t<\/div>\n\t\t\t\t<\/div>\n\t\t\t\t<\/div>\n\t\t\t\t\t<\/div>\n\t\t\t\t<\/div>\n\t\t\t\t<\/div>\n\t\t","protected":false},"excerpt":{"rendered":"<p>Nuestra flota de safaris Nuestra moderna flota de safaris cuenta con veh\u00edculos 4&#215;4 dise\u00f1ados especialmente y equipados con techos elevables para una observaci\u00f3n de la fauna y fotograf\u00eda \u00f3ptimas. Cada veh\u00edculo tiene capacidad para grupos peque\u00f1os con asientos c\u00f3modos, sistemas de refrigeraci\u00f3n y puertos de carga para tus dispositivos. Nuestros experimentados conductores tambi\u00e9n act\u00faan como [&hellip;]<\/p>\n","protected":false},"author":5,"featured_media":0,"parent":0,"menu_order":0,"comment_status":"closed","ping_status":"closed","template":"","meta":{"_acf_changed":false,"footnotes":""},"class_list":["post-64693","page","type-page","status-publish","hentry"],"acf":[],"yoast_head":"<!-- This site is optimized with the Yoast SEO Premium plugin v26.3 (Yoast SEO v27.5) - https:\/\/yoast.com\/product\/yoast-seo-premium-wordpress\/ -->\n<title>Nuestra flota &#8211; Kilidove Tours<\/title>\n<meta name=\"description\" content=\"Veh\u00edculos de safari en Tanzania: utilizamos Toyota Land Cruiser de techo cerrado y veh\u00edculos totalmente abiertos para nuestras operaciones de safari en Tanzania.\" \/>\n<meta name=\"robots\" content=\"index, follow, max-snippet:-1, max-image-preview:large, max-video-preview:-1\" \/>\n<link rel=\"canonical\" href=\"https:\/\/kilidovetours.com\/es\/our-fleet\/\" \/>\n<meta property=\"og:locale\" content=\"es_ES\" \/>\n<meta property=\"og:type\" content=\"article\" \/>\n<meta property=\"og:title\" content=\"Nuestra flota\" \/>\n<meta property=\"og:description\" content=\"Veh\u00edculos de safari en Tanzania: utilizamos Toyota Land Cruiser de techo cerrado y veh\u00edculos totalmente abiertos para nuestras operaciones de safari en Tanzania.\" \/>\n<meta property=\"og:url\" content=\"https:\/\/kilidovetours.com\/es\/our-fleet\/\" \/>\n<meta property=\"og:site_name\" content=\"Kilidove Tours\" \/>\n<meta property=\"article:publisher\" content=\"https:\/\/www.facebook.com\/kilidovetoursandsafaris\/\" \/>\n<meta property=\"article:modified_time\" content=\"2026-04-24T11:32:11+00:00\" \/>\n<meta property=\"og:image\" content=\"https:\/\/kilidovetours.com\/wp-content\/uploads\/2024\/11\/Kilidove-Vehicle-safari-car-scaled-e1756795468359.webp\" \/>\n\t<meta property=\"og:image:width\" content=\"1200\" \/>\n\t<meta property=\"og:image:height\" content=\"800\" \/>\n\t<meta property=\"og:image:type\" content=\"image\/webp\" \/>\n<meta name=\"twitter:card\" content=\"summary_large_image\" \/>\n<meta name=\"twitter:site\" content=\"@kilidovetours\" \/>\n<meta name=\"twitter:label1\" content=\"Tiempo de lectura\" \/>\n\t<meta name=\"twitter:data1\" content=\"1 minuto\" \/>\n<script type=\"application\/ld+json\" class=\"yoast-schema-graph\">{\"@context\":\"https:\\\/\\\/schema.org\",\"@graph\":[{\"@type\":\"WebPage\",\"@id\":\"https:\\\/\\\/kilidovetours.com\\\/es\\\/our-fleet\\\/\",\"url\":\"https:\\\/\\\/kilidovetours.com\\\/es\\\/our-fleet\\\/\",\"name\":\"Nuestra flota &#8211; Kilidove Tours\",\"isPartOf\":{\"@id\":\"https:\\\/\\\/kilidovetours.com\\\/es\\\/#website\"},\"primaryImageOfPage\":{\"@id\":\"https:\\\/\\\/kilidovetours.com\\\/es\\\/our-fleet\\\/#primaryimage\"},\"image\":{\"@id\":\"https:\\\/\\\/kilidovetours.com\\\/es\\\/our-fleet\\\/#primaryimage\"},\"thumbnailUrl\":\"https:\\\/\\\/kilidovetours.com\\\/wp-content\\\/uploads\\\/2024\\\/11\\\/Kilidove-Vehicle-safari-car-1024x683.webp\",\"datePublished\":\"2024-11-01T12:19:31+00:00\",\"dateModified\":\"2026-04-24T11:32:11+00:00\",\"description\":\"Veh\u00edculos de safari en Tanzania: utilizamos Toyota Land Cruiser de techo cerrado y veh\u00edculos totalmente abiertos para nuestras operaciones de safari en Tanzania.\",\"breadcrumb\":{\"@id\":\"https:\\\/\\\/kilidovetours.com\\\/es\\\/our-fleet\\\/#breadcrumb\"},\"inLanguage\":\"es\",\"potentialAction\":[{\"@type\":\"ReadAction\",\"target\":[\"https:\\\/\\\/kilidovetours.com\\\/es\\\/our-fleet\\\/\"]}]},{\"@type\":\"ImageObject\",\"inLanguage\":\"es\",\"@id\":\"https:\\\/\\\/kilidovetours.com\\\/es\\\/our-fleet\\\/#primaryimage\",\"url\":\"https:\\\/\\\/kilidovetours.com\\\/wp-content\\\/uploads\\\/2024\\\/11\\\/Kilidove-Vehicle-safari-car-1024x683.webp\",\"contentUrl\":\"https:\\\/\\\/kilidovetours.com\\\/wp-content\\\/uploads\\\/2024\\\/11\\\/Kilidove-Vehicle-safari-car-1024x683.webp\"},{\"@type\":\"BreadcrumbList\",\"@id\":\"https:\\\/\\\/kilidovetours.com\\\/es\\\/our-fleet\\\/#breadcrumb\",\"itemListElement\":[{\"@type\":\"ListItem\",\"position\":1,\"name\":\"Inicio\",\"item\":\"https:\\\/\\\/kilidovetours.com\\\/es\\\/kilidove-tours-2\\\/\"},{\"@type\":\"ListItem\",\"position\":2,\"name\":\"Nuestra flota\"}]},{\"@type\":\"WebSite\",\"@id\":\"https:\\\/\\\/kilidovetours.com\\\/es\\\/#website\",\"url\":\"https:\\\/\\\/kilidovetours.com\\\/es\\\/\",\"name\":\"KILIDOVE Tours\",\"description\":\"Personalised Private Guided Safari Tours &amp; Treks. Best safari tour agency in Arusha, Tanzania.\",\"publisher\":{\"@id\":\"https:\\\/\\\/kilidovetours.com\\\/es\\\/#organization\"},\"alternateName\":\"KILIDOVE\",\"potentialAction\":[{\"@type\":\"SearchAction\",\"target\":{\"@type\":\"EntryPoint\",\"urlTemplate\":\"https:\\\/\\\/kilidovetours.com\\\/es\\\/?s={search_term_string}\"},\"query-input\":{\"@type\":\"PropertyValueSpecification\",\"valueRequired\":true,\"valueName\":\"search_term_string\"}}],\"inLanguage\":\"es\"},{\"@type\":\"Organization\",\"@id\":\"https:\\\/\\\/kilidovetours.com\\\/es\\\/#organization\",\"name\":\"KILIDOVE Tours\",\"alternateName\":\"KILIDOVE\",\"url\":\"https:\\\/\\\/kilidovetours.com\\\/es\\\/\",\"logo\":{\"@type\":\"ImageObject\",\"inLanguage\":\"es\",\"@id\":\"https:\\\/\\\/kilidovetours.com\\\/es\\\/#\\\/schema\\\/logo\\\/image\\\/\",\"url\":\"https:\\\/\\\/kilidovetours.com\\\/wp-content\\\/uploads\\\/2024\\\/05\\\/kilidove-1.png\",\"contentUrl\":\"https:\\\/\\\/kilidovetours.com\\\/wp-content\\\/uploads\\\/2024\\\/05\\\/kilidove-1.png\",\"width\":118,\"height\":118,\"caption\":\"KILIDOVE Tours\"},\"image\":{\"@id\":\"https:\\\/\\\/kilidovetours.com\\\/es\\\/#\\\/schema\\\/logo\\\/image\\\/\"},\"sameAs\":[\"https:\\\/\\\/www.facebook.com\\\/kilidovetoursandsafaris\\\/\",\"https:\\\/\\\/x.com\\\/kilidovetours\",\"https:\\\/\\\/www.tripadvisor.com\\\/Attraction_Review-g297913-d7790780-Reviews-Kilidove_Tours_And_Safaris-Arusha_Arusha_Region.html\",\"https:\\\/\\\/www.instagram.com\\\/kilidovetours\\\/\",\"https:\\\/\\\/www.youtube.com\\\/user\\\/KilidoveTours\"],\"description\":\"Kilidove Tours &amp; Safaris es un operador tur\u00edstico tanzano de primer nivel que ofrece experiencias de safari personalizadas. Con sede en Arusha, operan desde hace m\u00e1s de 15 a\u00f1os y se especializan en viajes de gama media y lujo por Tanzania, Kenia, Uganda, Ruanda y Zanz\u00edbar. Destacan por sus excelentes valoraciones (5\\\/5 en SafariBookings) e itinerarios a medida.  \",\"email\":\"kili@kilidovetours.com\",\"telephone\":\"+255 787 955 466\",\"legalName\":\"Kilidove tours and safaris private limited\",\"numberOfEmployees\":{\"@type\":\"QuantitativeValue\",\"minValue\":\"11\",\"maxValue\":\"50\"}}]}<\/script>\n<!-- \/ Yoast SEO Premium plugin. -->","yoast_head_json":{"title":"Nuestra flota &#8211; Kilidove Tours","description":"Veh\u00edculos de safari en Tanzania: utilizamos Toyota Land Cruiser de techo cerrado y veh\u00edculos totalmente abiertos para nuestras operaciones de safari en Tanzania.","robots":{"index":"index","follow":"follow","max-snippet":"max-snippet:-1","max-image-preview":"max-image-preview:large","max-video-preview":"max-video-preview:-1"},"canonical":"https:\/\/kilidovetours.com\/es\/our-fleet\/","og_locale":"es_ES","og_type":"article","og_title":"Nuestra flota","og_description":"Veh\u00edculos de safari en Tanzania: utilizamos Toyota Land Cruiser de techo cerrado y veh\u00edculos totalmente abiertos para nuestras operaciones de safari en Tanzania.","og_url":"https:\/\/kilidovetours.com\/es\/our-fleet\/","og_site_name":"Kilidove Tours","article_publisher":"https:\/\/www.facebook.com\/kilidovetoursandsafaris\/","article_modified_time":"2026-04-24T11:32:11+00:00","og_image":[{"width":1200,"height":800,"url":"https:\/\/kilidovetours.com\/wp-content\/uploads\/2024\/11\/Kilidove-Vehicle-safari-car-scaled-e1756795468359.webp","type":"image\/webp"}],"twitter_card":"summary_large_image","twitter_site":"@kilidovetours","twitter_misc":{"Tiempo de lectura":"1 minuto"},"schema":{"@context":"https:\/\/schema.org","@graph":[{"@type":"WebPage","@id":"https:\/\/kilidovetours.com\/es\/our-fleet\/","url":"https:\/\/kilidovetours.com\/es\/our-fleet\/","name":"Nuestra flota &#8211; Kilidove Tours","isPartOf":{"@id":"https:\/\/kilidovetours.com\/es\/#website"},"primaryImageOfPage":{"@id":"https:\/\/kilidovetours.com\/es\/our-fleet\/#primaryimage"},"image":{"@id":"https:\/\/kilidovetours.com\/es\/our-fleet\/#primaryimage"},"thumbnailUrl":"https:\/\/kilidovetours.com\/wp-content\/uploads\/2024\/11\/Kilidove-Vehicle-safari-car-1024x683.webp","datePublished":"2024-11-01T12:19:31+00:00","dateModified":"2026-04-24T11:32:11+00:00","description":"Veh\u00edculos de safari en Tanzania: utilizamos Toyota Land Cruiser de techo cerrado y veh\u00edculos totalmente abiertos para nuestras operaciones de safari en Tanzania.","breadcrumb":{"@id":"https:\/\/kilidovetours.com\/es\/our-fleet\/#breadcrumb"},"inLanguage":"es","potentialAction":[{"@type":"ReadAction","target":["https:\/\/kilidovetours.com\/es\/our-fleet\/"]}]},{"@type":"ImageObject","inLanguage":"es","@id":"https:\/\/kilidovetours.com\/es\/our-fleet\/#primaryimage","url":"https:\/\/kilidovetours.com\/wp-content\/uploads\/2024\/11\/Kilidove-Vehicle-safari-car-1024x683.webp","contentUrl":"https:\/\/kilidovetours.com\/wp-content\/uploads\/2024\/11\/Kilidove-Vehicle-safari-car-1024x683.webp"},{"@type":"BreadcrumbList","@id":"https:\/\/kilidovetours.com\/es\/our-fleet\/#breadcrumb","itemListElement":[{"@type":"ListItem","position":1,"name":"Inicio","item":"https:\/\/kilidovetours.com\/es\/kilidove-tours-2\/"},{"@type":"ListItem","position":2,"name":"Nuestra flota"}]},{"@type":"WebSite","@id":"https:\/\/kilidovetours.com\/es\/#website","url":"https:\/\/kilidovetours.com\/es\/","name":"KILIDOVE Tours","description":"Personalised Private Guided Safari Tours &amp; Treks. Best safari tour agency in Arusha, Tanzania.","publisher":{"@id":"https:\/\/kilidovetours.com\/es\/#organization"},"alternateName":"KILIDOVE","potentialAction":[{"@type":"SearchAction","target":{"@type":"EntryPoint","urlTemplate":"https:\/\/kilidovetours.com\/es\/?s={search_term_string}"},"query-input":{"@type":"PropertyValueSpecification","valueRequired":true,"valueName":"search_term_string"}}],"inLanguage":"es"},{"@type":"Organization","@id":"https:\/\/kilidovetours.com\/es\/#organization","name":"KILIDOVE Tours","alternateName":"KILIDOVE","url":"https:\/\/kilidovetours.com\/es\/","logo":{"@type":"ImageObject","inLanguage":"es","@id":"https:\/\/kilidovetours.com\/es\/#\/schema\/logo\/image\/","url":"https:\/\/kilidovetours.com\/wp-content\/uploads\/2024\/05\/kilidove-1.png","contentUrl":"https:\/\/kilidovetours.com\/wp-content\/uploads\/2024\/05\/kilidove-1.png","width":118,"height":118,"caption":"KILIDOVE Tours"},"image":{"@id":"https:\/\/kilidovetours.com\/es\/#\/schema\/logo\/image\/"},"sameAs":["https:\/\/www.facebook.com\/kilidovetoursandsafaris\/","https:\/\/x.com\/kilidovetours","https:\/\/www.tripadvisor.com\/Attraction_Review-g297913-d7790780-Reviews-Kilidove_Tours_And_Safaris-Arusha_Arusha_Region.html","https:\/\/www.instagram.com\/kilidovetours\/","https:\/\/www.youtube.com\/user\/KilidoveTours"],"description":"Kilidove Tours &amp; Safaris es un operador tur\u00edstico tanzano de primer nivel que ofrece experiencias de safari personalizadas. Con sede en Arusha, operan desde hace m\u00e1s de 15 a\u00f1os y se especializan en viajes de gama media y lujo por Tanzania, Kenia, Uganda, Ruanda y Zanz\u00edbar. Destacan por sus excelentes valoraciones (5\/5 en SafariBookings) e itinerarios a medida.  ","email":"kili@kilidovetours.com","telephone":"+255 787 955 466","legalName":"Kilidove tours and safaris private limited","numberOfEmployees":{"@type":"QuantitativeValue","minValue":"11","maxValue":"50"}}]}},"_links":{"self":[{"href":"https:\/\/kilidovetours.com\/es\/wp-json\/wp\/v2\/pages\/64693","targetHints":{"allow":["GET"]}}],"collection":[{"href":"https:\/\/kilidovetours.com\/es\/wp-json\/wp\/v2\/pages"}],"about":[{"href":"https:\/\/kilidovetours.com\/es\/wp-json\/wp\/v2\/types\/page"}],"author":[{"embeddable":true,"href":"https:\/\/kilidovetours.com\/es\/wp-json\/wp\/v2\/users\/5"}],"replies":[{"embeddable":true,"href":"https:\/\/kilidovetours.com\/es\/wp-json\/wp\/v2\/comments?post=64693"}],"version-history":[{"count":3,"href":"https:\/\/kilidovetours.com\/es\/wp-json\/wp\/v2\/pages\/64693\/revisions"}],"predecessor-version":[{"id":69474,"href":"https:\/\/kilidovetours.com\/es\/wp-json\/wp\/v2\/pages\/64693\/revisions\/69474"}],"wp:attachment":[{"href":"https:\/\/kilidovetours.com\/es\/wp-json\/wp\/v2\/media?parent=64693"}],"curies":[{"name":"wp","href":"https:\/\/api.w.org\/{rel}","templated":true}]}}