{"id":64767,"date":"2024-05-08T15:15:47","date_gmt":"2024-05-08T15:15:47","guid":{"rendered":"https:\/\/kilidovetours.com\/?page_id=64767"},"modified":"2026-04-20T07:50:21","modified_gmt":"2026-04-20T07:50:21","slug":"nuestros-destinos","status":"publish","type":"page","link":"https:\/\/kilidovetours.com\/es\/nuestros-destinos\/","title":{"rendered":"Nuestros destinos"},"content":{"rendered":"\t\t<div data-elementor-type=\"wp-page\" data-elementor-id=\"64767\" class=\"elementor elementor-64767 elementor-35786\" data-elementor-post-type=\"page\">\n\t\t\t\t<div class=\"elementor-element elementor-element-074d20c section-s e-flex e-con-boxed e-con e-parent\" data-id=\"074d20c\" data-element_type=\"container\" data-e-type=\"container\">\n\t\t\t\t\t<div class=\"e-con-inner\">\n\t\t<div class=\"elementor-element elementor-element-eeced64 e-con-full e-flex e-con e-child\" data-id=\"eeced64\" data-element_type=\"container\" data-e-type=\"container\">\n\t\t\t\t<div class=\"elementor-element elementor-element-03d751d elementor-widget__width-initial elementor-widget-mobile__width-initial elementor-widget elementor-widget-heading\" data-id=\"03d751d\" data-element_type=\"widget\" data-e-type=\"widget\" data-widget_type=\"heading.default\">\n\t\t\t\t<div class=\"elementor-widget-container\">\n\t\t\t\t\t<h1 class=\"elementor-heading-title elementor-size-default\">Destinos de safari en \u00c1frica Oriental<\/h1>\t\t\t\t<\/div>\n\t\t\t\t<\/div>\n\t\t\t\t<div class=\"elementor-element elementor-element-5601477 elementor-widget elementor-widget-text-editor\" data-id=\"5601477\" data-element_type=\"widget\" data-e-type=\"widget\" data-widget_type=\"text-editor.default\">\n\t\t\t\t<div class=\"elementor-widget-container\">\n\t\t\t\t\t\t\t\t\t<p>Los destinos de \u00c1frica Oriental ofrecen una mezcla extraordinaria de fauna, paisajes y patrimonio cultural que pocas regiones del mundo pueden igualar. Desde las ic\u00f3nicas llanuras del Serengueti y Maasai Mara hasta los imponentes picos del Kilimanjaro y el monte Kenia, esta regi\u00f3n es un para\u00edso para aventureros, amantes de la naturaleza y exploradores culturales por igual. <\/p>\t\t\t\t\t\t\t\t<\/div>\n\t\t\t\t<\/div>\n\t\t<div class=\"elementor-element elementor-element-68da667 e-con-full e-flex e-con e-child\" data-id=\"68da667\" data-element_type=\"container\" data-e-type=\"container\">\n\t\t<div class=\"elementor-element elementor-element-33ab001 e-con-full e-flex e-con e-child\" data-id=\"33ab001\" data-element_type=\"container\" data-e-type=\"container\">\n\t\t\t\t<div class=\"elementor-element elementor-element-05c7fab elementor-align-justify elementor-mobile-align-justify elementor-widget elementor-widget-button\" data-id=\"05c7fab\" data-element_type=\"widget\" data-e-type=\"widget\" data-widget_type=\"button.default\">\n\t\t\t\t<div class=\"elementor-widget-container\">\n\t\t\t\t\t\t\t\t\t<div class=\"elementor-button-wrapper\">\n\t\t\t\t\t<a class=\"elementor-button elementor-button-link elementor-size-sm\" href=\"https:\/\/kilidovetours.com\/es\/?page_id=64687\">\n\t\t\t\t\t\t<span class=\"elementor-button-content-wrapper\">\n\t\t\t\t\t\t<span class=\"elementor-button-icon\">\n\t\t\t\t<svg aria-hidden=\"true\" class=\"e-font-icon-svg e-far-calendar-alt\" viewBox=\"0 0 448 512\" xmlns=\"http:\/\/www.w3.org\/2000\/svg\"><path d=\"M148 288h-40c-6.6 0-12-5.4-12-12v-40c0-6.6 5.4-12 12-12h40c6.6 0 12 5.4 12 12v40c0 6.6-5.4 12-12 12zm108-12v-40c0-6.6-5.4-12-12-12h-40c-6.6 0-12 5.4-12 12v40c0 6.6 5.4 12 12 12h40c6.6 0 12-5.4 12-12zm96 0v-40c0-6.6-5.4-12-12-12h-40c-6.6 0-12 5.4-12 12v40c0 6.6 5.4 12 12 12h40c6.6 0 12-5.4 12-12zm-96 96v-40c0-6.6-5.4-12-12-12h-40c-6.6 0-12 5.4-12 12v40c0 6.6 5.4 12 12 12h40c6.6 0 12-5.4 12-12zm-96 0v-40c0-6.6-5.4-12-12-12h-40c-6.6 0-12 5.4-12 12v40c0 6.6 5.4 12 12 12h40c6.6 0 12-5.4 12-12zm192 0v-40c0-6.6-5.4-12-12-12h-40c-6.6 0-12 5.4-12 12v40c0 6.6 5.4 12 12 12h40c6.6 0 12-5.4 12-12zm96-260v352c0 26.5-21.5 48-48 48H48c-26.5 0-48-21.5-48-48V112c0-26.5 21.5-48 48-48h48V12c0-6.6 5.4-12 12-12h40c6.6 0 12 5.4 12 12v52h128V12c0-6.6 5.4-12 12-12h40c6.6 0 12 5.4 12 12v52h48c26.5 0 48 21.5 48 48zm-48 346V160H48v298c0 3.3 2.7 6 6 6h340c3.3 0 6-2.7 6-6z\"><\/path><\/svg>\t\t\t<\/span>\n\t\t\t\t\t\t\t\t\t<span class=\"elementor-button-text\">Planifica tu viaje<\/span>\n\t\t\t\t\t<\/span>\n\t\t\t\t\t<\/a>\n\t\t\t\t<\/div>\n\t\t\t\t\t\t\t\t<\/div>\n\t\t\t\t<\/div>\n\t\t\t\t<\/div>\n\t\t<div class=\"elementor-element elementor-element-c02475e e-con-full e-flex e-con e-child\" data-id=\"c02475e\" data-element_type=\"container\" data-e-type=\"container\">\n\t\t\t\t<div class=\"elementor-element elementor-element-d9bb223 elementor-align-justify elementor-mobile-align-justify elementor-widget elementor-widget-button\" data-id=\"d9bb223\" data-element_type=\"widget\" data-e-type=\"widget\" data-widget_type=\"button.default\">\n\t\t\t\t<div class=\"elementor-widget-container\">\n\t\t\t\t\t\t\t\t\t<div class=\"elementor-button-wrapper\">\n\t\t\t\t\t<a class=\"elementor-button elementor-button-link elementor-size-sm\" href=\"https:\/\/kilidovetours.com\/es\/?page_id=63278\">\n\t\t\t\t\t\t<span class=\"elementor-button-content-wrapper\">\n\t\t\t\t\t\t\t\t\t<span class=\"elementor-button-text\">Ver paquetes de safari<\/span>\n\t\t\t\t\t<\/span>\n\t\t\t\t\t<\/a>\n\t\t\t\t<\/div>\n\t\t\t\t\t\t\t\t<\/div>\n\t\t\t\t<\/div>\n\t\t\t\t<\/div>\n\t\t\t\t<\/div>\n\t\t\t\t<\/div>\n\t\t<div class=\"elementor-element elementor-element-facf2fc e-con-full e-flex e-con e-child\" data-id=\"facf2fc\" data-element_type=\"container\" data-e-type=\"container\">\n\t\t\t\t<div class=\"elementor-element elementor-element-1620dc6 elementor-widget elementor-widget-image\" data-id=\"1620dc6\" data-element_type=\"widget\" data-e-type=\"widget\" data-widget_type=\"image.default\">\n\t\t\t\t<div class=\"elementor-widget-container\">\n\t\t\t\t\t\t\t\t\t\t\t\t\t\t\t<img fetchpriority=\"high\" decoding=\"async\" width=\"800\" height=\"534\" src=\"https:\/\/kilidovetours.com\/wp-content\/uploads\/2024\/08\/Great_Migration_waterhole_Seronera-1024x683.webp\" class=\"attachment-large size-large wp-image-40189\" alt=\"Un grupo diverso de \u00f1us y cebras recorriendo el paisaje de la sabana en una aventura de safari de 7 d\u00edas por Tanzania.\" srcset=\"https:\/\/kilidovetours.com\/wp-content\/uploads\/2024\/08\/Great_Migration_waterhole_Seronera-1024x683.webp 1024w, https:\/\/kilidovetours.com\/wp-content\/uploads\/2024\/08\/Great_Migration_waterhole_Seronera-300x200.webp 300w, https:\/\/kilidovetours.com\/wp-content\/uploads\/2024\/08\/Great_Migration_waterhole_Seronera-768x512.webp 768w, https:\/\/kilidovetours.com\/wp-content\/uploads\/2024\/08\/Great_Migration_waterhole_Seronera-1536x1024.webp 1536w, https:\/\/kilidovetours.com\/wp-content\/uploads\/2024\/08\/Great_Migration_waterhole_Seronera-2048x1365.webp 2048w, https:\/\/kilidovetours.com\/wp-content\/uploads\/2024\/08\/Great_Migration_waterhole_Seronera-370x247.webp 370w, https:\/\/kilidovetours.com\/wp-content\/uploads\/2024\/08\/Great_Migration_waterhole_Seronera-840x560.webp 840w, https:\/\/kilidovetours.com\/wp-content\/uploads\/2024\/08\/Great_Migration_waterhole_Seronera-410x273.webp 410w, https:\/\/kilidovetours.com\/wp-content\/uploads\/2024\/08\/Great_Migration_waterhole_Seronera-600x400.webp 600w, https:\/\/kilidovetours.com\/wp-content\/uploads\/2024\/08\/Great_Migration_waterhole_Seronera-scaled-e1756972839192.webp 500w\" sizes=\"(max-width: 800px) 100vw, 800px\" \/>\t\t\t\t\t\t\t\t\t\t\t\t\t\t\t<\/div>\n\t\t\t\t<\/div>\n\t\t\t\t<\/div>\n\t\t\t\t\t<\/div>\n\t\t\t\t<\/div>\n\t\t<div class=\"elementor-element elementor-element-f06748b e-flex e-con-boxed e-con e-parent\" data-id=\"f06748b\" data-element_type=\"container\" data-e-type=\"container\">\n\t\t\t\t\t<div class=\"e-con-inner\">\n\t\t<div class=\"elementor-element elementor-element-3604c87 e-con-full e-flex e-con e-child\" data-id=\"3604c87\" data-element_type=\"container\" data-e-type=\"container\">\n\t\t\t\t<div class=\"elementor-element elementor-element-73a8483 elementor-widget elementor-widget-heading\" data-id=\"73a8483\" data-element_type=\"widget\" data-e-type=\"widget\" data-widget_type=\"heading.default\">\n\t\t\t\t<div class=\"elementor-widget-container\">\n\t\t\t\t\t<h2 class=\"elementor-heading-title elementor-size-default\">Destinos vacacionales en \u00c1frica Oriental<\/h2>\t\t\t\t<\/div>\n\t\t\t\t<\/div>\n\t\t\t\t<div class=\"elementor-element elementor-element-58b0bd3 elementor-widget elementor-widget-text-editor\" data-id=\"58b0bd3\" data-element_type=\"widget\" data-e-type=\"widget\" data-widget_type=\"text-editor.default\">\n\t\t\t\t<div class=\"elementor-widget-container\">\n\t\t\t\t\t\t\t\t\t<p>Ya sea que sue\u00f1es con presenciar la Gran Migraci\u00f3n, relajarte en las playas de arena blanca de Zanz\u00edbar o hacer senderismo por exuberantes tierras altas, \u00c1frica Oriental promete experiencias inolvidables en cada momento. Descubre la belleza y diversidad que definen esta regi\u00f3n extraordinaria. <\/p>\t\t\t\t\t\t\t\t<\/div>\n\t\t\t\t<\/div>\n\t\t\t\t<div class=\"elementor-element elementor-element-7a2518a elementor-grid-1 elementor-grid-tablet-2 elementor-grid-mobile-1 elementor-widget elementor-widget-loop-grid\" data-id=\"7a2518a\" data-element_type=\"widget\" data-e-type=\"widget\" data-settings=\"{&quot;template_id&quot;:51276,&quot;columns&quot;:1,&quot;_skin&quot;:&quot;post&quot;,&quot;columns_tablet&quot;:&quot;2&quot;,&quot;columns_mobile&quot;:&quot;1&quot;,&quot;edit_handle_selector&quot;:&quot;[data-elementor-type=\\&quot;loop-item\\&quot;]&quot;,&quot;row_gap&quot;:{&quot;unit&quot;:&quot;px&quot;,&quot;size&quot;:&quot;&quot;,&quot;sizes&quot;:[]},&quot;row_gap_tablet&quot;:{&quot;unit&quot;:&quot;px&quot;,&quot;size&quot;:&quot;&quot;,&quot;sizes&quot;:[]},&quot;row_gap_mobile&quot;:{&quot;unit&quot;:&quot;px&quot;,&quot;size&quot;:&quot;&quot;,&quot;sizes&quot;:[]}}\" data-widget_type=\"loop-grid.post\">\n\t\t\t\t<div class=\"elementor-widget-container\">\n\t\t\t\t\t\t\t<div class=\"e-loop-nothing-found-message\">\n\t\t<\/div>\n\t\t\t\t\t\t<\/div>\n\t\t\t\t<\/div>\n\t\t\t\t<div class=\"elementor-element elementor-element-a908954 elementor-widget elementor-widget-spacer\" data-id=\"a908954\" data-element_type=\"widget\" data-e-type=\"widget\" data-widget_type=\"spacer.default\">\n\t\t\t\t<div class=\"elementor-widget-container\">\n\t\t\t\t\t\t\t<div class=\"elementor-spacer\">\n\t\t\t<div class=\"elementor-spacer-inner\"><\/div>\n\t\t<\/div>\n\t\t\t\t\t\t<\/div>\n\t\t\t\t<\/div>\n\t\t\t\t<\/div>\n\t\t\t\t\t<\/div>\n\t\t\t\t<\/div>\n\t\t\t\t<\/div>\n\t\t","protected":false},"excerpt":{"rendered":"<p>Destinos de safari en \u00c1frica Oriental Los destinos de \u00c1frica Oriental ofrecen una mezcla extraordinaria de fauna, paisajes y patrimonio cultural que pocas regiones del mundo pueden igualar. Desde las ic\u00f3nicas llanuras del Serengueti y Maasai Mara hasta los imponentes picos del Kilimanjaro y el monte Kenia, esta regi\u00f3n es un para\u00edso para aventureros, amantes [&hellip;]<\/p>\n","protected":false},"author":3,"featured_media":41291,"parent":0,"menu_order":0,"comment_status":"closed","ping_status":"closed","template":"","meta":{"_acf_changed":false,"footnotes":""},"class_list":["post-64767","page","type-page","status-publish","has-post-thumbnail","hentry"],"acf":[],"yoast_head":"<!-- This site is optimized with the Yoast SEO Premium plugin v26.3 (Yoast SEO v27.4) - https:\/\/yoast.com\/product\/yoast-seo-premium-wordpress\/ -->\n<title>Los mejores destinos de \u00c1frica Oriental para aventura y relax<\/title>\n<meta name=\"description\" content=\"Descubre nuestros destinos preferidos de \u00c1frica Oriental. Tenemos una s\u00f3lida base en Kenia, Tanzania, Uganda, Ruanda y Zanz\u00edbar para unas vacaciones incre\u00edbles.\" \/>\n<meta name=\"robots\" content=\"index, follow, max-snippet:-1, max-image-preview:large, max-video-preview:-1\" \/>\n<link rel=\"canonical\" href=\"https:\/\/kilidovetours.com\/es\/nuestros-destinos\/\" \/>\n<meta property=\"og:locale\" content=\"es_ES\" \/>\n<meta property=\"og:type\" content=\"article\" \/>\n<meta property=\"og:title\" content=\"Nuestros destinos\" \/>\n<meta property=\"og:description\" content=\"Descubre nuestros destinos preferidos de \u00c1frica Oriental. Tenemos una s\u00f3lida base en Kenia, Tanzania, Uganda, Ruanda y Zanz\u00edbar para unas vacaciones incre\u00edbles.\" \/>\n<meta property=\"og:url\" content=\"https:\/\/kilidovetours.com\/es\/nuestros-destinos\/\" \/>\n<meta property=\"og:site_name\" content=\"Kilidove Tours\" \/>\n<meta property=\"article:publisher\" content=\"https:\/\/www.facebook.com\/kilidovetoursandsafaris\/\" \/>\n<meta property=\"article:modified_time\" content=\"2026-04-20T07:50:21+00:00\" \/>\n<meta property=\"og:image\" content=\"https:\/\/kilidovetours.com\/wp-content\/uploads\/2024\/08\/Safari-car-Tarangire-Kilidove-Tours-8.webp\" \/>\n\t<meta property=\"og:image:width\" content=\"2551\" \/>\n\t<meta property=\"og:image:height\" content=\"1701\" \/>\n\t<meta property=\"og:image:type\" content=\"image\/webp\" \/>\n<meta name=\"twitter:card\" content=\"summary_large_image\" \/>\n<meta name=\"twitter:site\" content=\"@kilidovetours\" \/>\n<meta name=\"twitter:label1\" content=\"Tiempo de lectura\" \/>\n\t<meta name=\"twitter:data1\" content=\"1 minuto\" \/>\n<script type=\"application\/ld+json\" class=\"yoast-schema-graph\">{\"@context\":\"https:\\\/\\\/schema.org\",\"@graph\":[{\"@type\":\"WebPage\",\"@id\":\"https:\\\/\\\/kilidovetours.com\\\/es\\\/nuestros-destinos\\\/\",\"url\":\"https:\\\/\\\/kilidovetours.com\\\/es\\\/nuestros-destinos\\\/\",\"name\":\"Los mejores destinos de \u00c1frica Oriental para aventura y relax\",\"isPartOf\":{\"@id\":\"https:\\\/\\\/kilidovetours.com\\\/es\\\/#website\"},\"primaryImageOfPage\":{\"@id\":\"https:\\\/\\\/kilidovetours.com\\\/es\\\/nuestros-destinos\\\/#primaryimage\"},\"image\":{\"@id\":\"https:\\\/\\\/kilidovetours.com\\\/es\\\/nuestros-destinos\\\/#primaryimage\"},\"thumbnailUrl\":\"https:\\\/\\\/kilidovetours.com\\\/wp-content\\\/uploads\\\/2024\\\/08\\\/Safari-car-Tarangire-Kilidove-Tours-8.webp\",\"datePublished\":\"2024-05-08T15:15:47+00:00\",\"dateModified\":\"2026-04-20T07:50:21+00:00\",\"description\":\"Descubre nuestros destinos preferidos de \u00c1frica Oriental. Tenemos una s\u00f3lida base en Kenia, Tanzania, Uganda, Ruanda y Zanz\u00edbar para unas vacaciones incre\u00edbles.\",\"breadcrumb\":{\"@id\":\"https:\\\/\\\/kilidovetours.com\\\/es\\\/nuestros-destinos\\\/#breadcrumb\"},\"inLanguage\":\"es\",\"potentialAction\":[{\"@type\":\"ReadAction\",\"target\":[\"https:\\\/\\\/kilidovetours.com\\\/es\\\/nuestros-destinos\\\/\"]}]},{\"@type\":\"ImageObject\",\"inLanguage\":\"es\",\"@id\":\"https:\\\/\\\/kilidovetours.com\\\/es\\\/nuestros-destinos\\\/#primaryimage\",\"url\":\"https:\\\/\\\/kilidovetours.com\\\/wp-content\\\/uploads\\\/2024\\\/08\\\/Safari-car-Tarangire-Kilidove-Tours-8.webp\",\"contentUrl\":\"https:\\\/\\\/kilidovetours.com\\\/wp-content\\\/uploads\\\/2024\\\/08\\\/Safari-car-Tarangire-Kilidove-Tours-8.webp\",\"width\":2551,\"height\":1701,\"caption\":\"Un veh\u00edculo de safari recorre un camino de tierra a trav\u00e9s de un vasto campo en \u00c1frica Oriental, mostrando el paisaje natural.\"},{\"@type\":\"BreadcrumbList\",\"@id\":\"https:\\\/\\\/kilidovetours.com\\\/es\\\/nuestros-destinos\\\/#breadcrumb\",\"itemListElement\":[{\"@type\":\"ListItem\",\"position\":1,\"name\":\"Inicio\",\"item\":\"https:\\\/\\\/kilidovetours.com\\\/es\\\/\"},{\"@type\":\"ListItem\",\"position\":2,\"name\":\"Nuestros destinos\"}]},{\"@type\":\"WebSite\",\"@id\":\"https:\\\/\\\/kilidovetours.com\\\/es\\\/#website\",\"url\":\"https:\\\/\\\/kilidovetours.com\\\/es\\\/\",\"name\":\"KILIDOVE Tours\",\"description\":\"Personalised Private Guided Safari Tours &amp; Treks. Best safari tour agency in Arusha, Tanzania.\",\"publisher\":{\"@id\":\"https:\\\/\\\/kilidovetours.com\\\/es\\\/#organization\"},\"alternateName\":\"KILIDOVE\",\"potentialAction\":[{\"@type\":\"SearchAction\",\"target\":{\"@type\":\"EntryPoint\",\"urlTemplate\":\"https:\\\/\\\/kilidovetours.com\\\/es\\\/?s={search_term_string}\"},\"query-input\":{\"@type\":\"PropertyValueSpecification\",\"valueRequired\":true,\"valueName\":\"search_term_string\"}}],\"inLanguage\":\"es\"},{\"@type\":\"Organization\",\"@id\":\"https:\\\/\\\/kilidovetours.com\\\/es\\\/#organization\",\"name\":\"KILIDOVE Tours\",\"alternateName\":\"KILIDOVE\",\"url\":\"https:\\\/\\\/kilidovetours.com\\\/es\\\/\",\"logo\":{\"@type\":\"ImageObject\",\"inLanguage\":\"es\",\"@id\":\"https:\\\/\\\/kilidovetours.com\\\/es\\\/#\\\/schema\\\/logo\\\/image\\\/\",\"url\":\"https:\\\/\\\/kilidovetours.com\\\/wp-content\\\/uploads\\\/2024\\\/05\\\/kilidove-1.png\",\"contentUrl\":\"https:\\\/\\\/kilidovetours.com\\\/wp-content\\\/uploads\\\/2024\\\/05\\\/kilidove-1.png\",\"width\":118,\"height\":118,\"caption\":\"KILIDOVE Tours\"},\"image\":{\"@id\":\"https:\\\/\\\/kilidovetours.com\\\/es\\\/#\\\/schema\\\/logo\\\/image\\\/\"},\"sameAs\":[\"https:\\\/\\\/www.facebook.com\\\/kilidovetoursandsafaris\\\/\",\"https:\\\/\\\/x.com\\\/kilidovetours\",\"https:\\\/\\\/www.tripadvisor.com\\\/Attraction_Review-g297913-d7790780-Reviews-Kilidove_Tours_And_Safaris-Arusha_Arusha_Region.html\",\"https:\\\/\\\/www.instagram.com\\\/kilidovetours\\\/\",\"https:\\\/\\\/www.youtube.com\\\/user\\\/KilidoveTours\"],\"description\":\"Kilidove Tours &amp; Safaris es un operador tur\u00edstico tanzano de primer nivel que ofrece experiencias de safari personalizadas. Con sede en Arusha, operan desde hace m\u00e1s de 15 a\u00f1os y se especializan en viajes de gama media y lujo por Tanzania, Kenia, Uganda, Ruanda y Zanz\u00edbar. Destacan por sus excelentes valoraciones (5\\\/5 en SafariBookings) e itinerarios a medida.  \",\"email\":\"kili@kilidovetours.com\",\"telephone\":\"+255 787 955 466\",\"legalName\":\"Kilidove tours and safaris private limited\",\"numberOfEmployees\":{\"@type\":\"QuantitativeValue\",\"minValue\":\"11\",\"maxValue\":\"50\"}}]}<\/script>\n<!-- \/ Yoast SEO Premium plugin. -->","yoast_head_json":{"title":"Los mejores destinos de \u00c1frica Oriental para aventura y relax","description":"Descubre nuestros destinos preferidos de \u00c1frica Oriental. Tenemos una s\u00f3lida base en Kenia, Tanzania, Uganda, Ruanda y Zanz\u00edbar para unas vacaciones incre\u00edbles.","robots":{"index":"index","follow":"follow","max-snippet":"max-snippet:-1","max-image-preview":"max-image-preview:large","max-video-preview":"max-video-preview:-1"},"canonical":"https:\/\/kilidovetours.com\/es\/nuestros-destinos\/","og_locale":"es_ES","og_type":"article","og_title":"Nuestros destinos","og_description":"Descubre nuestros destinos preferidos de \u00c1frica Oriental. Tenemos una s\u00f3lida base en Kenia, Tanzania, Uganda, Ruanda y Zanz\u00edbar para unas vacaciones incre\u00edbles.","og_url":"https:\/\/kilidovetours.com\/es\/nuestros-destinos\/","og_site_name":"Kilidove Tours","article_publisher":"https:\/\/www.facebook.com\/kilidovetoursandsafaris\/","article_modified_time":"2026-04-20T07:50:21+00:00","og_image":[{"width":2551,"height":1701,"url":"https:\/\/kilidovetours.com\/wp-content\/uploads\/2024\/08\/Safari-car-Tarangire-Kilidove-Tours-8.webp","type":"image\/webp"}],"twitter_card":"summary_large_image","twitter_site":"@kilidovetours","twitter_misc":{"Tiempo de lectura":"1 minuto"},"schema":{"@context":"https:\/\/schema.org","@graph":[{"@type":"WebPage","@id":"https:\/\/kilidovetours.com\/es\/nuestros-destinos\/","url":"https:\/\/kilidovetours.com\/es\/nuestros-destinos\/","name":"Los mejores destinos de \u00c1frica Oriental para aventura y relax","isPartOf":{"@id":"https:\/\/kilidovetours.com\/es\/#website"},"primaryImageOfPage":{"@id":"https:\/\/kilidovetours.com\/es\/nuestros-destinos\/#primaryimage"},"image":{"@id":"https:\/\/kilidovetours.com\/es\/nuestros-destinos\/#primaryimage"},"thumbnailUrl":"https:\/\/kilidovetours.com\/wp-content\/uploads\/2024\/08\/Safari-car-Tarangire-Kilidove-Tours-8.webp","datePublished":"2024-05-08T15:15:47+00:00","dateModified":"2026-04-20T07:50:21+00:00","description":"Descubre nuestros destinos preferidos de \u00c1frica Oriental. Tenemos una s\u00f3lida base en Kenia, Tanzania, Uganda, Ruanda y Zanz\u00edbar para unas vacaciones incre\u00edbles.","breadcrumb":{"@id":"https:\/\/kilidovetours.com\/es\/nuestros-destinos\/#breadcrumb"},"inLanguage":"es","potentialAction":[{"@type":"ReadAction","target":["https:\/\/kilidovetours.com\/es\/nuestros-destinos\/"]}]},{"@type":"ImageObject","inLanguage":"es","@id":"https:\/\/kilidovetours.com\/es\/nuestros-destinos\/#primaryimage","url":"https:\/\/kilidovetours.com\/wp-content\/uploads\/2024\/08\/Safari-car-Tarangire-Kilidove-Tours-8.webp","contentUrl":"https:\/\/kilidovetours.com\/wp-content\/uploads\/2024\/08\/Safari-car-Tarangire-Kilidove-Tours-8.webp","width":2551,"height":1701,"caption":"Un veh\u00edculo de safari recorre un camino de tierra a trav\u00e9s de un vasto campo en \u00c1frica Oriental, mostrando el paisaje natural."},{"@type":"BreadcrumbList","@id":"https:\/\/kilidovetours.com\/es\/nuestros-destinos\/#breadcrumb","itemListElement":[{"@type":"ListItem","position":1,"name":"Inicio","item":"https:\/\/kilidovetours.com\/es\/"},{"@type":"ListItem","position":2,"name":"Nuestros destinos"}]},{"@type":"WebSite","@id":"https:\/\/kilidovetours.com\/es\/#website","url":"https:\/\/kilidovetours.com\/es\/","name":"KILIDOVE Tours","description":"Personalised Private Guided Safari Tours &amp; Treks. Best safari tour agency in Arusha, Tanzania.","publisher":{"@id":"https:\/\/kilidovetours.com\/es\/#organization"},"alternateName":"KILIDOVE","potentialAction":[{"@type":"SearchAction","target":{"@type":"EntryPoint","urlTemplate":"https:\/\/kilidovetours.com\/es\/?s={search_term_string}"},"query-input":{"@type":"PropertyValueSpecification","valueRequired":true,"valueName":"search_term_string"}}],"inLanguage":"es"},{"@type":"Organization","@id":"https:\/\/kilidovetours.com\/es\/#organization","name":"KILIDOVE Tours","alternateName":"KILIDOVE","url":"https:\/\/kilidovetours.com\/es\/","logo":{"@type":"ImageObject","inLanguage":"es","@id":"https:\/\/kilidovetours.com\/es\/#\/schema\/logo\/image\/","url":"https:\/\/kilidovetours.com\/wp-content\/uploads\/2024\/05\/kilidove-1.png","contentUrl":"https:\/\/kilidovetours.com\/wp-content\/uploads\/2024\/05\/kilidove-1.png","width":118,"height":118,"caption":"KILIDOVE Tours"},"image":{"@id":"https:\/\/kilidovetours.com\/es\/#\/schema\/logo\/image\/"},"sameAs":["https:\/\/www.facebook.com\/kilidovetoursandsafaris\/","https:\/\/x.com\/kilidovetours","https:\/\/www.tripadvisor.com\/Attraction_Review-g297913-d7790780-Reviews-Kilidove_Tours_And_Safaris-Arusha_Arusha_Region.html","https:\/\/www.instagram.com\/kilidovetours\/","https:\/\/www.youtube.com\/user\/KilidoveTours"],"description":"Kilidove Tours &amp; Safaris es un operador tur\u00edstico tanzano de primer nivel que ofrece experiencias de safari personalizadas. Con sede en Arusha, operan desde hace m\u00e1s de 15 a\u00f1os y se especializan en viajes de gama media y lujo por Tanzania, Kenia, Uganda, Ruanda y Zanz\u00edbar. Destacan por sus excelentes valoraciones (5\/5 en SafariBookings) e itinerarios a medida.  ","email":"kili@kilidovetours.com","telephone":"+255 787 955 466","legalName":"Kilidove tours and safaris private limited","numberOfEmployees":{"@type":"QuantitativeValue","minValue":"11","maxValue":"50"}}]}},"_links":{"self":[{"href":"https:\/\/kilidovetours.com\/es\/wp-json\/wp\/v2\/pages\/64767","targetHints":{"allow":["GET"]}}],"collection":[{"href":"https:\/\/kilidovetours.com\/es\/wp-json\/wp\/v2\/pages"}],"about":[{"href":"https:\/\/kilidovetours.com\/es\/wp-json\/wp\/v2\/types\/page"}],"author":[{"embeddable":true,"href":"https:\/\/kilidovetours.com\/es\/wp-json\/wp\/v2\/users\/3"}],"replies":[{"embeddable":true,"href":"https:\/\/kilidovetours.com\/es\/wp-json\/wp\/v2\/comments?post=64767"}],"version-history":[{"count":1,"href":"https:\/\/kilidovetours.com\/es\/wp-json\/wp\/v2\/pages\/64767\/revisions"}],"predecessor-version":[{"id":64768,"href":"https:\/\/kilidovetours.com\/es\/wp-json\/wp\/v2\/pages\/64767\/revisions\/64768"}],"wp:featuredmedia":[{"embeddable":true,"href":"https:\/\/kilidovetours.com\/es\/wp-json\/wp\/v2\/media\/41291"}],"wp:attachment":[{"href":"https:\/\/kilidovetours.com\/es\/wp-json\/wp\/v2\/media?parent=64767"}],"curies":[{"name":"wp","href":"https:\/\/api.w.org\/{rel}","templated":true}]}}