{"id":64900,"date":"2020-12-27T08:23:10","date_gmt":"2020-12-27T08:23:10","guid":{"rendered":"https:\/\/kilidovetours.com\/?page_id=64900"},"modified":"2026-04-20T07:26:17","modified_gmt":"2026-04-20T07:26:17","slug":"politica-sostenibilidad","status":"publish","type":"page","link":"https:\/\/kilidovetours.com\/es\/politica-sostenibilidad\/","title":{"rendered":"Pol\u00edtica sostenibilidad"},"content":{"rendered":"\t\t<div data-elementor-type=\"wp-page\" data-elementor-id=\"64900\" class=\"elementor elementor-64900 elementor-12954\" data-elementor-post-type=\"page\">\n\t\t\t\t\t\t<section class=\"elementor-section elementor-top-section elementor-element elementor-element-2b1184b0 elementor-section-boxed elementor-section-height-default elementor-section-height-default\" data-id=\"2b1184b0\" data-element_type=\"section\" data-e-type=\"section\" data-settings=\"{&quot;background_background&quot;:&quot;classic&quot;}\">\n\t\t\t\t\t\t<div class=\"elementor-container elementor-column-gap-default\">\n\t\t\t\t\t<div class=\"elementor-column elementor-col-100 elementor-top-column elementor-element elementor-element-153e1c19\" data-id=\"153e1c19\" data-element_type=\"column\" data-e-type=\"column\">\n\t\t\t<div class=\"elementor-widget-wrap elementor-element-populated\">\n\t\t\t\t\t\t<div class=\"elementor-element elementor-element-54db29de elementor-widget elementor-widget-text-editor\" data-id=\"54db29de\" data-element_type=\"widget\" data-e-type=\"widget\" data-widget_type=\"text-editor.default\">\n\t\t\t\t<div class=\"elementor-widget-container\">\n\t\t\t\t\t\t\t\t\t<div class=\"page\" title=\"P\u00e1gina 1\"><div class=\"section\"><div class=\"layoutArea\"><div class=\"column\"><h3><strong>Nuestra pol\u00edtica de sostenibilidad<\/strong><\/h3><p>Nos comprometemos a implementar pr\u00e1cticas sostenibles en todas nuestras operaciones en \u00c1frica Oriental, dejando un <strong>impacto positivo<\/strong> en el medio ambiente, las comunidades y los paisajes en los que operamos.<\/p><p>Nuestro enfoque equilibra la <strong>conservaci\u00f3n ambiental, el turismo responsable y el apoyo a la comunidad<\/strong>, garantizando la protecci\u00f3n de la naturaleza y el empoderamiento de las comunidades locales, al tiempo que ofrecemos una <strong>experiencia de viaje excepcional<\/strong> a nuestros hu\u00e9spedes.<\/p><p>Haz clic aqu\u00ed para leer nuestra <a href=\"https:\/\/kilidovetours.com\/wp-content\/uploads\/2025\/03\/Kilidove-Tours-and-Safaris-Sustainability-policy-2025.pdf\"><strong>Pol\u00edtica de Sostenibilidad completa (PDF<\/strong><\/a>).<\/p><p><a href=\"https:\/\/www.dropbox.com\/scl\/fo\/y1eao14c5mcv1o89m9yur\/AMi--eWvosG6JQcPYGp-g4U?rlkey=tbfs444fu5zkbqycggko2ohgz&amp;st=p2cm18yp&amp;dl=0\">C\u00f3digo de conducta de la actividad (PDF)<\/a><\/p><p><strong><a href=\"https:\/\/kilidovetours.com\/es\/calculadora-de-emisiones-de-carbono\/\">Calculadora de emisiones de gases de efecto invernadero (GEI) para safaris<\/a><\/strong><\/p><\/div><\/div><\/div><\/div>\t\t\t\t\t\t\t\t<\/div>\n\t\t\t\t<\/div>\n\t\t\t\t\t<\/div>\n\t\t<\/div>\n\t\t\t\t\t<\/div>\n\t\t<\/section>\n\t\t\t\t<section class=\"elementor-section elementor-top-section elementor-element elementor-element-7ef86bc8 elementor-section-boxed elementor-section-height-default elementor-section-height-default\" data-id=\"7ef86bc8\" data-element_type=\"section\" data-e-type=\"section\">\n\t\t\t\t\t\t<div class=\"elementor-container elementor-column-gap-default\">\n\t\t\t\t\t<div class=\"elementor-column elementor-col-100 elementor-top-column elementor-element elementor-element-19372eea\" data-id=\"19372eea\" data-element_type=\"column\" data-e-type=\"column\">\n\t\t\t<div class=\"elementor-widget-wrap elementor-element-populated\">\n\t\t\t\t\t\t<div class=\"elementor-element elementor-element-690b98ed elementor-widget elementor-widget-spacer\" data-id=\"690b98ed\" data-element_type=\"widget\" data-e-type=\"widget\" data-widget_type=\"spacer.default\">\n\t\t\t\t<div class=\"elementor-widget-container\">\n\t\t\t\t\t\t\t<div class=\"elementor-spacer\">\n\t\t\t<div class=\"elementor-spacer-inner\"><\/div>\n\t\t<\/div>\n\t\t\t\t\t\t<\/div>\n\t\t\t\t<\/div>\n\t\t\t\t\t<\/div>\n\t\t<\/div>\n\t\t\t\t\t<\/div>\n\t\t<\/section>\n\t\t\t\t<\/div>\n\t\t","protected":false},"excerpt":{"rendered":"<p>Nuestra pol\u00edtica de sostenibilidad Nos comprometemos a implementar pr\u00e1cticas sostenibles en todas nuestras operaciones en \u00c1frica Oriental, dejando un impacto positivo en el medio ambiente, las comunidades y los paisajes en los que operamos. Nuestro enfoque equilibra la conservaci\u00f3n ambiental, el turismo responsable y el apoyo a la comunidad, garantizando la protecci\u00f3n de la naturaleza [&hellip;]<\/p>\n","protected":false},"author":3,"featured_media":0,"parent":0,"menu_order":0,"comment_status":"closed","ping_status":"closed","template":"","meta":{"_acf_changed":false,"footnotes":""},"class_list":["post-64900","page","type-page","status-publish","hentry"],"acf":[],"yoast_head":"<!-- This site is optimized with the Yoast SEO Premium plugin v26.3 (Yoast SEO v27.4) - https:\/\/yoast.com\/product\/yoast-seo-premium-wordpress\/ -->\n<title>Nuestra pol\u00edtica de sostenibilidad - Kilidove Tours<\/title>\n<meta name=\"description\" content=\"La empresa se compromete a integrar los principios de sostenibilidad en todos los aspectos de nuestras operaciones comerciales.\" \/>\n<meta name=\"robots\" content=\"index, follow, max-snippet:-1, max-image-preview:large, max-video-preview:-1\" \/>\n<link rel=\"canonical\" href=\"https:\/\/kilidovetours.com\/es\/politica-sostenibilidad\/\" \/>\n<meta property=\"og:locale\" content=\"es_ES\" \/>\n<meta property=\"og:type\" content=\"article\" \/>\n<meta property=\"og:title\" content=\"Pol\u00edtica sostenibilidad\" \/>\n<meta property=\"og:description\" content=\"La empresa se compromete a integrar los principios de sostenibilidad en todos los aspectos de nuestras operaciones comerciales.\" \/>\n<meta property=\"og:url\" content=\"https:\/\/kilidovetours.com\/es\/politica-sostenibilidad\/\" \/>\n<meta property=\"og:site_name\" content=\"Kilidove Tours\" \/>\n<meta property=\"article:publisher\" content=\"https:\/\/www.facebook.com\/kilidovetoursandsafaris\/\" \/>\n<meta property=\"article:modified_time\" content=\"2026-04-20T07:26:17+00:00\" \/>\n<meta property=\"og:image\" content=\"https:\/\/kilidovetours.com\/wp-content\/uploads\/2024\/05\/kilidove-logo.png\" \/>\n\t<meta property=\"og:image:width\" content=\"59\" \/>\n\t<meta property=\"og:image:height\" content=\"59\" \/>\n\t<meta property=\"og:image:type\" content=\"image\/png\" \/>\n<meta name=\"twitter:card\" content=\"summary_large_image\" \/>\n<meta name=\"twitter:site\" content=\"@kilidovetours\" \/>\n<meta name=\"twitter:label1\" content=\"Tiempo de lectura\" \/>\n\t<meta name=\"twitter:data1\" content=\"1 minuto\" \/>\n<script type=\"application\/ld+json\" class=\"yoast-schema-graph\">{\"@context\":\"https:\\\/\\\/schema.org\",\"@graph\":[{\"@type\":\"WebPage\",\"@id\":\"https:\\\/\\\/kilidovetours.com\\\/es\\\/politica-sostenibilidad\\\/\",\"url\":\"https:\\\/\\\/kilidovetours.com\\\/es\\\/politica-sostenibilidad\\\/\",\"name\":\"Nuestra pol\u00edtica de sostenibilidad - Kilidove Tours\",\"isPartOf\":{\"@id\":\"https:\\\/\\\/kilidovetours.com\\\/es\\\/#website\"},\"datePublished\":\"2020-12-27T08:23:10+00:00\",\"dateModified\":\"2026-04-20T07:26:17+00:00\",\"description\":\"La empresa se compromete a integrar los principios de sostenibilidad en todos los aspectos de nuestras operaciones comerciales.\",\"breadcrumb\":{\"@id\":\"https:\\\/\\\/kilidovetours.com\\\/es\\\/politica-sostenibilidad\\\/#breadcrumb\"},\"inLanguage\":\"es\",\"potentialAction\":[{\"@type\":\"ReadAction\",\"target\":[\"https:\\\/\\\/kilidovetours.com\\\/es\\\/politica-sostenibilidad\\\/\"]}]},{\"@type\":\"BreadcrumbList\",\"@id\":\"https:\\\/\\\/kilidovetours.com\\\/es\\\/politica-sostenibilidad\\\/#breadcrumb\",\"itemListElement\":[{\"@type\":\"ListItem\",\"position\":1,\"name\":\"Inicio\",\"item\":\"https:\\\/\\\/kilidovetours.com\\\/es\\\/\"},{\"@type\":\"ListItem\",\"position\":2,\"name\":\"Pol\u00edtica sostenibilidad\"}]},{\"@type\":\"WebSite\",\"@id\":\"https:\\\/\\\/kilidovetours.com\\\/es\\\/#website\",\"url\":\"https:\\\/\\\/kilidovetours.com\\\/es\\\/\",\"name\":\"KILIDOVE Tours\",\"description\":\"Personalised Private Guided Safari Tours &amp; Treks. Best safari tour agency in Arusha, Tanzania.\",\"publisher\":{\"@id\":\"https:\\\/\\\/kilidovetours.com\\\/es\\\/#organization\"},\"alternateName\":\"KILIDOVE\",\"potentialAction\":[{\"@type\":\"SearchAction\",\"target\":{\"@type\":\"EntryPoint\",\"urlTemplate\":\"https:\\\/\\\/kilidovetours.com\\\/es\\\/?s={search_term_string}\"},\"query-input\":{\"@type\":\"PropertyValueSpecification\",\"valueRequired\":true,\"valueName\":\"search_term_string\"}}],\"inLanguage\":\"es\"},{\"@type\":\"Organization\",\"@id\":\"https:\\\/\\\/kilidovetours.com\\\/es\\\/#organization\",\"name\":\"KILIDOVE Tours\",\"alternateName\":\"KILIDOVE\",\"url\":\"https:\\\/\\\/kilidovetours.com\\\/es\\\/\",\"logo\":{\"@type\":\"ImageObject\",\"inLanguage\":\"es\",\"@id\":\"https:\\\/\\\/kilidovetours.com\\\/es\\\/#\\\/schema\\\/logo\\\/image\\\/\",\"url\":\"https:\\\/\\\/kilidovetours.com\\\/wp-content\\\/uploads\\\/2024\\\/05\\\/kilidove-1.png\",\"contentUrl\":\"https:\\\/\\\/kilidovetours.com\\\/wp-content\\\/uploads\\\/2024\\\/05\\\/kilidove-1.png\",\"width\":118,\"height\":118,\"caption\":\"KILIDOVE Tours\"},\"image\":{\"@id\":\"https:\\\/\\\/kilidovetours.com\\\/es\\\/#\\\/schema\\\/logo\\\/image\\\/\"},\"sameAs\":[\"https:\\\/\\\/www.facebook.com\\\/kilidovetoursandsafaris\\\/\",\"https:\\\/\\\/x.com\\\/kilidovetours\",\"https:\\\/\\\/www.tripadvisor.com\\\/Attraction_Review-g297913-d7790780-Reviews-Kilidove_Tours_And_Safaris-Arusha_Arusha_Region.html\",\"https:\\\/\\\/www.instagram.com\\\/kilidovetours\\\/\",\"https:\\\/\\\/www.youtube.com\\\/user\\\/KilidoveTours\"],\"description\":\"Kilidove Tours &amp; Safaris es un operador tur\u00edstico tanzano de primer nivel que ofrece experiencias de safari personalizadas. Con sede en Arusha, operan desde hace m\u00e1s de 15 a\u00f1os y se especializan en viajes de gama media y lujo por Tanzania, Kenia, Uganda, Ruanda y Zanz\u00edbar. Destacan por sus excelentes valoraciones (5\\\/5 en SafariBookings) e itinerarios a medida.  \",\"email\":\"kili@kilidovetours.com\",\"telephone\":\"+255 787 955 466\",\"legalName\":\"Kilidove tours and safaris private limited\",\"numberOfEmployees\":{\"@type\":\"QuantitativeValue\",\"minValue\":\"11\",\"maxValue\":\"50\"}}]}<\/script>\n<!-- \/ Yoast SEO Premium plugin. -->","yoast_head_json":{"title":"Nuestra pol\u00edtica de sostenibilidad - Kilidove Tours","description":"La empresa se compromete a integrar los principios de sostenibilidad en todos los aspectos de nuestras operaciones comerciales.","robots":{"index":"index","follow":"follow","max-snippet":"max-snippet:-1","max-image-preview":"max-image-preview:large","max-video-preview":"max-video-preview:-1"},"canonical":"https:\/\/kilidovetours.com\/es\/politica-sostenibilidad\/","og_locale":"es_ES","og_type":"article","og_title":"Pol\u00edtica sostenibilidad","og_description":"La empresa se compromete a integrar los principios de sostenibilidad en todos los aspectos de nuestras operaciones comerciales.","og_url":"https:\/\/kilidovetours.com\/es\/politica-sostenibilidad\/","og_site_name":"Kilidove Tours","article_publisher":"https:\/\/www.facebook.com\/kilidovetoursandsafaris\/","article_modified_time":"2026-04-20T07:26:17+00:00","og_image":[{"width":59,"height":59,"url":"https:\/\/kilidovetours.com\/wp-content\/uploads\/2024\/05\/kilidove-logo.png","type":"image\/png"}],"twitter_card":"summary_large_image","twitter_site":"@kilidovetours","twitter_misc":{"Tiempo de lectura":"1 minuto"},"schema":{"@context":"https:\/\/schema.org","@graph":[{"@type":"WebPage","@id":"https:\/\/kilidovetours.com\/es\/politica-sostenibilidad\/","url":"https:\/\/kilidovetours.com\/es\/politica-sostenibilidad\/","name":"Nuestra pol\u00edtica de sostenibilidad - Kilidove Tours","isPartOf":{"@id":"https:\/\/kilidovetours.com\/es\/#website"},"datePublished":"2020-12-27T08:23:10+00:00","dateModified":"2026-04-20T07:26:17+00:00","description":"La empresa se compromete a integrar los principios de sostenibilidad en todos los aspectos de nuestras operaciones comerciales.","breadcrumb":{"@id":"https:\/\/kilidovetours.com\/es\/politica-sostenibilidad\/#breadcrumb"},"inLanguage":"es","potentialAction":[{"@type":"ReadAction","target":["https:\/\/kilidovetours.com\/es\/politica-sostenibilidad\/"]}]},{"@type":"BreadcrumbList","@id":"https:\/\/kilidovetours.com\/es\/politica-sostenibilidad\/#breadcrumb","itemListElement":[{"@type":"ListItem","position":1,"name":"Inicio","item":"https:\/\/kilidovetours.com\/es\/"},{"@type":"ListItem","position":2,"name":"Pol\u00edtica sostenibilidad"}]},{"@type":"WebSite","@id":"https:\/\/kilidovetours.com\/es\/#website","url":"https:\/\/kilidovetours.com\/es\/","name":"KILIDOVE Tours","description":"Personalised Private Guided Safari Tours &amp; Treks. Best safari tour agency in Arusha, Tanzania.","publisher":{"@id":"https:\/\/kilidovetours.com\/es\/#organization"},"alternateName":"KILIDOVE","potentialAction":[{"@type":"SearchAction","target":{"@type":"EntryPoint","urlTemplate":"https:\/\/kilidovetours.com\/es\/?s={search_term_string}"},"query-input":{"@type":"PropertyValueSpecification","valueRequired":true,"valueName":"search_term_string"}}],"inLanguage":"es"},{"@type":"Organization","@id":"https:\/\/kilidovetours.com\/es\/#organization","name":"KILIDOVE Tours","alternateName":"KILIDOVE","url":"https:\/\/kilidovetours.com\/es\/","logo":{"@type":"ImageObject","inLanguage":"es","@id":"https:\/\/kilidovetours.com\/es\/#\/schema\/logo\/image\/","url":"https:\/\/kilidovetours.com\/wp-content\/uploads\/2024\/05\/kilidove-1.png","contentUrl":"https:\/\/kilidovetours.com\/wp-content\/uploads\/2024\/05\/kilidove-1.png","width":118,"height":118,"caption":"KILIDOVE Tours"},"image":{"@id":"https:\/\/kilidovetours.com\/es\/#\/schema\/logo\/image\/"},"sameAs":["https:\/\/www.facebook.com\/kilidovetoursandsafaris\/","https:\/\/x.com\/kilidovetours","https:\/\/www.tripadvisor.com\/Attraction_Review-g297913-d7790780-Reviews-Kilidove_Tours_And_Safaris-Arusha_Arusha_Region.html","https:\/\/www.instagram.com\/kilidovetours\/","https:\/\/www.youtube.com\/user\/KilidoveTours"],"description":"Kilidove Tours &amp; Safaris es un operador tur\u00edstico tanzano de primer nivel que ofrece experiencias de safari personalizadas. Con sede en Arusha, operan desde hace m\u00e1s de 15 a\u00f1os y se especializan en viajes de gama media y lujo por Tanzania, Kenia, Uganda, Ruanda y Zanz\u00edbar. Destacan por sus excelentes valoraciones (5\/5 en SafariBookings) e itinerarios a medida.  ","email":"kili@kilidovetours.com","telephone":"+255 787 955 466","legalName":"Kilidove tours and safaris private limited","numberOfEmployees":{"@type":"QuantitativeValue","minValue":"11","maxValue":"50"}}]}},"_links":{"self":[{"href":"https:\/\/kilidovetours.com\/es\/wp-json\/wp\/v2\/pages\/64900","targetHints":{"allow":["GET"]}}],"collection":[{"href":"https:\/\/kilidovetours.com\/es\/wp-json\/wp\/v2\/pages"}],"about":[{"href":"https:\/\/kilidovetours.com\/es\/wp-json\/wp\/v2\/types\/page"}],"author":[{"embeddable":true,"href":"https:\/\/kilidovetours.com\/es\/wp-json\/wp\/v2\/users\/3"}],"replies":[{"embeddable":true,"href":"https:\/\/kilidovetours.com\/es\/wp-json\/wp\/v2\/comments?post=64900"}],"version-history":[{"count":3,"href":"https:\/\/kilidovetours.com\/es\/wp-json\/wp\/v2\/pages\/64900\/revisions"}],"predecessor-version":[{"id":69223,"href":"https:\/\/kilidovetours.com\/es\/wp-json\/wp\/v2\/pages\/64900\/revisions\/69223"}],"wp:attachment":[{"href":"https:\/\/kilidovetours.com\/es\/wp-json\/wp\/v2\/media?parent=64900"}],"curies":[{"name":"wp","href":"https:\/\/api.w.org\/{rel}","templated":true}]}}