{"id":64937,"date":"2023-05-24T10:56:22","date_gmt":"2023-05-24T10:56:22","guid":{"rendered":"https:\/\/kilidovetours.com\/?page_id=64937"},"modified":"2026-04-20T07:14:10","modified_gmt":"2026-04-20T07:14:10","slug":"contacto","status":"publish","type":"page","link":"https:\/\/kilidovetours.com\/es\/contacto\/","title":{"rendered":"Contacto"},"content":{"rendered":"\t\t<div data-elementor-type=\"wp-page\" data-elementor-id=\"64937\" class=\"elementor elementor-64937 elementor-19023\" data-elementor-post-type=\"page\">\n\t\t\t\t\t\t<section class=\"elementor-section elementor-top-section elementor-element elementor-element-3a48b646 elementor-section-boxed elementor-section-height-default elementor-section-height-default\" data-id=\"3a48b646\" data-element_type=\"section\" data-e-type=\"section\">\n\t\t\t\t\t\t<div class=\"elementor-container elementor-column-gap-default\">\n\t\t\t\t\t<div class=\"elementor-column elementor-col-50 elementor-top-column elementor-element elementor-element-a1a2df6\" data-id=\"a1a2df6\" data-element_type=\"column\" data-e-type=\"column\">\n\t\t\t<div class=\"elementor-widget-wrap elementor-element-populated\">\n\t\t\t\t\t\t<div class=\"elementor-element elementor-element-34b9d1a3 elementor-widget elementor-widget-spacer\" data-id=\"34b9d1a3\" data-element_type=\"widget\" data-e-type=\"widget\" data-widget_type=\"spacer.default\">\n\t\t\t\t<div class=\"elementor-widget-container\">\n\t\t\t\t\t\t\t<div class=\"elementor-spacer\">\n\t\t\t<div class=\"elementor-spacer-inner\"><\/div>\n\t\t<\/div>\n\t\t\t\t\t\t<\/div>\n\t\t\t\t<\/div>\n\t\t\t\t<div class=\"elementor-element elementor-element-18a5d49e elementor-widget elementor-widget-spacer\" data-id=\"18a5d49e\" data-element_type=\"widget\" data-e-type=\"widget\" data-widget_type=\"spacer.default\">\n\t\t\t\t<div class=\"elementor-widget-container\">\n\t\t\t\t\t\t\t<div class=\"elementor-spacer\">\n\t\t\t<div class=\"elementor-spacer-inner\"><\/div>\n\t\t<\/div>\n\t\t\t\t\t\t<\/div>\n\t\t\t\t<\/div>\n\t\t\t\t<div class=\"elementor-element elementor-element-6694665 elementor-widget elementor-widget-image\" data-id=\"6694665\" data-element_type=\"widget\" data-e-type=\"widget\" data-widget_type=\"image.default\">\n\t\t\t\t<div class=\"elementor-widget-container\">\n\t\t\t\t\t\t\t\t\t\t\t\t\t\t\t<img decoding=\"async\" src=\"https:\/\/kilidovetours.com\/wp-content\/uploads\/elementor\/thumbs\/438160767_958166709646569_7281735782311738539_n-qo3y3pcdy4vrs31j3j76j5267tp1tltvolvvh8xpb8.jpg\" title=\"Guepardo en veh\u00edculo de safari\" alt=\"Dos guepardos en un jeep de Kilidove Tours\" loading=\"lazy\" \/>\t\t\t\t\t\t\t\t\t\t\t\t\t\t\t<\/div>\n\t\t\t\t<\/div>\n\t\t\t\t\t<\/div>\n\t\t<\/div>\n\t\t\t\t<div class=\"elementor-column elementor-col-50 elementor-top-column elementor-element elementor-element-78b80401\" data-id=\"78b80401\" data-element_type=\"column\" data-e-type=\"column\" data-settings=\"{&quot;background_background&quot;:&quot;classic&quot;}\">\n\t\t\t<div class=\"elementor-widget-wrap elementor-element-populated\">\n\t\t\t\t\t\t<div class=\"elementor-element elementor-element-92b6fe1 elementor-widget elementor-widget-shortcode\" data-id=\"92b6fe1\" data-element_type=\"widget\" data-e-type=\"widget\" data-widget_type=\"shortcode.default\">\n\t\t\t\t<div class=\"elementor-widget-container\">\n\t\t\t\t\t\t\t<div class=\"elementor-shortcode\"><div class='fluentform ff-default fluentform_wrapper_17 ffs_default_wrap'><form data-form_id=\"17\" id=\"fluentform_17\" class=\"frm-fluent-form fluent_form_17 ff-el-form-top ff_form_instance_17_1 ff-form-loading ffs_default\" data-form_instance=\"ff_form_instance_17_1\" method=\"POST\" ><fieldset  style=\"border: none!important;margin: 0!important;padding: 0!important;background-color: transparent!important;box-shadow: none!important;outline: none!important; min-inline-size: 100%;\">\n                    <legend class=\"ff_screen_reader_title\" style=\"display: block; margin: 0!important;padding: 0!important;height: 0!important;text-indent: -999999px;width: 0!important;overflow:hidden;\">Contact us form<\/legend><input type='hidden' name='__fluent_form_embded_post_id' value='64937' \/><input type=\"hidden\" id=\"_fluentform_17_fluentformnonce\" name=\"_fluentform_17_fluentformnonce\" value=\"4176a1b6a8\" \/><input type=\"hidden\" name=\"_wp_http_referer\" value=\"\/es\/wp-json\/wp\/v2\/pages\/64937\" \/><div data-type=\"name-element\" data-name=\"names\" class=\" ff-field_container ff-name-field-wrapper\" ><div class='ff-t-container'><div class='ff-t-cell '><div class='ff-el-group'><div class=\"ff-el-input--label asterisk-right\"><label for='ff_17_names_first_name_' id='label_ff_17_names_first_name_' >Nombre<\/label><\/div><div class='ff-el-input--content'><input type=\"text\" name=\"names[first_name]\" id=\"ff_17_names_first_name_\" class=\"ff-el-form-control\" placeholder=\"Nombre\" aria-invalid=\"false\" aria-required=false><\/div><\/div><\/div><\/div><\/div><div class='ff-el-group'><div class=\"ff-el-input--label ff-el-is-required asterisk-right\"><label for='ff_17_email' id='label_ff_17_email' aria-label=\"Correo electr\u00f3nico\">Correo electr\u00f3nico<\/label><\/div><div class='ff-el-input--content'><input type=\"email\" name=\"email\" id=\"ff_17_email\" class=\"ff-el-form-control\" placeholder=\"Direcci\u00f3n de correo electr\u00f3nico\" data-name=\"email\"  aria-invalid=\"false\" aria-required=true><\/div><\/div><div class='ff-el-group'><div class=\"ff-el-input--label ff-el-is-required asterisk-right\"><label for='ff_17_phone' id='label_ff_17_phone' aria-label=\"Tel\u00e9fono\/m\u00f3vil\">Tel\u00e9fono\/m\u00f3vil<\/label><\/div><div class='ff-el-input--content'><input name=\"phone\" class=\"ff-el-form-control ff-el-phone\" type=\"tel\" placeholder=\"N\u00famero de tel\u00e9fono o WhatsApp\" data-name=\"phone\" id=\"ff_17_phone\" inputmode=\"tel\"  aria-invalid='false' aria-required=true><\/div><\/div><div class='ff-el-group'><div class=\"ff-el-input--label asterisk-right\"><label for='ff_17_subject' id='label_ff_17_subject' aria-label=\"Asunto\">Asunto<\/label><\/div><div class='ff-el-input--content'><input type=\"text\" name=\"subject\" class=\"ff-el-form-control\" placeholder=\"Asunto\" data-name=\"subject\" id=\"ff_17_subject\"  aria-invalid=\"false\" aria-required=false><\/div><\/div><div class='ff-el-group'><div class=\"ff-el-input--label asterisk-right\"><label for='ff_17_description' id='label_ff_17_description' aria-label=\"\u00a1No dudes en ponerte en contacto!\">\u00a1No dudes en ponerte en contacto!<\/label><\/div><div class='ff-el-input--content'><textarea aria-required=\"false\" aria-labelledby=\"label_ff_17_description\" name=\"description\" id=\"ff_17_description\" class=\"ff-el-form-control\" placeholder=\"\u00bfC\u00f3mo podemos ayudarte? \u00a1No dudes en ponerte en contacto! \" rows=\"3\" cols=\"2\" data-name=\"description\" ><\/textarea><\/div><\/div><div class='ff-el-group ff-text-left ff_submit_btn_wrapper'><button type=\"submit\" class=\"ff-btn ff-btn-submit ff-btn-md ff_btn_style\"  aria-label=\"GET IN TOUCH\">GET IN TOUCH<\/button><\/div><\/fieldset><\/form><div id='fluentform_17_errors' class='ff-errors-in-stack ff_form_instance_17_1 ff-form-loading_errors ff_form_instance_17_1_errors'><\/div><\/div>            <script type=\"text\/javascript\">\n                window.fluent_form_ff_form_instance_17_1 = {\"id\":\"17\",\"ajaxUrl\":\"https:\\\/\\\/kilidovetours.com\\\/wp-admin\\\/admin-ajax.php\",\"settings\":{\"layout\":{\"labelPlacement\":\"top\",\"helpMessagePlacement\":\"with_label\",\"errorMessagePlacement\":\"inline\",\"cssClassName\":\"\",\"asteriskPlacement\":\"asterisk-right\"},\"restrictions\":{\"denyEmptySubmission\":{\"enabled\":false}}},\"form_instance\":\"ff_form_instance_17_1\",\"form_id_selector\":\"fluentform_17\",\"rules\":{\"names[first_name]\":{\"required\":{\"value\":false,\"message\":\"Este campo es obligatorio\",\"global\":true,\"global_message\":\"This field is required\"}},\"names[middle_name]\":{\"required\":{\"value\":false,\"message\":\"Este campo es obligatorio\",\"global\":true,\"global_message\":\"This field is required\"}},\"names[last_name]\":{\"required\":{\"value\":false,\"message\":\"Este campo es obligatorio\",\"global\":true,\"global_message\":\"This field is required\"}},\"email\":{\"required\":{\"value\":true,\"message\":\"Este campo es obligatorio\",\"global\":true,\"global_message\":\"This field is required\"},\"email\":{\"value\":true,\"message\":\"Este campo debe contener un correo electr\\u00f3nico v\\u00e1lido\",\"global\":true,\"global_message\":\"This field must contain a valid email\"}},\"phone\":{\"required\":{\"value\":true,\"global\":true,\"message\":\"Este campo es obligatorio\",\"global_message\":\"This field is required\"},\"valid_phone_number\":{\"value\":false,\"global\":true,\"message\":\"El n\\u00famero de tel\\u00e9fono no es v\\u00e1lido \",\"global_message\":\"Phone number is not valid\"}},\"subject\":{\"required\":{\"value\":false,\"message\":\"Este campo es obligatorio\",\"global\":true,\"global_message\":\"This field is required\"}},\"description\":{\"required\":{\"value\":false,\"message\":\"Este campo es obligatorio\",\"global_message\":\"This field is required\",\"global\":true}}},\"debounce_time\":300};\n                            <\/script>\n            <\/div>\n\t\t\t\t\t\t<\/div>\n\t\t\t\t<\/div>\n\t\t\t\t\t<\/div>\n\t\t<\/div>\n\t\t\t\t\t<\/div>\n\t\t<\/section>\n\t\t\t\t<section class=\"elementor-section elementor-top-section elementor-element elementor-element-7539a8c elementor-section-boxed elementor-section-height-default elementor-section-height-default\" data-id=\"7539a8c\" data-element_type=\"section\" data-e-type=\"section\" data-settings=\"{&quot;background_background&quot;:&quot;classic&quot;}\">\n\t\t\t\t\t\t<div class=\"elementor-container elementor-column-gap-default\">\n\t\t\t\t\t<div class=\"elementor-column elementor-col-100 elementor-top-column elementor-element elementor-element-85443a4\" data-id=\"85443a4\" data-element_type=\"column\" data-e-type=\"column\">\n\t\t\t<div class=\"elementor-widget-wrap elementor-element-populated\">\n\t\t\t\t\t\t<div class=\"elementor-element elementor-element-e0f7e02 elementor-widget elementor-widget-spacer\" data-id=\"e0f7e02\" data-element_type=\"widget\" data-e-type=\"widget\" data-widget_type=\"spacer.default\">\n\t\t\t\t<div class=\"elementor-widget-container\">\n\t\t\t\t\t\t\t<div class=\"elementor-spacer\">\n\t\t\t<div class=\"elementor-spacer-inner\"><\/div>\n\t\t<\/div>\n\t\t\t\t\t\t<\/div>\n\t\t\t\t<\/div>\n\t\t\t\t<div class=\"elementor-element elementor-element-833bdbc elementor-widget elementor-widget-spacer\" data-id=\"833bdbc\" data-element_type=\"widget\" data-e-type=\"widget\" data-widget_type=\"spacer.default\">\n\t\t\t\t<div class=\"elementor-widget-container\">\n\t\t\t\t\t\t\t<div class=\"elementor-spacer\">\n\t\t\t<div class=\"elementor-spacer-inner\"><\/div>\n\t\t<\/div>\n\t\t\t\t\t\t<\/div>\n\t\t\t\t<\/div>\n\t\t\t\t<div class=\"elementor-element elementor-element-08f0dbc elementor-widget elementor-widget-spacer\" data-id=\"08f0dbc\" data-element_type=\"widget\" data-e-type=\"widget\" data-widget_type=\"spacer.default\">\n\t\t\t\t<div class=\"elementor-widget-container\">\n\t\t\t\t\t\t\t<div class=\"elementor-spacer\">\n\t\t\t<div class=\"elementor-spacer-inner\"><\/div>\n\t\t<\/div>\n\t\t\t\t\t\t<\/div>\n\t\t\t\t<\/div>\n\t\t\t\t<div class=\"elementor-element elementor-element-5e96a47 elementor-widget elementor-widget-spacer\" data-id=\"5e96a47\" data-element_type=\"widget\" data-e-type=\"widget\" data-widget_type=\"spacer.default\">\n\t\t\t\t<div class=\"elementor-widget-container\">\n\t\t\t\t\t\t\t<div class=\"elementor-spacer\">\n\t\t\t<div class=\"elementor-spacer-inner\"><\/div>\n\t\t<\/div>\n\t\t\t\t\t\t<\/div>\n\t\t\t\t<\/div>\n\t\t\t\t\t<\/div>\n\t\t<\/div>\n\t\t\t\t\t<\/div>\n\t\t<\/section>\n\t\t\t\t<section class=\"elementor-section elementor-top-section elementor-element elementor-element-5ea83da elementor-section-full_width elementor-section-height-default elementor-section-height-default\" data-id=\"5ea83da\" data-element_type=\"section\" data-e-type=\"section\" data-settings=\"{&quot;background_background&quot;:&quot;classic&quot;}\">\n\t\t\t\t\t\t<div class=\"elementor-container elementor-column-gap-default\">\n\t\t\t\t\t<div class=\"elementor-column elementor-col-100 elementor-top-column elementor-element elementor-element-a8fc025\" data-id=\"a8fc025\" data-element_type=\"column\" data-e-type=\"column\">\n\t\t\t<div class=\"elementor-widget-wrap elementor-element-populated\">\n\t\t\t\t\t\t<div class=\"elementor-element elementor-element-f753884 elementor-widget elementor-widget-html\" data-id=\"f753884\" data-element_type=\"widget\" data-e-type=\"widget\" data-widget_type=\"html.default\">\n\t\t\t\t<div class=\"elementor-widget-container\">\n\t\t\t\t\t<div style=\"width: 100%\"><iframe width=\"100%\" height=\"600\" frameborder=\"0\" scrolling=\"no\" marginheight=\"0\" marginwidth=\"0\" src=\"https:\/\/maps.google.com\/maps?width=100%25&amp;height=600&amp;hl=es&amp;q=Kilidove%20Tours%20and%20Safaris%20Ltd+(Kilidove%20Tours)&amp;t=&amp;z=6&amp;ie=UTF8&amp;iwloc=B&amp;output=embed\"><a href=\"https:\/\/www.gps.ie\/collections\/gps-trackers\"><\/a><\/iframe><\/div>\t\t\t\t<\/div>\n\t\t\t\t<\/div>\n\t\t\t\t\t<\/div>\n\t\t<\/div>\n\t\t\t\t\t<\/div>\n\t\t<\/section>\n\t\t\t\t<\/div>\n\t\t","protected":false},"excerpt":{"rendered":"","protected":false},"author":3,"featured_media":0,"parent":0,"menu_order":0,"comment_status":"closed","ping_status":"closed","template":"","meta":{"_acf_changed":false,"footnotes":""},"class_list":["post-64937","page","type-page","status-publish","hentry"],"acf":[],"yoast_head":"<!-- This site is optimized with the Yoast SEO Premium plugin v26.3 (Yoast SEO v27.4) - https:\/\/yoast.com\/product\/yoast-seo-premium-wordpress\/ -->\n<title>Cont\u00e1ctanos - \u00a1Estamos aqu\u00ed para ayudarte! - Kilidove Tours<\/title>\n<meta name=\"description\" content=\"Te damos la bienvenida a la p\u00e1gina de contacto oficial de Kilidove Tours and Safaris Ltd., una empresa de safaris l\u00edder en Arusha, Tanzania, y Nairobi, Kenia.\" \/>\n<meta name=\"robots\" content=\"index, follow, max-snippet:-1, max-image-preview:large, max-video-preview:-1\" \/>\n<link rel=\"canonical\" href=\"https:\/\/kilidovetours.com\/es\/contacto\/\" \/>\n<meta property=\"og:locale\" content=\"es_ES\" \/>\n<meta property=\"og:type\" content=\"article\" \/>\n<meta property=\"og:title\" content=\"Contacto\" \/>\n<meta property=\"og:description\" content=\"Te damos la bienvenida a la p\u00e1gina de contacto oficial de Kilidove Tours and Safaris Ltd., una empresa de safaris l\u00edder en Arusha, Tanzania, y Nairobi, Kenia.\" \/>\n<meta property=\"og:url\" content=\"https:\/\/kilidovetours.com\/es\/contacto\/\" \/>\n<meta property=\"og:site_name\" content=\"Kilidove Tours\" \/>\n<meta property=\"article:publisher\" content=\"https:\/\/www.facebook.com\/kilidovetoursandsafaris\/\" \/>\n<meta property=\"article:modified_time\" content=\"2026-04-20T07:14:10+00:00\" \/>\n<meta property=\"og:image\" content=\"https:\/\/kilidovetours.com\/wp-content\/uploads\/elementor\/thumbs\/438160767_958166709646569_7281735782311738539_n-qo3y3pcdy4vrs31j3j76j5267tp1tltvolvvh8xpb8.jpg\" \/>\n<meta name=\"twitter:card\" content=\"summary_large_image\" \/>\n<meta name=\"twitter:site\" content=\"@kilidovetours\" \/>\n<script type=\"application\/ld+json\" class=\"yoast-schema-graph\">{\"@context\":\"https:\\\/\\\/schema.org\",\"@graph\":[{\"@type\":\"WebPage\",\"@id\":\"https:\\\/\\\/kilidovetours.com\\\/es\\\/contacto\\\/\",\"url\":\"https:\\\/\\\/kilidovetours.com\\\/es\\\/contacto\\\/\",\"name\":\"Cont\u00e1ctanos - \u00a1Estamos aqu\u00ed para ayudarte! - Kilidove Tours\",\"isPartOf\":{\"@id\":\"https:\\\/\\\/kilidovetours.com\\\/es\\\/#website\"},\"primaryImageOfPage\":{\"@id\":\"https:\\\/\\\/kilidovetours.com\\\/es\\\/contacto\\\/#primaryimage\"},\"image\":{\"@id\":\"https:\\\/\\\/kilidovetours.com\\\/es\\\/contacto\\\/#primaryimage\"},\"thumbnailUrl\":\"https:\\\/\\\/kilidovetours.com\\\/wp-content\\\/uploads\\\/elementor\\\/thumbs\\\/438160767_958166709646569_7281735782311738539_n-qo3y3pcdy4vrs31j3j76j5267tp1tltvolvvh8xpb8.jpg\",\"datePublished\":\"2023-05-24T10:56:22+00:00\",\"dateModified\":\"2026-04-20T07:14:10+00:00\",\"description\":\"Te damos la bienvenida a la p\u00e1gina de contacto oficial de Kilidove Tours and Safaris Ltd., una empresa de safaris l\u00edder en Arusha, Tanzania, y Nairobi, Kenia.\",\"breadcrumb\":{\"@id\":\"https:\\\/\\\/kilidovetours.com\\\/es\\\/contacto\\\/#breadcrumb\"},\"inLanguage\":\"es\",\"potentialAction\":[{\"@type\":\"ReadAction\",\"target\":[\"https:\\\/\\\/kilidovetours.com\\\/es\\\/contacto\\\/\"]}]},{\"@type\":\"ImageObject\",\"inLanguage\":\"es\",\"@id\":\"https:\\\/\\\/kilidovetours.com\\\/es\\\/contacto\\\/#primaryimage\",\"url\":\"https:\\\/\\\/kilidovetours.com\\\/wp-content\\\/uploads\\\/elementor\\\/thumbs\\\/438160767_958166709646569_7281735782311738539_n-qo3y3pcdy4vrs31j3j76j5267tp1tltvolvvh8xpb8.jpg\",\"contentUrl\":\"https:\\\/\\\/kilidovetours.com\\\/wp-content\\\/uploads\\\/elementor\\\/thumbs\\\/438160767_958166709646569_7281735782311738539_n-qo3y3pcdy4vrs31j3j76j5267tp1tltvolvvh8xpb8.jpg\"},{\"@type\":\"BreadcrumbList\",\"@id\":\"https:\\\/\\\/kilidovetours.com\\\/es\\\/contacto\\\/#breadcrumb\",\"itemListElement\":[{\"@type\":\"ListItem\",\"position\":1,\"name\":\"Inicio\",\"item\":\"https:\\\/\\\/kilidovetours.com\\\/es\\\/\"},{\"@type\":\"ListItem\",\"position\":2,\"name\":\"Contacto\"}]},{\"@type\":\"WebSite\",\"@id\":\"https:\\\/\\\/kilidovetours.com\\\/es\\\/#website\",\"url\":\"https:\\\/\\\/kilidovetours.com\\\/es\\\/\",\"name\":\"KILIDOVE Tours\",\"description\":\"Personalised Private Guided Safari Tours &amp; Treks. Best safari tour agency in Arusha, Tanzania.\",\"publisher\":{\"@id\":\"https:\\\/\\\/kilidovetours.com\\\/es\\\/#organization\"},\"alternateName\":\"KILIDOVE\",\"potentialAction\":[{\"@type\":\"SearchAction\",\"target\":{\"@type\":\"EntryPoint\",\"urlTemplate\":\"https:\\\/\\\/kilidovetours.com\\\/es\\\/?s={search_term_string}\"},\"query-input\":{\"@type\":\"PropertyValueSpecification\",\"valueRequired\":true,\"valueName\":\"search_term_string\"}}],\"inLanguage\":\"es\"},{\"@type\":\"Organization\",\"@id\":\"https:\\\/\\\/kilidovetours.com\\\/es\\\/#organization\",\"name\":\"KILIDOVE Tours\",\"alternateName\":\"KILIDOVE\",\"url\":\"https:\\\/\\\/kilidovetours.com\\\/es\\\/\",\"logo\":{\"@type\":\"ImageObject\",\"inLanguage\":\"es\",\"@id\":\"https:\\\/\\\/kilidovetours.com\\\/es\\\/#\\\/schema\\\/logo\\\/image\\\/\",\"url\":\"https:\\\/\\\/kilidovetours.com\\\/wp-content\\\/uploads\\\/2024\\\/05\\\/kilidove-1.png\",\"contentUrl\":\"https:\\\/\\\/kilidovetours.com\\\/wp-content\\\/uploads\\\/2024\\\/05\\\/kilidove-1.png\",\"width\":118,\"height\":118,\"caption\":\"KILIDOVE Tours\"},\"image\":{\"@id\":\"https:\\\/\\\/kilidovetours.com\\\/es\\\/#\\\/schema\\\/logo\\\/image\\\/\"},\"sameAs\":[\"https:\\\/\\\/www.facebook.com\\\/kilidovetoursandsafaris\\\/\",\"https:\\\/\\\/x.com\\\/kilidovetours\",\"https:\\\/\\\/www.tripadvisor.com\\\/Attraction_Review-g297913-d7790780-Reviews-Kilidove_Tours_And_Safaris-Arusha_Arusha_Region.html\",\"https:\\\/\\\/www.instagram.com\\\/kilidovetours\\\/\",\"https:\\\/\\\/www.youtube.com\\\/user\\\/KilidoveTours\"],\"description\":\"Kilidove Tours &amp; Safaris es un operador tur\u00edstico tanzano de primer nivel que ofrece experiencias de safari personalizadas. Con sede en Arusha, operan desde hace m\u00e1s de 15 a\u00f1os y se especializan en viajes de gama media y lujo por Tanzania, Kenia, Uganda, Ruanda y Zanz\u00edbar. Destacan por sus excelentes valoraciones (5\\\/5 en SafariBookings) e itinerarios a medida.  \",\"email\":\"kili@kilidovetours.com\",\"telephone\":\"+255 787 955 466\",\"legalName\":\"Kilidove tours and safaris private limited\",\"numberOfEmployees\":{\"@type\":\"QuantitativeValue\",\"minValue\":\"11\",\"maxValue\":\"50\"}}]}<\/script>\n<!-- \/ Yoast SEO Premium plugin. -->","yoast_head_json":{"title":"Cont\u00e1ctanos - \u00a1Estamos aqu\u00ed para ayudarte! - Kilidove Tours","description":"Te damos la bienvenida a la p\u00e1gina de contacto oficial de Kilidove Tours and Safaris Ltd., una empresa de safaris l\u00edder en Arusha, Tanzania, y Nairobi, Kenia.","robots":{"index":"index","follow":"follow","max-snippet":"max-snippet:-1","max-image-preview":"max-image-preview:large","max-video-preview":"max-video-preview:-1"},"canonical":"https:\/\/kilidovetours.com\/es\/contacto\/","og_locale":"es_ES","og_type":"article","og_title":"Contacto","og_description":"Te damos la bienvenida a la p\u00e1gina de contacto oficial de Kilidove Tours and Safaris Ltd., una empresa de safaris l\u00edder en Arusha, Tanzania, y Nairobi, Kenia.","og_url":"https:\/\/kilidovetours.com\/es\/contacto\/","og_site_name":"Kilidove Tours","article_publisher":"https:\/\/www.facebook.com\/kilidovetoursandsafaris\/","article_modified_time":"2026-04-20T07:14:10+00:00","og_image":[{"url":"https:\/\/kilidovetours.com\/wp-content\/uploads\/elementor\/thumbs\/438160767_958166709646569_7281735782311738539_n-qo3y3pcdy4vrs31j3j76j5267tp1tltvolvvh8xpb8.jpg","type":"","width":"","height":""}],"twitter_card":"summary_large_image","twitter_site":"@kilidovetours","schema":{"@context":"https:\/\/schema.org","@graph":[{"@type":"WebPage","@id":"https:\/\/kilidovetours.com\/es\/contacto\/","url":"https:\/\/kilidovetours.com\/es\/contacto\/","name":"Cont\u00e1ctanos - \u00a1Estamos aqu\u00ed para ayudarte! - Kilidove Tours","isPartOf":{"@id":"https:\/\/kilidovetours.com\/es\/#website"},"primaryImageOfPage":{"@id":"https:\/\/kilidovetours.com\/es\/contacto\/#primaryimage"},"image":{"@id":"https:\/\/kilidovetours.com\/es\/contacto\/#primaryimage"},"thumbnailUrl":"https:\/\/kilidovetours.com\/wp-content\/uploads\/elementor\/thumbs\/438160767_958166709646569_7281735782311738539_n-qo3y3pcdy4vrs31j3j76j5267tp1tltvolvvh8xpb8.jpg","datePublished":"2023-05-24T10:56:22+00:00","dateModified":"2026-04-20T07:14:10+00:00","description":"Te damos la bienvenida a la p\u00e1gina de contacto oficial de Kilidove Tours and Safaris Ltd., una empresa de safaris l\u00edder en Arusha, Tanzania, y Nairobi, Kenia.","breadcrumb":{"@id":"https:\/\/kilidovetours.com\/es\/contacto\/#breadcrumb"},"inLanguage":"es","potentialAction":[{"@type":"ReadAction","target":["https:\/\/kilidovetours.com\/es\/contacto\/"]}]},{"@type":"ImageObject","inLanguage":"es","@id":"https:\/\/kilidovetours.com\/es\/contacto\/#primaryimage","url":"https:\/\/kilidovetours.com\/wp-content\/uploads\/elementor\/thumbs\/438160767_958166709646569_7281735782311738539_n-qo3y3pcdy4vrs31j3j76j5267tp1tltvolvvh8xpb8.jpg","contentUrl":"https:\/\/kilidovetours.com\/wp-content\/uploads\/elementor\/thumbs\/438160767_958166709646569_7281735782311738539_n-qo3y3pcdy4vrs31j3j76j5267tp1tltvolvvh8xpb8.jpg"},{"@type":"BreadcrumbList","@id":"https:\/\/kilidovetours.com\/es\/contacto\/#breadcrumb","itemListElement":[{"@type":"ListItem","position":1,"name":"Inicio","item":"https:\/\/kilidovetours.com\/es\/"},{"@type":"ListItem","position":2,"name":"Contacto"}]},{"@type":"WebSite","@id":"https:\/\/kilidovetours.com\/es\/#website","url":"https:\/\/kilidovetours.com\/es\/","name":"KILIDOVE Tours","description":"Personalised Private Guided Safari Tours &amp; Treks. Best safari tour agency in Arusha, Tanzania.","publisher":{"@id":"https:\/\/kilidovetours.com\/es\/#organization"},"alternateName":"KILIDOVE","potentialAction":[{"@type":"SearchAction","target":{"@type":"EntryPoint","urlTemplate":"https:\/\/kilidovetours.com\/es\/?s={search_term_string}"},"query-input":{"@type":"PropertyValueSpecification","valueRequired":true,"valueName":"search_term_string"}}],"inLanguage":"es"},{"@type":"Organization","@id":"https:\/\/kilidovetours.com\/es\/#organization","name":"KILIDOVE Tours","alternateName":"KILIDOVE","url":"https:\/\/kilidovetours.com\/es\/","logo":{"@type":"ImageObject","inLanguage":"es","@id":"https:\/\/kilidovetours.com\/es\/#\/schema\/logo\/image\/","url":"https:\/\/kilidovetours.com\/wp-content\/uploads\/2024\/05\/kilidove-1.png","contentUrl":"https:\/\/kilidovetours.com\/wp-content\/uploads\/2024\/05\/kilidove-1.png","width":118,"height":118,"caption":"KILIDOVE Tours"},"image":{"@id":"https:\/\/kilidovetours.com\/es\/#\/schema\/logo\/image\/"},"sameAs":["https:\/\/www.facebook.com\/kilidovetoursandsafaris\/","https:\/\/x.com\/kilidovetours","https:\/\/www.tripadvisor.com\/Attraction_Review-g297913-d7790780-Reviews-Kilidove_Tours_And_Safaris-Arusha_Arusha_Region.html","https:\/\/www.instagram.com\/kilidovetours\/","https:\/\/www.youtube.com\/user\/KilidoveTours"],"description":"Kilidove Tours &amp; Safaris es un operador tur\u00edstico tanzano de primer nivel que ofrece experiencias de safari personalizadas. Con sede en Arusha, operan desde hace m\u00e1s de 15 a\u00f1os y se especializan en viajes de gama media y lujo por Tanzania, Kenia, Uganda, Ruanda y Zanz\u00edbar. Destacan por sus excelentes valoraciones (5\/5 en SafariBookings) e itinerarios a medida.  ","email":"kili@kilidovetours.com","telephone":"+255 787 955 466","legalName":"Kilidove tours and safaris private limited","numberOfEmployees":{"@type":"QuantitativeValue","minValue":"11","maxValue":"50"}}]}},"_links":{"self":[{"href":"https:\/\/kilidovetours.com\/es\/wp-json\/wp\/v2\/pages\/64937","targetHints":{"allow":["GET"]}}],"collection":[{"href":"https:\/\/kilidovetours.com\/es\/wp-json\/wp\/v2\/pages"}],"about":[{"href":"https:\/\/kilidovetours.com\/es\/wp-json\/wp\/v2\/types\/page"}],"author":[{"embeddable":true,"href":"https:\/\/kilidovetours.com\/es\/wp-json\/wp\/v2\/users\/3"}],"replies":[{"embeddable":true,"href":"https:\/\/kilidovetours.com\/es\/wp-json\/wp\/v2\/comments?post=64937"}],"version-history":[{"count":1,"href":"https:\/\/kilidovetours.com\/es\/wp-json\/wp\/v2\/pages\/64937\/revisions"}],"predecessor-version":[{"id":64943,"href":"https:\/\/kilidovetours.com\/es\/wp-json\/wp\/v2\/pages\/64937\/revisions\/64943"}],"wp:attachment":[{"href":"https:\/\/kilidovetours.com\/es\/wp-json\/wp\/v2\/media?parent=64937"}],"curies":[{"name":"wp","href":"https:\/\/api.w.org\/{rel}","templated":true}]}}