{"id":65074,"date":"2025-03-19T06:51:08","date_gmt":"2025-03-19T06:51:08","guid":{"rendered":"https:\/\/kilidovetours.com\/?page_id=65074"},"modified":"2026-04-20T07:13:04","modified_gmt":"2026-04-20T07:13:04","slug":"calculadora-de-emisiones-de-carbono","status":"publish","type":"page","link":"https:\/\/kilidovetours.com\/es\/calculadora-de-emisiones-de-carbono\/","title":{"rendered":"Calculadora de emisiones de carbono"},"content":{"rendered":"\t\t<div data-elementor-type=\"wp-page\" data-elementor-id=\"65074\" class=\"elementor elementor-65074 elementor-48474\" data-elementor-post-type=\"page\">\n\t\t\t\t<div class=\"elementor-element elementor-element-18534bb8 e-flex e-con-boxed e-con e-parent\" data-id=\"18534bb8\" data-element_type=\"container\" data-e-type=\"container\">\n\t\t\t\t\t<div class=\"e-con-inner\">\n\t\t\t\t<div class=\"elementor-element elementor-element-6ff3e693 elementor-widget elementor-widget-text-editor\" data-id=\"6ff3e693\" data-element_type=\"widget\" data-e-type=\"widget\" data-widget_type=\"text-editor.default\">\n\t\t\t\t<div class=\"elementor-widget-container\">\n\t\t\t\t\t\t\t\t\t<div>\n<h3>Calculadora de emisiones de GEI<\/h3>\n<label>Distancia de transporte (km):<\/label> <input id=\"transport_km\" type=\"number\" value=\"1000\"> <label>Tipo de transporte:<\/label><select id=\"transport_type\">\n<option value=\"safari_4x4\">Safari 4&#215;4<\/option>\n<option value=\"car_petrol\">Coche (gasolina)<\/option>\n<option value=\"bus_shared\">Autob\u00fas compartido<\/option>\n<\/select><br><br><label>N\u00famero de pasajeros:<\/label> <input id=\"passengers\" type=\"number\" value=\"2\"> <label>Tipo de alojamiento:<\/label><select id=\"accommodation_type\">\n<option value=\"eco_lodge\">Eco Lodge<\/option>\n<option value=\"mid_range_hotel\">Hotel de gama media<\/option>\n<option value=\"luxury_hotel\">Hotel de lujo<\/option>\n<\/select><br><br><label>Noches de estancia:<\/label> <input id=\"nights\" type=\"number\" value=\"3\"> <label>Safaris fotogr\u00e1ficos:<\/label> <input id=\"game_drives\" type=\"number\" value=\"2\"> <label>Horas de conducci\u00f3n por safari:<\/label> <input id=\"drive_hours\" type=\"number\" value=\"3\"> <br><label>Safaris en globo:<\/label> <input id=\"balloon_safaris\" type=\"number\" value=\"1\"> <label>Otras actividades de safari (por actividad):<\/label> <input id=\"other_activities\" type=\"number\" value=\"1\"><br><br><button>Calcular emisiones<\/button>\n<h4>Emisiones estimadas de CO\u2082: <span id=\"total_emissions\">0<\/span> kg CO\u2082e<\/h4>\n<\/div>\n<p><script>\nfunction calculateEmissions() {\n    let transportKm = parseFloat(document.getElementById('transport_km').value);\n    let transportType = document.getElementById('transport_type').value;\n    let passengers = parseInt(document.getElementById('passengers').value) || 1;\n    let nights = parseInt(document.getElementById('nights').value);\n    let accommodationType = document.getElementById('accommodation_type').value;\n    let gameDrives = parseInt(document.getElementById('game_drives').value);\n    let driveHours = parseInt(document.getElementById('drive_hours').value);\n    let balloonSafaris = parseInt(document.getElementById('balloon_safaris').value);\n    let otherActivities = parseInt(document.getElementById('other_activities').value);\n    \n    let transportFactors = {\n        'safari_4x4': 0.250,\n        'car_petrol': 0.192,\n        'bus_shared': 0.089\n    };\n    let accommodationFactors = {\n        'eco_lodge': 5,\n        'mid_range_hotel': 15,\n        'luxury_hotel': 30\n    };\n    let activityFactor = 5; \/\/ Game drive emission per hour\n    let balloonFactor = 25; \/\/ Balloon safari emission per trip\n    let otherActivityFactor = 10; \/\/ Other safari activity emission per activity\n    \n    let transportEmissions = (transportKm * (transportFactors[transportType] || 0)) \/ passengers;\n    let accommodationEmissions = nights * (accommodationFactors[accommodationType] || 0);\n    let activityEmissions = gameDrives * driveHours * activityFactor;\n    let balloonEmissions = balloonSafaris * balloonFactor;\n    let otherActivityEmissions = otherActivities * otherActivityFactor;\n    \n    let totalEmissions = transportEmissions + accommodationEmissions + activityEmissions + balloonEmissions + otherActivityEmissions;\n    document.getElementById('total_emissions').innerText = totalEmissions.toFixed(2);\n}\n<\/script><\/p>\t\t\t\t\t\t\t\t<\/div>\n\t\t\t\t<\/div>\n\t\t\t\t\t<\/div>\n\t\t\t\t<\/div>\n\t\t\t\t<\/div>\n\t\t","protected":false},"excerpt":{"rendered":"<p>Calculadora de emisiones de GEI Distancia de transporte (km): Tipo de transporte:Safari 4&#215;4Coche (gasolina)Autob\u00fas compartido N\u00famero de pasajeros: Tipo de alojamiento:Eco LodgeHotel de gama mediaHotel de lujo Noches de estancia: Safaris fotogr\u00e1ficos: Horas de conducci\u00f3n por safari: Safaris en globo: Otras actividades de safari (por actividad): Calcular emisiones Emisiones estimadas de CO\u2082: 0 kg CO\u2082e<\/p>\n","protected":false},"author":3,"featured_media":0,"parent":0,"menu_order":0,"comment_status":"closed","ping_status":"closed","template":"","meta":{"_acf_changed":false,"footnotes":""},"class_list":["post-65074","page","type-page","status-publish","hentry"],"acf":[],"yoast_head":"<!-- This site is optimized with the Yoast SEO Premium plugin v26.3 (Yoast SEO v27.4) - https:\/\/yoast.com\/product\/yoast-seo-premium-wordpress\/ -->\n<title>Calculadora de emisiones de carbono &#8211; Kilidove Tours<\/title>\n<meta name=\"description\" content=\"Calculadora de emisiones de carbono para las actividades de safari de Kilidove Tours en Tanzania, safari en globo, tours culturales y transporte.\" \/>\n<meta name=\"robots\" content=\"index, follow, max-snippet:-1, max-image-preview:large, max-video-preview:-1\" \/>\n<link rel=\"canonical\" href=\"https:\/\/kilidovetours.com\/es\/calculadora-de-emisiones-de-carbono\/\" \/>\n<meta property=\"og:locale\" content=\"es_ES\" \/>\n<meta property=\"og:type\" content=\"article\" \/>\n<meta property=\"og:title\" content=\"Calculadora de emisiones de carbono\" \/>\n<meta property=\"og:description\" content=\"Calculadora de emisiones de carbono para las actividades de safari de Kilidove Tours en Tanzania, safari en globo, tours culturales y transporte.\" \/>\n<meta property=\"og:url\" content=\"https:\/\/kilidovetours.com\/es\/calculadora-de-emisiones-de-carbono\/\" \/>\n<meta property=\"og:site_name\" content=\"Kilidove Tours\" \/>\n<meta property=\"article:publisher\" content=\"https:\/\/www.facebook.com\/kilidovetoursandsafaris\/\" \/>\n<meta property=\"article:modified_time\" content=\"2026-04-20T07:13:04+00:00\" \/>\n<meta property=\"og:image\" content=\"https:\/\/kilidovetours.com\/wp-content\/uploads\/2024\/05\/kilidove-logo.png\" \/>\n\t<meta property=\"og:image:width\" content=\"59\" \/>\n\t<meta property=\"og:image:height\" content=\"59\" \/>\n\t<meta property=\"og:image:type\" content=\"image\/png\" \/>\n<meta name=\"twitter:card\" content=\"summary_large_image\" \/>\n<meta name=\"twitter:site\" content=\"@kilidovetours\" \/>\n<script type=\"application\/ld+json\" class=\"yoast-schema-graph\">{\"@context\":\"https:\\\/\\\/schema.org\",\"@graph\":[{\"@type\":\"WebPage\",\"@id\":\"https:\\\/\\\/kilidovetours.com\\\/es\\\/calculadora-de-emisiones-de-carbono\\\/\",\"url\":\"https:\\\/\\\/kilidovetours.com\\\/es\\\/calculadora-de-emisiones-de-carbono\\\/\",\"name\":\"Calculadora de emisiones de carbono &#8211; Kilidove Tours\",\"isPartOf\":{\"@id\":\"https:\\\/\\\/kilidovetours.com\\\/es\\\/#website\"},\"datePublished\":\"2025-03-19T06:51:08+00:00\",\"dateModified\":\"2026-04-20T07:13:04+00:00\",\"description\":\"Calculadora de emisiones de carbono para las actividades de safari de Kilidove Tours en Tanzania, safari en globo, tours culturales y transporte.\",\"breadcrumb\":{\"@id\":\"https:\\\/\\\/kilidovetours.com\\\/es\\\/calculadora-de-emisiones-de-carbono\\\/#breadcrumb\"},\"inLanguage\":\"es\",\"potentialAction\":[{\"@type\":\"ReadAction\",\"target\":[\"https:\\\/\\\/kilidovetours.com\\\/es\\\/calculadora-de-emisiones-de-carbono\\\/\"]}]},{\"@type\":\"BreadcrumbList\",\"@id\":\"https:\\\/\\\/kilidovetours.com\\\/es\\\/calculadora-de-emisiones-de-carbono\\\/#breadcrumb\",\"itemListElement\":[{\"@type\":\"ListItem\",\"position\":1,\"name\":\"Inicio\",\"item\":\"https:\\\/\\\/kilidovetours.com\\\/es\\\/\"},{\"@type\":\"ListItem\",\"position\":2,\"name\":\"Calculadora de emisiones de carbono\"}]},{\"@type\":\"WebSite\",\"@id\":\"https:\\\/\\\/kilidovetours.com\\\/es\\\/#website\",\"url\":\"https:\\\/\\\/kilidovetours.com\\\/es\\\/\",\"name\":\"KILIDOVE Tours\",\"description\":\"Personalised Private Guided Safari Tours &amp; Treks. Best safari tour agency in Arusha, Tanzania.\",\"publisher\":{\"@id\":\"https:\\\/\\\/kilidovetours.com\\\/es\\\/#organization\"},\"alternateName\":\"KILIDOVE\",\"potentialAction\":[{\"@type\":\"SearchAction\",\"target\":{\"@type\":\"EntryPoint\",\"urlTemplate\":\"https:\\\/\\\/kilidovetours.com\\\/es\\\/?s={search_term_string}\"},\"query-input\":{\"@type\":\"PropertyValueSpecification\",\"valueRequired\":true,\"valueName\":\"search_term_string\"}}],\"inLanguage\":\"es\"},{\"@type\":\"Organization\",\"@id\":\"https:\\\/\\\/kilidovetours.com\\\/es\\\/#organization\",\"name\":\"KILIDOVE Tours\",\"alternateName\":\"KILIDOVE\",\"url\":\"https:\\\/\\\/kilidovetours.com\\\/es\\\/\",\"logo\":{\"@type\":\"ImageObject\",\"inLanguage\":\"es\",\"@id\":\"https:\\\/\\\/kilidovetours.com\\\/es\\\/#\\\/schema\\\/logo\\\/image\\\/\",\"url\":\"https:\\\/\\\/kilidovetours.com\\\/wp-content\\\/uploads\\\/2024\\\/05\\\/kilidove-1.png\",\"contentUrl\":\"https:\\\/\\\/kilidovetours.com\\\/wp-content\\\/uploads\\\/2024\\\/05\\\/kilidove-1.png\",\"width\":118,\"height\":118,\"caption\":\"KILIDOVE Tours\"},\"image\":{\"@id\":\"https:\\\/\\\/kilidovetours.com\\\/es\\\/#\\\/schema\\\/logo\\\/image\\\/\"},\"sameAs\":[\"https:\\\/\\\/www.facebook.com\\\/kilidovetoursandsafaris\\\/\",\"https:\\\/\\\/x.com\\\/kilidovetours\",\"https:\\\/\\\/www.tripadvisor.com\\\/Attraction_Review-g297913-d7790780-Reviews-Kilidove_Tours_And_Safaris-Arusha_Arusha_Region.html\",\"https:\\\/\\\/www.instagram.com\\\/kilidovetours\\\/\",\"https:\\\/\\\/www.youtube.com\\\/user\\\/KilidoveTours\"],\"description\":\"Kilidove Tours &amp; Safaris es un operador tur\u00edstico tanzano de primer nivel que ofrece experiencias de safari personalizadas. Con sede en Arusha, operan desde hace m\u00e1s de 15 a\u00f1os y se especializan en viajes de gama media y lujo por Tanzania, Kenia, Uganda, Ruanda y Zanz\u00edbar. Destacan por sus excelentes valoraciones (5\\\/5 en SafariBookings) e itinerarios a medida.  \",\"email\":\"kili@kilidovetours.com\",\"telephone\":\"+255 787 955 466\",\"legalName\":\"Kilidove tours and safaris private limited\",\"numberOfEmployees\":{\"@type\":\"QuantitativeValue\",\"minValue\":\"11\",\"maxValue\":\"50\"}}]}<\/script>\n<!-- \/ Yoast SEO Premium plugin. -->","yoast_head_json":{"title":"Calculadora de emisiones de carbono &#8211; Kilidove Tours","description":"Calculadora de emisiones de carbono para las actividades de safari de Kilidove Tours en Tanzania, safari en globo, tours culturales y transporte.","robots":{"index":"index","follow":"follow","max-snippet":"max-snippet:-1","max-image-preview":"max-image-preview:large","max-video-preview":"max-video-preview:-1"},"canonical":"https:\/\/kilidovetours.com\/es\/calculadora-de-emisiones-de-carbono\/","og_locale":"es_ES","og_type":"article","og_title":"Calculadora de emisiones de carbono","og_description":"Calculadora de emisiones de carbono para las actividades de safari de Kilidove Tours en Tanzania, safari en globo, tours culturales y transporte.","og_url":"https:\/\/kilidovetours.com\/es\/calculadora-de-emisiones-de-carbono\/","og_site_name":"Kilidove Tours","article_publisher":"https:\/\/www.facebook.com\/kilidovetoursandsafaris\/","article_modified_time":"2026-04-20T07:13:04+00:00","og_image":[{"width":59,"height":59,"url":"https:\/\/kilidovetours.com\/wp-content\/uploads\/2024\/05\/kilidove-logo.png","type":"image\/png"}],"twitter_card":"summary_large_image","twitter_site":"@kilidovetours","schema":{"@context":"https:\/\/schema.org","@graph":[{"@type":"WebPage","@id":"https:\/\/kilidovetours.com\/es\/calculadora-de-emisiones-de-carbono\/","url":"https:\/\/kilidovetours.com\/es\/calculadora-de-emisiones-de-carbono\/","name":"Calculadora de emisiones de carbono &#8211; Kilidove Tours","isPartOf":{"@id":"https:\/\/kilidovetours.com\/es\/#website"},"datePublished":"2025-03-19T06:51:08+00:00","dateModified":"2026-04-20T07:13:04+00:00","description":"Calculadora de emisiones de carbono para las actividades de safari de Kilidove Tours en Tanzania, safari en globo, tours culturales y transporte.","breadcrumb":{"@id":"https:\/\/kilidovetours.com\/es\/calculadora-de-emisiones-de-carbono\/#breadcrumb"},"inLanguage":"es","potentialAction":[{"@type":"ReadAction","target":["https:\/\/kilidovetours.com\/es\/calculadora-de-emisiones-de-carbono\/"]}]},{"@type":"BreadcrumbList","@id":"https:\/\/kilidovetours.com\/es\/calculadora-de-emisiones-de-carbono\/#breadcrumb","itemListElement":[{"@type":"ListItem","position":1,"name":"Inicio","item":"https:\/\/kilidovetours.com\/es\/"},{"@type":"ListItem","position":2,"name":"Calculadora de emisiones de carbono"}]},{"@type":"WebSite","@id":"https:\/\/kilidovetours.com\/es\/#website","url":"https:\/\/kilidovetours.com\/es\/","name":"KILIDOVE Tours","description":"Personalised Private Guided Safari Tours &amp; Treks. Best safari tour agency in Arusha, Tanzania.","publisher":{"@id":"https:\/\/kilidovetours.com\/es\/#organization"},"alternateName":"KILIDOVE","potentialAction":[{"@type":"SearchAction","target":{"@type":"EntryPoint","urlTemplate":"https:\/\/kilidovetours.com\/es\/?s={search_term_string}"},"query-input":{"@type":"PropertyValueSpecification","valueRequired":true,"valueName":"search_term_string"}}],"inLanguage":"es"},{"@type":"Organization","@id":"https:\/\/kilidovetours.com\/es\/#organization","name":"KILIDOVE Tours","alternateName":"KILIDOVE","url":"https:\/\/kilidovetours.com\/es\/","logo":{"@type":"ImageObject","inLanguage":"es","@id":"https:\/\/kilidovetours.com\/es\/#\/schema\/logo\/image\/","url":"https:\/\/kilidovetours.com\/wp-content\/uploads\/2024\/05\/kilidove-1.png","contentUrl":"https:\/\/kilidovetours.com\/wp-content\/uploads\/2024\/05\/kilidove-1.png","width":118,"height":118,"caption":"KILIDOVE Tours"},"image":{"@id":"https:\/\/kilidovetours.com\/es\/#\/schema\/logo\/image\/"},"sameAs":["https:\/\/www.facebook.com\/kilidovetoursandsafaris\/","https:\/\/x.com\/kilidovetours","https:\/\/www.tripadvisor.com\/Attraction_Review-g297913-d7790780-Reviews-Kilidove_Tours_And_Safaris-Arusha_Arusha_Region.html","https:\/\/www.instagram.com\/kilidovetours\/","https:\/\/www.youtube.com\/user\/KilidoveTours"],"description":"Kilidove Tours &amp; Safaris es un operador tur\u00edstico tanzano de primer nivel que ofrece experiencias de safari personalizadas. Con sede en Arusha, operan desde hace m\u00e1s de 15 a\u00f1os y se especializan en viajes de gama media y lujo por Tanzania, Kenia, Uganda, Ruanda y Zanz\u00edbar. Destacan por sus excelentes valoraciones (5\/5 en SafariBookings) e itinerarios a medida.  ","email":"kili@kilidovetours.com","telephone":"+255 787 955 466","legalName":"Kilidove tours and safaris private limited","numberOfEmployees":{"@type":"QuantitativeValue","minValue":"11","maxValue":"50"}}]}},"_links":{"self":[{"href":"https:\/\/kilidovetours.com\/es\/wp-json\/wp\/v2\/pages\/65074","targetHints":{"allow":["GET"]}}],"collection":[{"href":"https:\/\/kilidovetours.com\/es\/wp-json\/wp\/v2\/pages"}],"about":[{"href":"https:\/\/kilidovetours.com\/es\/wp-json\/wp\/v2\/types\/page"}],"author":[{"embeddable":true,"href":"https:\/\/kilidovetours.com\/es\/wp-json\/wp\/v2\/users\/3"}],"replies":[{"embeddable":true,"href":"https:\/\/kilidovetours.com\/es\/wp-json\/wp\/v2\/comments?post=65074"}],"version-history":[{"count":1,"href":"https:\/\/kilidovetours.com\/es\/wp-json\/wp\/v2\/pages\/65074\/revisions"}],"predecessor-version":[{"id":65075,"href":"https:\/\/kilidovetours.com\/es\/wp-json\/wp\/v2\/pages\/65074\/revisions\/65075"}],"wp:attachment":[{"href":"https:\/\/kilidovetours.com\/es\/wp-json\/wp\/v2\/media?parent=65074"}],"curies":[{"name":"wp","href":"https:\/\/api.w.org\/{rel}","templated":true}]}}