{"id":64557,"date":"2024-05-08T15:15:47","date_gmt":"2024-05-08T15:15:47","guid":{"rendered":"https:\/\/kilidovetours.com\/?page_id=64557"},"modified":"2026-04-03T08:53:28","modified_gmt":"2026-04-03T08:53:28","slug":"destinations","status":"publish","type":"page","link":"https:\/\/kilidovetours.com\/fr\/destinations\/","title":{"rendered":"Nos Destinations"},"content":{"rendered":"\t\t<div data-elementor-type=\"wp-page\" data-elementor-id=\"64557\" class=\"elementor elementor-64557 elementor-35786\" data-elementor-post-type=\"page\">\n\t\t\t\t<div class=\"elementor-element elementor-element-074d20c section-s e-flex e-con-boxed e-con e-parent\" data-id=\"074d20c\" data-element_type=\"container\" data-e-type=\"container\">\n\t\t\t\t\t<div class=\"e-con-inner\">\n\t\t<div class=\"elementor-element elementor-element-eeced64 e-con-full e-flex e-con e-child\" data-id=\"eeced64\" data-element_type=\"container\" data-e-type=\"container\">\n\t\t\t\t<div class=\"elementor-element elementor-element-03d751d elementor-widget__width-initial elementor-widget-mobile__width-initial elementor-widget elementor-widget-heading\" data-id=\"03d751d\" data-element_type=\"widget\" data-e-type=\"widget\" data-widget_type=\"heading.default\">\n\t\t\t\t<div class=\"elementor-widget-container\">\n\t\t\t\t\t<h1 class=\"elementor-heading-title elementor-size-default\">Destinations de safari en Afrique de l\u2019Est<\/h1>\t\t\t\t<\/div>\n\t\t\t\t<\/div>\n\t\t\t\t<div class=\"elementor-element elementor-element-5601477 elementor-widget elementor-widget-text-editor\" data-id=\"5601477\" data-element_type=\"widget\" data-e-type=\"widget\" data-widget_type=\"text-editor.default\">\n\t\t\t\t<div class=\"elementor-widget-container\">\n\t\t\t\t\t\t\t\t\t<p>Les destinations d\u2019Afrique de l\u2019Est offrent un m\u00e9lange extraordinaire de faune, de paysages et de patrimoine culturel que peu de r\u00e9gions sur Terre peuvent \u00e9galer. Des plaines embl\u00e9matiques du Serengeti et du Maasai Mara aux sommets imposants du Mont Kilimandjaro et du Mont Kenya, cette r\u00e9gion est un paradis pour les aventuriers, les amoureux de la nature et les explorateurs culturels. <\/p>\t\t\t\t\t\t\t\t<\/div>\n\t\t\t\t<\/div>\n\t\t<div class=\"elementor-element elementor-element-68da667 e-con-full e-flex e-con e-child\" data-id=\"68da667\" data-element_type=\"container\" data-e-type=\"container\">\n\t\t<div class=\"elementor-element elementor-element-33ab001 e-con-full e-flex e-con e-child\" data-id=\"33ab001\" data-element_type=\"container\" data-e-type=\"container\">\n\t\t\t\t<div class=\"elementor-element elementor-element-05c7fab elementor-align-justify elementor-mobile-align-justify elementor-widget elementor-widget-button\" data-id=\"05c7fab\" data-element_type=\"widget\" data-e-type=\"widget\" data-widget_type=\"button.default\">\n\t\t\t\t<div class=\"elementor-widget-container\">\n\t\t\t\t\t\t\t\t\t<div class=\"elementor-button-wrapper\">\n\t\t\t\t\t<a class=\"elementor-button elementor-button-link elementor-size-sm\" href=\"https:\/\/kilidovetours.com\/fr\/enquire\/\">\n\t\t\t\t\t\t<span class=\"elementor-button-content-wrapper\">\n\t\t\t\t\t\t<span class=\"elementor-button-icon\">\n\t\t\t\t<svg aria-hidden=\"true\" class=\"e-font-icon-svg e-far-calendar-alt\" viewBox=\"0 0 448 512\" xmlns=\"http:\/\/www.w3.org\/2000\/svg\"><path d=\"M148 288h-40c-6.6 0-12-5.4-12-12v-40c0-6.6 5.4-12 12-12h40c6.6 0 12 5.4 12 12v40c0 6.6-5.4 12-12 12zm108-12v-40c0-6.6-5.4-12-12-12h-40c-6.6 0-12 5.4-12 12v40c0 6.6 5.4 12 12 12h40c6.6 0 12-5.4 12-12zm96 0v-40c0-6.6-5.4-12-12-12h-40c-6.6 0-12 5.4-12 12v40c0 6.6 5.4 12 12 12h40c6.6 0 12-5.4 12-12zm-96 96v-40c0-6.6-5.4-12-12-12h-40c-6.6 0-12 5.4-12 12v40c0 6.6 5.4 12 12 12h40c6.6 0 12-5.4 12-12zm-96 0v-40c0-6.6-5.4-12-12-12h-40c-6.6 0-12 5.4-12 12v40c0 6.6 5.4 12 12 12h40c6.6 0 12-5.4 12-12zm192 0v-40c0-6.6-5.4-12-12-12h-40c-6.6 0-12 5.4-12 12v40c0 6.6 5.4 12 12 12h40c6.6 0 12-5.4 12-12zm96-260v352c0 26.5-21.5 48-48 48H48c-26.5 0-48-21.5-48-48V112c0-26.5 21.5-48 48-48h48V12c0-6.6 5.4-12 12-12h40c6.6 0 12 5.4 12 12v52h128V12c0-6.6 5.4-12 12-12h40c6.6 0 12 5.4 12 12v52h48c26.5 0 48 21.5 48 48zm-48 346V160H48v298c0 3.3 2.7 6 6 6h340c3.3 0 6-2.7 6-6z\"><\/path><\/svg>\t\t\t<\/span>\n\t\t\t\t\t\t\t\t\t<span class=\"elementor-button-text\">Planifiez votre voyage<\/span>\n\t\t\t\t\t<\/span>\n\t\t\t\t\t<\/a>\n\t\t\t\t<\/div>\n\t\t\t\t\t\t\t\t<\/div>\n\t\t\t\t<\/div>\n\t\t\t\t<\/div>\n\t\t<div class=\"elementor-element elementor-element-c02475e e-con-full e-flex e-con e-child\" data-id=\"c02475e\" data-element_type=\"container\" data-e-type=\"container\">\n\t\t\t\t<div class=\"elementor-element elementor-element-d9bb223 elementor-align-justify elementor-mobile-align-justify elementor-widget elementor-widget-button\" data-id=\"d9bb223\" data-element_type=\"widget\" data-e-type=\"widget\" data-widget_type=\"button.default\">\n\t\t\t\t<div class=\"elementor-widget-container\">\n\t\t\t\t\t\t\t\t\t<div class=\"elementor-button-wrapper\">\n\t\t\t\t\t<a class=\"elementor-button elementor-button-link elementor-size-sm\" href=\"https:\/\/kilidovetours.com\/fr\/safari-en-tanzanie\/\">\n\t\t\t\t\t\t<span class=\"elementor-button-content-wrapper\">\n\t\t\t\t\t\t\t\t\t<span class=\"elementor-button-text\">Voir les forfaits safari<\/span>\n\t\t\t\t\t<\/span>\n\t\t\t\t\t<\/a>\n\t\t\t\t<\/div>\n\t\t\t\t\t\t\t\t<\/div>\n\t\t\t\t<\/div>\n\t\t\t\t<\/div>\n\t\t\t\t<\/div>\n\t\t\t\t<\/div>\n\t\t<div class=\"elementor-element elementor-element-facf2fc e-con-full e-flex e-con e-child\" data-id=\"facf2fc\" data-element_type=\"container\" data-e-type=\"container\">\n\t\t\t\t<div class=\"elementor-element elementor-element-1620dc6 elementor-widget elementor-widget-image\" data-id=\"1620dc6\" data-element_type=\"widget\" data-e-type=\"widget\" data-widget_type=\"image.default\">\n\t\t\t\t<div class=\"elementor-widget-container\">\n\t\t\t\t\t\t\t\t\t\t\t\t\t\t\t<img fetchpriority=\"high\" decoding=\"async\" width=\"800\" height=\"534\" src=\"https:\/\/kilidovetours.com\/wp-content\/uploads\/2024\/08\/Great_Migration_waterhole_Seronera-1024x683.webp\" class=\"attachment-large size-large wp-image-40188\" alt=\"Un groupe diversifi\u00e9 de gnous et de z\u00e8bres traversant le paysage de la savane lors d\u2019une aventure de safari de 7 jours en Tanzanie.\" srcset=\"https:\/\/kilidovetours.com\/wp-content\/uploads\/2024\/08\/Great_Migration_waterhole_Seronera-1024x683.webp 1024w, https:\/\/kilidovetours.com\/wp-content\/uploads\/2024\/08\/Great_Migration_waterhole_Seronera-300x200.webp 300w, https:\/\/kilidovetours.com\/wp-content\/uploads\/2024\/08\/Great_Migration_waterhole_Seronera-768x512.webp 768w, https:\/\/kilidovetours.com\/wp-content\/uploads\/2024\/08\/Great_Migration_waterhole_Seronera-1536x1024.webp 1536w, https:\/\/kilidovetours.com\/wp-content\/uploads\/2024\/08\/Great_Migration_waterhole_Seronera-2048x1365.webp 2048w, https:\/\/kilidovetours.com\/wp-content\/uploads\/2024\/08\/Great_Migration_waterhole_Seronera-370x247.webp 370w, https:\/\/kilidovetours.com\/wp-content\/uploads\/2024\/08\/Great_Migration_waterhole_Seronera-840x560.webp 840w, https:\/\/kilidovetours.com\/wp-content\/uploads\/2024\/08\/Great_Migration_waterhole_Seronera-410x273.webp 410w, https:\/\/kilidovetours.com\/wp-content\/uploads\/2024\/08\/Great_Migration_waterhole_Seronera-600x400.webp 600w\" sizes=\"(max-width: 800px) 100vw, 800px\" \/>\t\t\t\t\t\t\t\t\t\t\t\t\t\t\t<\/div>\n\t\t\t\t<\/div>\n\t\t\t\t<\/div>\n\t\t\t\t\t<\/div>\n\t\t\t\t<\/div>\n\t\t<div class=\"elementor-element elementor-element-f06748b e-flex e-con-boxed e-con e-parent\" data-id=\"f06748b\" data-element_type=\"container\" data-e-type=\"container\">\n\t\t\t\t\t<div class=\"e-con-inner\">\n\t\t<div class=\"elementor-element elementor-element-3604c87 e-con-full e-flex e-con e-child\" data-id=\"3604c87\" data-element_type=\"container\" data-e-type=\"container\">\n\t\t\t\t<div class=\"elementor-element elementor-element-73a8483 elementor-widget elementor-widget-heading\" data-id=\"73a8483\" data-element_type=\"widget\" data-e-type=\"widget\" data-widget_type=\"heading.default\">\n\t\t\t\t<div class=\"elementor-widget-container\">\n\t\t\t\t\t<h2 class=\"elementor-heading-title elementor-size-default\">Destinations de vacances en Afrique de l\u2019Est<\/h2>\t\t\t\t<\/div>\n\t\t\t\t<\/div>\n\t\t\t\t<div class=\"elementor-element elementor-element-58b0bd3 elementor-widget elementor-widget-text-editor\" data-id=\"58b0bd3\" data-element_type=\"widget\" data-e-type=\"widget\" data-widget_type=\"text-editor.default\">\n\t\t\t\t<div class=\"elementor-widget-container\">\n\t\t\t\t\t\t\t\t\t<p>Que vous r\u00eaviez d\u2019assister \u00e0 la Grande Migration, de vous d\u00e9tendre sur les plages de sable blanc de Zanzibar ou de faire de la randonn\u00e9e dans les hautes terres luxuriantes, l\u2019Afrique de l\u2019Est vous promet des exp\u00e9riences inoubliables \u00e0 chaque instant. D\u00e9couvrez la beaut\u00e9 et la diversit\u00e9 qui d\u00e9finissent cette r\u00e9gion remarquable. <\/p>\t\t\t\t\t\t\t\t<\/div>\n\t\t\t\t<\/div>\n\t\t\t\t<div class=\"elementor-element elementor-element-7a2518a elementor-grid-1 elementor-grid-tablet-2 elementor-grid-mobile-1 elementor-widget elementor-widget-loop-grid\" data-id=\"7a2518a\" data-element_type=\"widget\" data-e-type=\"widget\" data-settings=\"{&quot;template_id&quot;:51276,&quot;columns&quot;:1,&quot;_skin&quot;:&quot;post&quot;,&quot;columns_tablet&quot;:&quot;2&quot;,&quot;columns_mobile&quot;:&quot;1&quot;,&quot;edit_handle_selector&quot;:&quot;[data-elementor-type=\\&quot;loop-item\\&quot;]&quot;,&quot;row_gap&quot;:{&quot;unit&quot;:&quot;px&quot;,&quot;size&quot;:&quot;&quot;,&quot;sizes&quot;:[]},&quot;row_gap_tablet&quot;:{&quot;unit&quot;:&quot;px&quot;,&quot;size&quot;:&quot;&quot;,&quot;sizes&quot;:[]},&quot;row_gap_mobile&quot;:{&quot;unit&quot;:&quot;px&quot;,&quot;size&quot;:&quot;&quot;,&quot;sizes&quot;:[]}}\" data-widget_type=\"loop-grid.post\">\n\t\t\t\t<div class=\"elementor-widget-container\">\n\t\t\t\t\t\t\t<div class=\"e-loop-nothing-found-message\">\n\t\t<\/div>\n\t\t\t\t\t\t<\/div>\n\t\t\t\t<\/div>\n\t\t\t\t<div class=\"elementor-element elementor-element-a908954 elementor-widget elementor-widget-spacer\" data-id=\"a908954\" data-element_type=\"widget\" data-e-type=\"widget\" data-widget_type=\"spacer.default\">\n\t\t\t\t<div class=\"elementor-widget-container\">\n\t\t\t\t\t\t\t<div class=\"elementor-spacer\">\n\t\t\t<div class=\"elementor-spacer-inner\"><\/div>\n\t\t<\/div>\n\t\t\t\t\t\t<\/div>\n\t\t\t\t<\/div>\n\t\t\t\t<\/div>\n\t\t\t\t\t<\/div>\n\t\t\t\t<\/div>\n\t\t\t\t<\/div>\n\t\t","protected":false},"excerpt":{"rendered":"<p>Destinations de safari en Afrique de l\u2019Est Les destinations d\u2019Afrique de l\u2019Est offrent un m\u00e9lange extraordinaire de faune, de paysages et de patrimoine culturel que peu de r\u00e9gions sur Terre peuvent \u00e9galer. Des plaines embl\u00e9matiques du Serengeti et du Maasai Mara aux sommets imposants du Mont Kilimandjaro et du Mont Kenya, cette r\u00e9gion est un [&hellip;]<\/p>\n","protected":false},"author":3,"featured_media":41290,"parent":0,"menu_order":0,"comment_status":"closed","ping_status":"closed","template":"","meta":{"_acf_changed":false,"footnotes":""},"class_list":["post-64557","page","type-page","status-publish","has-post-thumbnail","hentry"],"acf":[],"yoast_head":"<!-- This site is optimized with the Yoast SEO Premium plugin v26.3 (Yoast SEO v27.4) - https:\/\/yoast.com\/product\/yoast-seo-premium-wordpress\/ -->\n<title>Meilleures destinations d\u2019Afrique de l\u2019Est pour l\u2019aventure et la d\u00e9tente<\/title>\n<meta name=\"description\" content=\"D\u00e9couvre nos destinations pr\u00e9f\u00e9r\u00e9es en Afrique de l\u2019Est. Nous avons une base solide au Kenya, en Tanzanie, en Ouganda, au Rwanda et \u00e0 Zanzibar pour des vacances inoubliables.\" \/>\n<meta name=\"robots\" content=\"index, follow, max-snippet:-1, max-image-preview:large, max-video-preview:-1\" \/>\n<link rel=\"canonical\" href=\"https:\/\/kilidovetours.com\/fr\/destinations\/\" \/>\n<meta property=\"og:locale\" content=\"fr_FR\" \/>\n<meta property=\"og:type\" content=\"article\" \/>\n<meta property=\"og:title\" content=\"Nos Destinations\" \/>\n<meta property=\"og:description\" content=\"D\u00e9couvre nos destinations pr\u00e9f\u00e9r\u00e9es en Afrique de l\u2019Est. Nous avons une base solide au Kenya, en Tanzanie, en Ouganda, au Rwanda et \u00e0 Zanzibar pour des vacances inoubliables.\" \/>\n<meta property=\"og:url\" content=\"https:\/\/kilidovetours.com\/fr\/destinations\/\" \/>\n<meta property=\"og:site_name\" content=\"Kilidove Tours\" \/>\n<meta property=\"article:publisher\" content=\"https:\/\/www.facebook.com\/kilidovetoursandsafaris\/\" \/>\n<meta property=\"article:modified_time\" content=\"2026-04-03T08:53:28+00:00\" \/>\n<meta property=\"og:image\" content=\"https:\/\/kilidovetours.com\/wp-content\/uploads\/2024\/08\/Safari-car-Tarangire-Kilidove-Tours-8.webp\" \/>\n\t<meta property=\"og:image:width\" content=\"2551\" \/>\n\t<meta property=\"og:image:height\" content=\"1701\" \/>\n\t<meta property=\"og:image:type\" content=\"image\/webp\" \/>\n<meta name=\"twitter:card\" content=\"summary_large_image\" \/>\n<meta name=\"twitter:site\" content=\"@kilidovetours\" \/>\n<meta name=\"twitter:label1\" content=\"Dur\u00e9e de lecture estim\u00e9e\" \/>\n\t<meta name=\"twitter:data1\" content=\"1 minute\" \/>\n<script type=\"application\/ld+json\" class=\"yoast-schema-graph\">{\"@context\":\"https:\\\/\\\/schema.org\",\"@graph\":[{\"@type\":\"WebPage\",\"@id\":\"https:\\\/\\\/kilidovetours.com\\\/fr\\\/destinations\\\/\",\"url\":\"https:\\\/\\\/kilidovetours.com\\\/fr\\\/destinations\\\/\",\"name\":\"Meilleures destinations d\u2019Afrique de l\u2019Est pour l\u2019aventure et la d\u00e9tente\",\"isPartOf\":{\"@id\":\"https:\\\/\\\/kilidovetours.com\\\/fr\\\/#website\"},\"primaryImageOfPage\":{\"@id\":\"https:\\\/\\\/kilidovetours.com\\\/fr\\\/destinations\\\/#primaryimage\"},\"image\":{\"@id\":\"https:\\\/\\\/kilidovetours.com\\\/fr\\\/destinations\\\/#primaryimage\"},\"thumbnailUrl\":\"https:\\\/\\\/kilidovetours.com\\\/wp-content\\\/uploads\\\/2024\\\/08\\\/Safari-car-Tarangire-Kilidove-Tours-8.webp\",\"datePublished\":\"2024-05-08T15:15:47+00:00\",\"dateModified\":\"2026-04-03T08:53:28+00:00\",\"description\":\"D\u00e9couvre nos destinations pr\u00e9f\u00e9r\u00e9es en Afrique de l\u2019Est. Nous avons une base solide au Kenya, en Tanzanie, en Ouganda, au Rwanda et \u00e0 Zanzibar pour des vacances inoubliables.\",\"breadcrumb\":{\"@id\":\"https:\\\/\\\/kilidovetours.com\\\/fr\\\/destinations\\\/#breadcrumb\"},\"inLanguage\":\"fr-FR\",\"potentialAction\":[{\"@type\":\"ReadAction\",\"target\":[\"https:\\\/\\\/kilidovetours.com\\\/fr\\\/destinations\\\/\"]}]},{\"@type\":\"ImageObject\",\"inLanguage\":\"fr-FR\",\"@id\":\"https:\\\/\\\/kilidovetours.com\\\/fr\\\/destinations\\\/#primaryimage\",\"url\":\"https:\\\/\\\/kilidovetours.com\\\/wp-content\\\/uploads\\\/2024\\\/08\\\/Safari-car-Tarangire-Kilidove-Tours-8.webp\",\"contentUrl\":\"https:\\\/\\\/kilidovetours.com\\\/wp-content\\\/uploads\\\/2024\\\/08\\\/Safari-car-Tarangire-Kilidove-Tours-8.webp\",\"width\":2551,\"height\":1701,\"caption\":\"Un v\u00e9hicule de safari roule sur un chemin de terre \u00e0 travers un vaste champ en Afrique de l\u2019Est, mettant en valeur le paysage naturel.\"},{\"@type\":\"BreadcrumbList\",\"@id\":\"https:\\\/\\\/kilidovetours.com\\\/fr\\\/destinations\\\/#breadcrumb\",\"itemListElement\":[{\"@type\":\"ListItem\",\"position\":1,\"name\":\"Accueil\",\"item\":\"https:\\\/\\\/kilidovetours.com\\\/fr\\\/\"},{\"@type\":\"ListItem\",\"position\":2,\"name\":\"Nos Destinations\"}]},{\"@type\":\"WebSite\",\"@id\":\"https:\\\/\\\/kilidovetours.com\\\/fr\\\/#website\",\"url\":\"https:\\\/\\\/kilidovetours.com\\\/fr\\\/\",\"name\":\"KILIDOVE Tours\",\"description\":\"Personalised Private Guided Safari Tours &amp; Treks. Best safari tour agency in Arusha, Tanzania.\",\"publisher\":{\"@id\":\"https:\\\/\\\/kilidovetours.com\\\/fr\\\/#organization\"},\"alternateName\":\"KILIDOVE\",\"potentialAction\":[{\"@type\":\"SearchAction\",\"target\":{\"@type\":\"EntryPoint\",\"urlTemplate\":\"https:\\\/\\\/kilidovetours.com\\\/fr\\\/?s={search_term_string}\"},\"query-input\":{\"@type\":\"PropertyValueSpecification\",\"valueRequired\":true,\"valueName\":\"search_term_string\"}}],\"inLanguage\":\"fr-FR\"},{\"@type\":\"Organization\",\"@id\":\"https:\\\/\\\/kilidovetours.com\\\/fr\\\/#organization\",\"name\":\"KILIDOVE Tours\",\"alternateName\":\"KILIDOVE\",\"url\":\"https:\\\/\\\/kilidovetours.com\\\/fr\\\/\",\"logo\":{\"@type\":\"ImageObject\",\"inLanguage\":\"fr-FR\",\"@id\":\"https:\\\/\\\/kilidovetours.com\\\/fr\\\/#\\\/schema\\\/logo\\\/image\\\/\",\"url\":\"https:\\\/\\\/kilidovetours.com\\\/wp-content\\\/uploads\\\/2024\\\/05\\\/kilidove-1.png\",\"contentUrl\":\"https:\\\/\\\/kilidovetours.com\\\/wp-content\\\/uploads\\\/2024\\\/05\\\/kilidove-1.png\",\"width\":118,\"height\":118,\"caption\":\"KILIDOVE Tours\"},\"image\":{\"@id\":\"https:\\\/\\\/kilidovetours.com\\\/fr\\\/#\\\/schema\\\/logo\\\/image\\\/\"},\"sameAs\":[\"https:\\\/\\\/www.facebook.com\\\/kilidovetoursandsafaris\\\/\",\"https:\\\/\\\/x.com\\\/kilidovetours\",\"https:\\\/\\\/www.tripadvisor.com\\\/Attraction_Review-g297913-d7790780-Reviews-Kilidove_Tours_And_Safaris-Arusha_Arusha_Region.html\",\"https:\\\/\\\/www.instagram.com\\\/kilidovetours\\\/\",\"https:\\\/\\\/www.youtube.com\\\/user\\\/KilidoveTours\"],\"description\":\"Kilidove Tours &amp; Safaris est un tour-op\u00e9rateur tanzanien de premier plan proposant des safaris personnalis\u00e9s. Bas\u00e9s \u00e0 Arusha, ils op\u00e8rent depuis plus de 15 ans et sont sp\u00e9cialis\u00e9s dans les voyages de milieu de gamme \u00e0 luxe en Tanzanie, au Kenya, en Ouganda, au Rwanda et \u00e0 Zanzibar. R\u00e9put\u00e9s pour leurs excellentes notes (5\\\/5 sur SafariBookings) et leurs itin\u00e9raires sur mesure.  \",\"email\":\"kili@kilidovetours.com\",\"telephone\":\"+255 787 955 466\",\"legalName\":\"Kilidove tours and safaris private limited\",\"numberOfEmployees\":{\"@type\":\"QuantitativeValue\",\"minValue\":\"11\",\"maxValue\":\"50\"}}]}<\/script>\n<!-- \/ Yoast SEO Premium plugin. -->","yoast_head_json":{"title":"Meilleures destinations d\u2019Afrique de l\u2019Est pour l\u2019aventure et la d\u00e9tente","description":"D\u00e9couvre nos destinations pr\u00e9f\u00e9r\u00e9es en Afrique de l\u2019Est. Nous avons une base solide au Kenya, en Tanzanie, en Ouganda, au Rwanda et \u00e0 Zanzibar pour des vacances inoubliables.","robots":{"index":"index","follow":"follow","max-snippet":"max-snippet:-1","max-image-preview":"max-image-preview:large","max-video-preview":"max-video-preview:-1"},"canonical":"https:\/\/kilidovetours.com\/fr\/destinations\/","og_locale":"fr_FR","og_type":"article","og_title":"Nos Destinations","og_description":"D\u00e9couvre nos destinations pr\u00e9f\u00e9r\u00e9es en Afrique de l\u2019Est. Nous avons une base solide au Kenya, en Tanzanie, en Ouganda, au Rwanda et \u00e0 Zanzibar pour des vacances inoubliables.","og_url":"https:\/\/kilidovetours.com\/fr\/destinations\/","og_site_name":"Kilidove Tours","article_publisher":"https:\/\/www.facebook.com\/kilidovetoursandsafaris\/","article_modified_time":"2026-04-03T08:53:28+00:00","og_image":[{"width":2551,"height":1701,"url":"https:\/\/kilidovetours.com\/wp-content\/uploads\/2024\/08\/Safari-car-Tarangire-Kilidove-Tours-8.webp","type":"image\/webp"}],"twitter_card":"summary_large_image","twitter_site":"@kilidovetours","twitter_misc":{"Dur\u00e9e de lecture estim\u00e9e":"1 minute"},"schema":{"@context":"https:\/\/schema.org","@graph":[{"@type":"WebPage","@id":"https:\/\/kilidovetours.com\/fr\/destinations\/","url":"https:\/\/kilidovetours.com\/fr\/destinations\/","name":"Meilleures destinations d\u2019Afrique de l\u2019Est pour l\u2019aventure et la d\u00e9tente","isPartOf":{"@id":"https:\/\/kilidovetours.com\/fr\/#website"},"primaryImageOfPage":{"@id":"https:\/\/kilidovetours.com\/fr\/destinations\/#primaryimage"},"image":{"@id":"https:\/\/kilidovetours.com\/fr\/destinations\/#primaryimage"},"thumbnailUrl":"https:\/\/kilidovetours.com\/wp-content\/uploads\/2024\/08\/Safari-car-Tarangire-Kilidove-Tours-8.webp","datePublished":"2024-05-08T15:15:47+00:00","dateModified":"2026-04-03T08:53:28+00:00","description":"D\u00e9couvre nos destinations pr\u00e9f\u00e9r\u00e9es en Afrique de l\u2019Est. Nous avons une base solide au Kenya, en Tanzanie, en Ouganda, au Rwanda et \u00e0 Zanzibar pour des vacances inoubliables.","breadcrumb":{"@id":"https:\/\/kilidovetours.com\/fr\/destinations\/#breadcrumb"},"inLanguage":"fr-FR","potentialAction":[{"@type":"ReadAction","target":["https:\/\/kilidovetours.com\/fr\/destinations\/"]}]},{"@type":"ImageObject","inLanguage":"fr-FR","@id":"https:\/\/kilidovetours.com\/fr\/destinations\/#primaryimage","url":"https:\/\/kilidovetours.com\/wp-content\/uploads\/2024\/08\/Safari-car-Tarangire-Kilidove-Tours-8.webp","contentUrl":"https:\/\/kilidovetours.com\/wp-content\/uploads\/2024\/08\/Safari-car-Tarangire-Kilidove-Tours-8.webp","width":2551,"height":1701,"caption":"Un v\u00e9hicule de safari roule sur un chemin de terre \u00e0 travers un vaste champ en Afrique de l\u2019Est, mettant en valeur le paysage naturel."},{"@type":"BreadcrumbList","@id":"https:\/\/kilidovetours.com\/fr\/destinations\/#breadcrumb","itemListElement":[{"@type":"ListItem","position":1,"name":"Accueil","item":"https:\/\/kilidovetours.com\/fr\/"},{"@type":"ListItem","position":2,"name":"Nos Destinations"}]},{"@type":"WebSite","@id":"https:\/\/kilidovetours.com\/fr\/#website","url":"https:\/\/kilidovetours.com\/fr\/","name":"KILIDOVE Tours","description":"Personalised Private Guided Safari Tours &amp; Treks. Best safari tour agency in Arusha, Tanzania.","publisher":{"@id":"https:\/\/kilidovetours.com\/fr\/#organization"},"alternateName":"KILIDOVE","potentialAction":[{"@type":"SearchAction","target":{"@type":"EntryPoint","urlTemplate":"https:\/\/kilidovetours.com\/fr\/?s={search_term_string}"},"query-input":{"@type":"PropertyValueSpecification","valueRequired":true,"valueName":"search_term_string"}}],"inLanguage":"fr-FR"},{"@type":"Organization","@id":"https:\/\/kilidovetours.com\/fr\/#organization","name":"KILIDOVE Tours","alternateName":"KILIDOVE","url":"https:\/\/kilidovetours.com\/fr\/","logo":{"@type":"ImageObject","inLanguage":"fr-FR","@id":"https:\/\/kilidovetours.com\/fr\/#\/schema\/logo\/image\/","url":"https:\/\/kilidovetours.com\/wp-content\/uploads\/2024\/05\/kilidove-1.png","contentUrl":"https:\/\/kilidovetours.com\/wp-content\/uploads\/2024\/05\/kilidove-1.png","width":118,"height":118,"caption":"KILIDOVE Tours"},"image":{"@id":"https:\/\/kilidovetours.com\/fr\/#\/schema\/logo\/image\/"},"sameAs":["https:\/\/www.facebook.com\/kilidovetoursandsafaris\/","https:\/\/x.com\/kilidovetours","https:\/\/www.tripadvisor.com\/Attraction_Review-g297913-d7790780-Reviews-Kilidove_Tours_And_Safaris-Arusha_Arusha_Region.html","https:\/\/www.instagram.com\/kilidovetours\/","https:\/\/www.youtube.com\/user\/KilidoveTours"],"description":"Kilidove Tours &amp; Safaris est un tour-op\u00e9rateur tanzanien de premier plan proposant des safaris personnalis\u00e9s. Bas\u00e9s \u00e0 Arusha, ils op\u00e8rent depuis plus de 15 ans et sont sp\u00e9cialis\u00e9s dans les voyages de milieu de gamme \u00e0 luxe en Tanzanie, au Kenya, en Ouganda, au Rwanda et \u00e0 Zanzibar. R\u00e9put\u00e9s pour leurs excellentes notes (5\/5 sur SafariBookings) et leurs itin\u00e9raires sur mesure.  ","email":"kili@kilidovetours.com","telephone":"+255 787 955 466","legalName":"Kilidove tours and safaris private limited","numberOfEmployees":{"@type":"QuantitativeValue","minValue":"11","maxValue":"50"}}]}},"_links":{"self":[{"href":"https:\/\/kilidovetours.com\/fr\/wp-json\/wp\/v2\/pages\/64557","targetHints":{"allow":["GET"]}}],"collection":[{"href":"https:\/\/kilidovetours.com\/fr\/wp-json\/wp\/v2\/pages"}],"about":[{"href":"https:\/\/kilidovetours.com\/fr\/wp-json\/wp\/v2\/types\/page"}],"author":[{"embeddable":true,"href":"https:\/\/kilidovetours.com\/fr\/wp-json\/wp\/v2\/users\/3"}],"replies":[{"embeddable":true,"href":"https:\/\/kilidovetours.com\/fr\/wp-json\/wp\/v2\/comments?post=64557"}],"version-history":[{"count":4,"href":"https:\/\/kilidovetours.com\/fr\/wp-json\/wp\/v2\/pages\/64557\/revisions"}],"predecessor-version":[{"id":68619,"href":"https:\/\/kilidovetours.com\/fr\/wp-json\/wp\/v2\/pages\/64557\/revisions\/68619"}],"wp:featuredmedia":[{"embeddable":true,"href":"https:\/\/kilidovetours.com\/fr\/wp-json\/wp\/v2\/media\/41290"}],"wp:attachment":[{"href":"https:\/\/kilidovetours.com\/fr\/wp-json\/wp\/v2\/media?parent=64557"}],"curies":[{"name":"wp","href":"https:\/\/api.w.org\/{rel}","templated":true}]}}