{"id":64586,"date":"2024-06-19T07:59:46","date_gmt":"2024-06-19T07:59:46","guid":{"rendered":"https:\/\/kilidovetours.com\/?page_id=64586"},"modified":"2026-03-10T08:34:50","modified_gmt":"2026-03-10T08:34:50","slug":"mission-de-durabilite-declaration","status":"publish","type":"page","link":"https:\/\/kilidovetours.com\/fr\/mission-de-durabilite-declaration\/","title":{"rendered":"Mission de durabilit\u00e9  d\u00e9claration"},"content":{"rendered":"\t\t<div data-elementor-type=\"wp-page\" data-elementor-id=\"64586\" class=\"elementor elementor-64586 elementor-37410\" data-elementor-post-type=\"page\">\n\t\t\t\t\t\t<section class=\"elementor-section elementor-top-section elementor-element elementor-element-2b1184b0 elementor-section-boxed elementor-section-height-default elementor-section-height-default\" data-id=\"2b1184b0\" data-element_type=\"section\" data-e-type=\"section\" data-settings=\"{&quot;background_background&quot;:&quot;classic&quot;}\">\n\t\t\t\t\t\t<div class=\"elementor-container elementor-column-gap-default\">\n\t\t\t\t\t<div class=\"elementor-column elementor-col-100 elementor-top-column elementor-element elementor-element-153e1c19\" data-id=\"153e1c19\" data-element_type=\"column\" data-e-type=\"column\">\n\t\t\t<div class=\"elementor-widget-wrap elementor-element-populated\">\n\t\t\t\t\t\t<div class=\"elementor-element elementor-element-54db29de elementor-widget elementor-widget-text-editor\" data-id=\"54db29de\" data-element_type=\"widget\" data-e-type=\"widget\" data-widget_type=\"text-editor.default\">\n\t\t\t\t<div class=\"elementor-widget-container\">\n\t\t\t\t\t\t\t\t\t<div class=\"page\" title=\"Page 1\">\n<div class=\"section\">\n<div class=\"layoutArea\">\n<div class=\"column\">\n<h2><strong><em>\u00ab Responsabiliser les populations et la plan\u00e8te pour un avenir florissant \u00bb<\/em><\/strong><\/h2>\nChez Kilidove tours &amp; safaris, nous nous engageons \u00e0 favoriser un changement positif et \u00e0 cr\u00e9er un avenir durable pour tous. Notre mission s\u2019enracine dans la conviction que la durabilit\u00e9 environnementale, sociale et \u00e9conomique est interconnect\u00e9e et essentielle au bien-\u00eatre des populations et de la plan\u00e8te. Par nos actions et nos innovations, nous faisons de notre mieux pour donner aux individus, aux communaut\u00e9s et aux organisations les moyens d\u2019avoir un impact significatif sur le fa\u00e7onnement d\u2019un avenir prosp\u00e8re pour les g\u00e9n\u00e9rations \u00e0 venir.  \n<h5><strong>1. Supervision environnementale :<\/strong><\/h5>\nNous reconnaissons le besoin urgent de prot\u00e9ger et de restaurer notre environnement naturel. Nous nous consacrons \u00e0 minimiser notre empreinte \u00e9cologique en adoptant des pratiques durables, en r\u00e9duisant les d\u00e9chets, en pr\u00e9servant les ressources et en promouvant la conservation de la biodiversit\u00e9. Nous privil\u00e9gions l\u2019approvisionnement durable, les solutions d\u2019\u00e9nergie propre et les processus de fabrication responsables pour garantir une plan\u00e8te plus saine aux habitants actuels et futurs.  \n<h5><strong>2. \u00c9quit\u00e9 sociale :<\/strong><\/h5>\nNous pensons que la durabilit\u00e9 doit \u00eatre inclusive et \u00e9quitable. Nous nous engageons \u00e0 favoriser un environnement diversifi\u00e9 et inclusif o\u00f9 toutes les voix sont entendues, valoris\u00e9es et respect\u00e9es. Nous nous effor\u00e7ons de cr\u00e9er des opportunit\u00e9s d\u2019autonomisation \u00e9conomique, de promouvoir des pratiques de travail \u00e9quitables et de soutenir des initiatives qui am\u00e9liorent l\u2019\u00e9ducation, la sant\u00e9 et le bien-\u00eatre dans les communaut\u00e9s que nous servons. Nous privil\u00e9gions la collaboration avec les acteurs locaux, en leur donnant les moyens de participer activement au d\u00e9veloppement durable.   \n<h5><strong>3. Innovation et collaboration :<\/strong><\/h5>\nNous comprenons que relever des d\u00e9fis complexes en mati\u00e8re de durabilit\u00e9 n\u00e9cessite de l\u2019innovation, de la collaboration ainsi que le partage de connaissances et de ressources. Nous recherchons activement des partenariats avec des organisations, des chercheurs et des communaut\u00e9s partageant les m\u00eames id\u00e9es pour co-cr\u00e9er des solutions qui favorisent un changement positif. Nous encourageons le dialogue ouvert, l\u2019exp\u00e9rimentation et l\u2019apprentissage continu pour catalyser l\u2019innovation dans les technologies, les pratiques et les mod\u00e8les commerciaux durables.  \n<h5><strong>4. Gouvernance transparente et responsabilit\u00e9 :<\/strong><\/h5>\nNous adoptons la transparence et la responsabilit\u00e9 comme fondement de nos efforts de durabilit\u00e9. Nous fixons des buts et des objectifs clairs, suivons r\u00e9guli\u00e8rement nos progr\u00e8s et rendons compte ouvertement de nos performances environnementales, sociales et \u00e9conomiques. Nous dialoguons avec les parties prenantes, y compris les clients, les employ\u00e9s, les investisseurs et le grand public, pour nous assurer que leurs voix sont entendues, et nous recherchons activement des commentaires pour am\u00e9liorer nos pratiques.  \n<div class=\"page\" title=\"Page 2\">\n<div class=\"section\">\n<div class=\"layoutArea\">\n<div class=\"column\">\n<h5><strong>5. Inspirer et \u00e9duquer :<\/strong><\/h5>\nNous nous effor\u00e7ons d\u2019inspirer et d\u2019\u00e9duquer les individus pour qu\u2019ils deviennent des participants actifs d\u2019un mode de vie durable. Gr\u00e2ce \u00e0 des campagnes de sensibilisation et \u00e0 des informations accessibles, nous visons \u00e0 donner aux gens les connaissances et les outils dont ils ont besoin pour faire des choix \u00e9clair\u00e9s et adopter des modes de vie durables. Nous pensons que l\u2019action collective commence par l\u2019engagement individuel et que de petits changements peuvent mener \u00e0 des impacts positifs significatifs.  \n\nEn adoptant notre mission de durabilit\u00e9, nous envisageons un avenir o\u00f9 l\u2019harmonie environnementale, la justice sociale et la prosp\u00e9rit\u00e9 \u00e9conomique ne s\u2019excluent pas mutuellement mais se renforcent. Ensemble, nous pouvons cr\u00e9er un monde meilleur qui nourrit \u00e0 la fois les populations et la plan\u00e8te, garantissant un h\u00e9ritage durable pour les g\u00e9n\u00e9rations \u00e0 venir. Rejoins-nous dans ce voyage vers un avenir meilleur.  \n\n<\/div>\n<\/div>\n<\/div>\n<\/div>\n<\/div>\n<\/div>\n<\/div>\n<\/div>\t\t\t\t\t\t\t\t<\/div>\n\t\t\t\t<\/div>\n\t\t\t\t\t<\/div>\n\t\t<\/div>\n\t\t\t\t\t<\/div>\n\t\t<\/section>\n\t\t\t\t<section class=\"elementor-section elementor-top-section elementor-element elementor-element-7ef86bc8 elementor-section-boxed elementor-section-height-default elementor-section-height-default\" data-id=\"7ef86bc8\" data-element_type=\"section\" data-e-type=\"section\">\n\t\t\t\t\t\t<div class=\"elementor-container elementor-column-gap-default\">\n\t\t\t\t\t<div class=\"elementor-column elementor-col-100 elementor-top-column elementor-element elementor-element-19372eea\" data-id=\"19372eea\" data-element_type=\"column\" data-e-type=\"column\">\n\t\t\t<div class=\"elementor-widget-wrap elementor-element-populated\">\n\t\t\t\t\t\t<div class=\"elementor-element elementor-element-690b98ed elementor-widget elementor-widget-spacer\" data-id=\"690b98ed\" data-element_type=\"widget\" data-e-type=\"widget\" data-widget_type=\"spacer.default\">\n\t\t\t\t<div class=\"elementor-widget-container\">\n\t\t\t\t\t\t\t<div class=\"elementor-spacer\">\n\t\t\t<div class=\"elementor-spacer-inner\"><\/div>\n\t\t<\/div>\n\t\t\t\t\t\t<\/div>\n\t\t\t\t<\/div>\n\t\t\t\t\t<\/div>\n\t\t<\/div>\n\t\t\t\t\t<\/div>\n\t\t<\/section>\n\t\t\t\t<\/div>\n\t\t","protected":false},"excerpt":{"rendered":"<p>\u00ab Responsabiliser les populations et la plan\u00e8te pour un avenir florissant \u00bb Chez Kilidove tours &amp; safaris, nous nous engageons \u00e0 favoriser un changement positif et \u00e0 cr\u00e9er un avenir durable pour tous. Notre mission s\u2019enracine dans la conviction que la durabilit\u00e9 environnementale, sociale et \u00e9conomique est interconnect\u00e9e et essentielle au bien-\u00eatre des populations et [&hellip;]<\/p>\n","protected":false},"author":3,"featured_media":0,"parent":0,"menu_order":0,"comment_status":"closed","ping_status":"closed","template":"","meta":{"_acf_changed":false,"footnotes":""},"class_list":["post-64586","page","type-page","status-publish","hentry"],"acf":[],"yoast_head":"<!-- This site is optimized with the Yoast SEO Premium plugin v26.3 (Yoast SEO v27.3) - https:\/\/yoast.com\/product\/yoast-seo-premium-wordpress\/ -->\n<title>\u00c9nonc\u00e9 de mission sur la durabilit\u00e9 &#8211; Kilidove Tours<\/title>\n<meta name=\"description\" content=\"L\u2019entreprise se consacre \u00e0 l\u2019int\u00e9gration des principes de durabilit\u00e9 dans tous les aspects de ses activit\u00e9s. Une politique de durabilit\u00e9 est pour nous indispensable.\" \/>\n<meta name=\"robots\" content=\"index, follow, max-snippet:-1, max-image-preview:large, max-video-preview:-1\" \/>\n<link rel=\"canonical\" href=\"https:\/\/kilidovetours.com\/fr\/mission-de-durabilite-declaration\/\" \/>\n<meta property=\"og:locale\" content=\"fr_FR\" \/>\n<meta property=\"og:type\" content=\"article\" \/>\n<meta property=\"og:title\" content=\"Mission de durabilit\u00e9 d\u00e9claration\" \/>\n<meta property=\"og:description\" content=\"L\u2019entreprise se consacre \u00e0 l\u2019int\u00e9gration des principes de durabilit\u00e9 dans tous les aspects de ses activit\u00e9s. Une politique de durabilit\u00e9 est pour nous indispensable.\" \/>\n<meta property=\"og:url\" content=\"https:\/\/kilidovetours.com\/fr\/mission-de-durabilite-declaration\/\" \/>\n<meta property=\"og:site_name\" content=\"Kilidove Tours\" \/>\n<meta property=\"article:publisher\" content=\"https:\/\/www.facebook.com\/kilidovetoursandsafaris\/\" \/>\n<meta property=\"article:modified_time\" content=\"2026-03-10T08:34:50+00:00\" \/>\n<meta property=\"og:image\" content=\"https:\/\/kilidovetours.com\/wp-content\/uploads\/2024\/05\/kilidove-logo.png\" \/>\n\t<meta property=\"og:image:width\" content=\"59\" \/>\n\t<meta property=\"og:image:height\" content=\"59\" \/>\n\t<meta property=\"og:image:type\" content=\"image\/png\" \/>\n<meta name=\"twitter:card\" content=\"summary_large_image\" \/>\n<meta name=\"twitter:site\" content=\"@kilidovetours\" \/>\n<meta name=\"twitter:label1\" content=\"Dur\u00e9e de lecture estim\u00e9e\" \/>\n\t<meta name=\"twitter:data1\" content=\"3 minutes\" \/>\n<script type=\"application\/ld+json\" class=\"yoast-schema-graph\">{\"@context\":\"https:\\\/\\\/schema.org\",\"@graph\":[{\"@type\":\"WebPage\",\"@id\":\"https:\\\/\\\/kilidovetours.com\\\/fr\\\/mission-de-durabilite-declaration\\\/\",\"url\":\"https:\\\/\\\/kilidovetours.com\\\/fr\\\/mission-de-durabilite-declaration\\\/\",\"name\":\"\u00c9nonc\u00e9 de mission sur la durabilit\u00e9 &#8211; Kilidove Tours\",\"isPartOf\":{\"@id\":\"https:\\\/\\\/kilidovetours.com\\\/fr\\\/#website\"},\"datePublished\":\"2024-06-19T07:59:46+00:00\",\"dateModified\":\"2026-03-10T08:34:50+00:00\",\"description\":\"L\u2019entreprise se consacre \u00e0 l\u2019int\u00e9gration des principes de durabilit\u00e9 dans tous les aspects de ses activit\u00e9s. Une politique de durabilit\u00e9 est pour nous indispensable.\",\"breadcrumb\":{\"@id\":\"https:\\\/\\\/kilidovetours.com\\\/fr\\\/mission-de-durabilite-declaration\\\/#breadcrumb\"},\"inLanguage\":\"fr-FR\",\"potentialAction\":[{\"@type\":\"ReadAction\",\"target\":[\"https:\\\/\\\/kilidovetours.com\\\/fr\\\/mission-de-durabilite-declaration\\\/\"]}]},{\"@type\":\"BreadcrumbList\",\"@id\":\"https:\\\/\\\/kilidovetours.com\\\/fr\\\/mission-de-durabilite-declaration\\\/#breadcrumb\",\"itemListElement\":[{\"@type\":\"ListItem\",\"position\":1,\"name\":\"Accueil\",\"item\":\"https:\\\/\\\/kilidovetours.com\\\/fr\\\/\"},{\"@type\":\"ListItem\",\"position\":2,\"name\":\"Mission de durabilit\u00e9 d\u00e9claration\"}]},{\"@type\":\"WebSite\",\"@id\":\"https:\\\/\\\/kilidovetours.com\\\/fr\\\/#website\",\"url\":\"https:\\\/\\\/kilidovetours.com\\\/fr\\\/\",\"name\":\"KILIDOVE Tours\",\"description\":\"Personalised Private Guided Safari Tours &amp; Treks. Best safari tour agency in Arusha, Tanzania.\",\"publisher\":{\"@id\":\"https:\\\/\\\/kilidovetours.com\\\/fr\\\/#organization\"},\"alternateName\":\"KILIDOVE\",\"potentialAction\":[{\"@type\":\"SearchAction\",\"target\":{\"@type\":\"EntryPoint\",\"urlTemplate\":\"https:\\\/\\\/kilidovetours.com\\\/fr\\\/?s={search_term_string}\"},\"query-input\":{\"@type\":\"PropertyValueSpecification\",\"valueRequired\":true,\"valueName\":\"search_term_string\"}}],\"inLanguage\":\"fr-FR\"},{\"@type\":\"Organization\",\"@id\":\"https:\\\/\\\/kilidovetours.com\\\/fr\\\/#organization\",\"name\":\"KILIDOVE Tours\",\"alternateName\":\"KILIDOVE\",\"url\":\"https:\\\/\\\/kilidovetours.com\\\/fr\\\/\",\"logo\":{\"@type\":\"ImageObject\",\"inLanguage\":\"fr-FR\",\"@id\":\"https:\\\/\\\/kilidovetours.com\\\/fr\\\/#\\\/schema\\\/logo\\\/image\\\/\",\"url\":\"https:\\\/\\\/kilidovetours.com\\\/wp-content\\\/uploads\\\/2024\\\/05\\\/kilidove-1.png\",\"contentUrl\":\"https:\\\/\\\/kilidovetours.com\\\/wp-content\\\/uploads\\\/2024\\\/05\\\/kilidove-1.png\",\"width\":118,\"height\":118,\"caption\":\"KILIDOVE Tours\"},\"image\":{\"@id\":\"https:\\\/\\\/kilidovetours.com\\\/fr\\\/#\\\/schema\\\/logo\\\/image\\\/\"},\"sameAs\":[\"https:\\\/\\\/www.facebook.com\\\/kilidovetoursandsafaris\\\/\",\"https:\\\/\\\/x.com\\\/kilidovetours\",\"https:\\\/\\\/www.tripadvisor.com\\\/Attraction_Review-g297913-d7790780-Reviews-Kilidove_Tours_And_Safaris-Arusha_Arusha_Region.html\",\"https:\\\/\\\/www.instagram.com\\\/kilidovetours\\\/\",\"https:\\\/\\\/www.youtube.com\\\/user\\\/KilidoveTours\"],\"description\":\"Kilidove Tours &amp; Safaris est un tour-op\u00e9rateur tanzanien de premier plan proposant des safaris personnalis\u00e9s. Bas\u00e9s \u00e0 Arusha, ils op\u00e8rent depuis plus de 15 ans et sont sp\u00e9cialis\u00e9s dans les voyages de milieu de gamme \u00e0 luxe en Tanzanie, au Kenya, en Ouganda, au Rwanda et \u00e0 Zanzibar. R\u00e9put\u00e9s pour leurs excellentes notes (5\\\/5 sur SafariBookings) et leurs itin\u00e9raires sur mesure.  \",\"email\":\"kili@kilidovetours.com\",\"telephone\":\"+255 787 955 466\",\"legalName\":\"Kilidove tours and safaris private limited\",\"numberOfEmployees\":{\"@type\":\"QuantitativeValue\",\"minValue\":\"11\",\"maxValue\":\"50\"}}]}<\/script>\n<!-- \/ Yoast SEO Premium plugin. -->","yoast_head_json":{"title":"\u00c9nonc\u00e9 de mission sur la durabilit\u00e9 &#8211; Kilidove Tours","description":"L\u2019entreprise se consacre \u00e0 l\u2019int\u00e9gration des principes de durabilit\u00e9 dans tous les aspects de ses activit\u00e9s. Une politique de durabilit\u00e9 est pour nous indispensable.","robots":{"index":"index","follow":"follow","max-snippet":"max-snippet:-1","max-image-preview":"max-image-preview:large","max-video-preview":"max-video-preview:-1"},"canonical":"https:\/\/kilidovetours.com\/fr\/mission-de-durabilite-declaration\/","og_locale":"fr_FR","og_type":"article","og_title":"Mission de durabilit\u00e9 d\u00e9claration","og_description":"L\u2019entreprise se consacre \u00e0 l\u2019int\u00e9gration des principes de durabilit\u00e9 dans tous les aspects de ses activit\u00e9s. Une politique de durabilit\u00e9 est pour nous indispensable.","og_url":"https:\/\/kilidovetours.com\/fr\/mission-de-durabilite-declaration\/","og_site_name":"Kilidove Tours","article_publisher":"https:\/\/www.facebook.com\/kilidovetoursandsafaris\/","article_modified_time":"2026-03-10T08:34:50+00:00","og_image":[{"width":59,"height":59,"url":"https:\/\/kilidovetours.com\/wp-content\/uploads\/2024\/05\/kilidove-logo.png","type":"image\/png"}],"twitter_card":"summary_large_image","twitter_site":"@kilidovetours","twitter_misc":{"Dur\u00e9e de lecture estim\u00e9e":"3 minutes"},"schema":{"@context":"https:\/\/schema.org","@graph":[{"@type":"WebPage","@id":"https:\/\/kilidovetours.com\/fr\/mission-de-durabilite-declaration\/","url":"https:\/\/kilidovetours.com\/fr\/mission-de-durabilite-declaration\/","name":"\u00c9nonc\u00e9 de mission sur la durabilit\u00e9 &#8211; Kilidove Tours","isPartOf":{"@id":"https:\/\/kilidovetours.com\/fr\/#website"},"datePublished":"2024-06-19T07:59:46+00:00","dateModified":"2026-03-10T08:34:50+00:00","description":"L\u2019entreprise se consacre \u00e0 l\u2019int\u00e9gration des principes de durabilit\u00e9 dans tous les aspects de ses activit\u00e9s. Une politique de durabilit\u00e9 est pour nous indispensable.","breadcrumb":{"@id":"https:\/\/kilidovetours.com\/fr\/mission-de-durabilite-declaration\/#breadcrumb"},"inLanguage":"fr-FR","potentialAction":[{"@type":"ReadAction","target":["https:\/\/kilidovetours.com\/fr\/mission-de-durabilite-declaration\/"]}]},{"@type":"BreadcrumbList","@id":"https:\/\/kilidovetours.com\/fr\/mission-de-durabilite-declaration\/#breadcrumb","itemListElement":[{"@type":"ListItem","position":1,"name":"Accueil","item":"https:\/\/kilidovetours.com\/fr\/"},{"@type":"ListItem","position":2,"name":"Mission de durabilit\u00e9 d\u00e9claration"}]},{"@type":"WebSite","@id":"https:\/\/kilidovetours.com\/fr\/#website","url":"https:\/\/kilidovetours.com\/fr\/","name":"KILIDOVE Tours","description":"Personalised Private Guided Safari Tours &amp; Treks. Best safari tour agency in Arusha, Tanzania.","publisher":{"@id":"https:\/\/kilidovetours.com\/fr\/#organization"},"alternateName":"KILIDOVE","potentialAction":[{"@type":"SearchAction","target":{"@type":"EntryPoint","urlTemplate":"https:\/\/kilidovetours.com\/fr\/?s={search_term_string}"},"query-input":{"@type":"PropertyValueSpecification","valueRequired":true,"valueName":"search_term_string"}}],"inLanguage":"fr-FR"},{"@type":"Organization","@id":"https:\/\/kilidovetours.com\/fr\/#organization","name":"KILIDOVE Tours","alternateName":"KILIDOVE","url":"https:\/\/kilidovetours.com\/fr\/","logo":{"@type":"ImageObject","inLanguage":"fr-FR","@id":"https:\/\/kilidovetours.com\/fr\/#\/schema\/logo\/image\/","url":"https:\/\/kilidovetours.com\/wp-content\/uploads\/2024\/05\/kilidove-1.png","contentUrl":"https:\/\/kilidovetours.com\/wp-content\/uploads\/2024\/05\/kilidove-1.png","width":118,"height":118,"caption":"KILIDOVE Tours"},"image":{"@id":"https:\/\/kilidovetours.com\/fr\/#\/schema\/logo\/image\/"},"sameAs":["https:\/\/www.facebook.com\/kilidovetoursandsafaris\/","https:\/\/x.com\/kilidovetours","https:\/\/www.tripadvisor.com\/Attraction_Review-g297913-d7790780-Reviews-Kilidove_Tours_And_Safaris-Arusha_Arusha_Region.html","https:\/\/www.instagram.com\/kilidovetours\/","https:\/\/www.youtube.com\/user\/KilidoveTours"],"description":"Kilidove Tours &amp; Safaris est un tour-op\u00e9rateur tanzanien de premier plan proposant des safaris personnalis\u00e9s. Bas\u00e9s \u00e0 Arusha, ils op\u00e8rent depuis plus de 15 ans et sont sp\u00e9cialis\u00e9s dans les voyages de milieu de gamme \u00e0 luxe en Tanzanie, au Kenya, en Ouganda, au Rwanda et \u00e0 Zanzibar. R\u00e9put\u00e9s pour leurs excellentes notes (5\/5 sur SafariBookings) et leurs itin\u00e9raires sur mesure.  ","email":"kili@kilidovetours.com","telephone":"+255 787 955 466","legalName":"Kilidove tours and safaris private limited","numberOfEmployees":{"@type":"QuantitativeValue","minValue":"11","maxValue":"50"}}]}},"_links":{"self":[{"href":"https:\/\/kilidovetours.com\/fr\/wp-json\/wp\/v2\/pages\/64586","targetHints":{"allow":["GET"]}}],"collection":[{"href":"https:\/\/kilidovetours.com\/fr\/wp-json\/wp\/v2\/pages"}],"about":[{"href":"https:\/\/kilidovetours.com\/fr\/wp-json\/wp\/v2\/types\/page"}],"author":[{"embeddable":true,"href":"https:\/\/kilidovetours.com\/fr\/wp-json\/wp\/v2\/users\/3"}],"replies":[{"embeddable":true,"href":"https:\/\/kilidovetours.com\/fr\/wp-json\/wp\/v2\/comments?post=64586"}],"version-history":[{"count":2,"href":"https:\/\/kilidovetours.com\/fr\/wp-json\/wp\/v2\/pages\/64586\/revisions"}],"predecessor-version":[{"id":68080,"href":"https:\/\/kilidovetours.com\/fr\/wp-json\/wp\/v2\/pages\/64586\/revisions\/68080"}],"wp:attachment":[{"href":"https:\/\/kilidovetours.com\/fr\/wp-json\/wp\/v2\/media?parent=64586"}],"curies":[{"name":"wp","href":"https:\/\/api.w.org\/{rel}","templated":true}]}}