{"id":64759,"date":"2024-06-19T07:54:56","date_gmt":"2024-06-19T07:54:56","guid":{"rendered":"https:\/\/kilidovetours.com\/?page_id=64759"},"modified":"2026-03-10T10:04:22","modified_gmt":"2026-03-10T10:04:22","slug":"politique-de-confidentialite","status":"publish","type":"page","link":"https:\/\/kilidovetours.com\/fr\/politique-de-confidentialite\/","title":{"rendered":"Politique de confidentialit\u00e9"},"content":{"rendered":"\t\t<div data-elementor-type=\"wp-page\" data-elementor-id=\"64759\" class=\"elementor elementor-64759 elementor-37403\" data-elementor-post-type=\"page\">\n\t\t\t\t\t\t<section class=\"elementor-section elementor-top-section elementor-element elementor-element-2b1184b0 elementor-section-boxed elementor-section-height-default elementor-section-height-default\" data-id=\"2b1184b0\" data-element_type=\"section\" data-e-type=\"section\" data-settings=\"{&quot;background_background&quot;:&quot;classic&quot;}\">\n\t\t\t\t\t\t<div class=\"elementor-container elementor-column-gap-default\">\n\t\t\t\t\t<div class=\"elementor-column elementor-col-100 elementor-top-column elementor-element elementor-element-153e1c19\" data-id=\"153e1c19\" data-element_type=\"column\" data-e-type=\"column\">\n\t\t\t<div class=\"elementor-widget-wrap elementor-element-populated\">\n\t\t\t\t\t\t<div class=\"elementor-element elementor-element-54db29de elementor-widget elementor-widget-text-editor\" data-id=\"54db29de\" data-element_type=\"widget\" data-e-type=\"widget\" data-widget_type=\"text-editor.default\">\n\t\t\t\t<div class=\"elementor-widget-container\">\n\t\t\t\t\t\t\t\t\t<div class=\"page\" title=\"Page 1\">\n<div class=\"section\">\n<div class=\"layoutArea\">\n<div class=\"column\">\n<p><\/p>\n<h3><strong>Notre politique de confidentialit\u00e9<\/strong><\/h3>\n<p>Chez Kilidove Tours, nous nous engageons \u00e0 prot\u00e9ger ta vie priv\u00e9e et \u00e0 garantir la s\u00e9curit\u00e9 de tes informations personnelles. Nous traitons toutes les donn\u00e9es de mani\u00e8re responsable, tout en offrant une exp\u00e9rience fluide \u00e0 nos voyageurs \u00e0 travers l\u2019Afrique de l\u2019Est. <\/p>\n<p>Pour tous les d\u00e9tails, merci de consulter notre <strong><a href=\"https:\/\/kilidovetours.com\/wp-content\/uploads\/2025\/03\/Kilidove-Tours-Safaris-Customer-Privacy-Policy2025.pdf\">politique de confidentialit\u00e9 ici (PDF)<\/a><\/strong>.<\/p>\n<\/div>\n<\/div>\n<\/div>\n<\/div>\t\t\t\t\t\t\t\t<\/div>\n\t\t\t\t<\/div>\n\t\t\t\t\t<\/div>\n\t\t<\/div>\n\t\t\t\t\t<\/div>\n\t\t<\/section>\n\t\t\t\t<section class=\"elementor-section elementor-top-section elementor-element elementor-element-7ef86bc8 elementor-section-boxed elementor-section-height-default elementor-section-height-default\" data-id=\"7ef86bc8\" data-element_type=\"section\" data-e-type=\"section\">\n\t\t\t\t\t\t<div class=\"elementor-container elementor-column-gap-default\">\n\t\t\t\t\t<div class=\"elementor-column elementor-col-100 elementor-top-column elementor-element elementor-element-19372eea\" data-id=\"19372eea\" data-element_type=\"column\" data-e-type=\"column\">\n\t\t\t<div class=\"elementor-widget-wrap elementor-element-populated\">\n\t\t\t\t\t\t<div class=\"elementor-element elementor-element-690b98ed elementor-widget elementor-widget-spacer\" data-id=\"690b98ed\" data-element_type=\"widget\" data-e-type=\"widget\" data-widget_type=\"spacer.default\">\n\t\t\t\t<div class=\"elementor-widget-container\">\n\t\t\t\t\t\t\t<div class=\"elementor-spacer\">\n\t\t\t<div class=\"elementor-spacer-inner\"><\/div>\n\t\t<\/div>\n\t\t\t\t\t\t<\/div>\n\t\t\t\t<\/div>\n\t\t\t\t\t<\/div>\n\t\t<\/div>\n\t\t\t\t\t<\/div>\n\t\t<\/section>\n\t\t\t\t<\/div>\n\t\t","protected":false},"excerpt":{"rendered":"<p>Notre politique de confidentialit\u00e9 Chez Kilidove Tours, nous nous engageons \u00e0 prot\u00e9ger ta vie priv\u00e9e et \u00e0 garantir la s\u00e9curit\u00e9 de tes informations personnelles. Nous traitons toutes les donn\u00e9es de mani\u00e8re responsable, tout en offrant une exp\u00e9rience fluide \u00e0 nos voyageurs \u00e0 travers l\u2019Afrique de l\u2019Est. Pour tous les d\u00e9tails, merci de consulter notre politique [&hellip;]<\/p>\n","protected":false},"author":3,"featured_media":0,"parent":0,"menu_order":0,"comment_status":"closed","ping_status":"closed","template":"","meta":{"_acf_changed":false,"footnotes":""},"class_list":["post-64759","page","type-page","status-publish","hentry"],"acf":[],"yoast_head":"<!-- This site is optimized with the Yoast SEO Premium plugin v26.3 (Yoast SEO v27.3) - https:\/\/yoast.com\/product\/yoast-seo-premium-wordpress\/ -->\n<title>Notre politique de confidentialit\u00e9 des clients - Kilidove Tours<\/title>\n<meta name=\"description\" content=\"Kilidove Tours \u00b7 Safaris, circuits et treks personnalis\u00e9s en Tanzanie \u00b7 Profite de l\u2019exp\u00e9rience Kilidove Tours.\" \/>\n<meta name=\"robots\" content=\"index, follow, max-snippet:-1, max-image-preview:large, max-video-preview:-1\" \/>\n<link rel=\"canonical\" href=\"https:\/\/kilidovetours.com\/fr\/politique-de-confidentialite\/\" \/>\n<meta property=\"og:locale\" content=\"fr_FR\" \/>\n<meta property=\"og:type\" content=\"article\" \/>\n<meta property=\"og:title\" content=\"Politique de confidentialit\u00e9\" \/>\n<meta property=\"og:description\" content=\"Kilidove Tours \u00b7 Safaris, circuits et treks personnalis\u00e9s en Tanzanie \u00b7 Profite de l\u2019exp\u00e9rience Kilidove Tours.\" \/>\n<meta property=\"og:url\" content=\"https:\/\/kilidovetours.com\/fr\/politique-de-confidentialite\/\" \/>\n<meta property=\"og:site_name\" content=\"Kilidove Tours\" \/>\n<meta property=\"article:publisher\" content=\"https:\/\/www.facebook.com\/kilidovetoursandsafaris\/\" \/>\n<meta property=\"article:modified_time\" content=\"2026-03-10T10:04:22+00:00\" \/>\n<meta property=\"og:image\" content=\"https:\/\/kilidovetours.com\/wp-content\/uploads\/2024\/05\/kilidove-logo.png\" \/>\n\t<meta property=\"og:image:width\" content=\"59\" \/>\n\t<meta property=\"og:image:height\" content=\"59\" \/>\n\t<meta property=\"og:image:type\" content=\"image\/png\" \/>\n<meta name=\"twitter:card\" content=\"summary_large_image\" \/>\n<meta name=\"twitter:site\" content=\"@kilidovetours\" \/>\n<script type=\"application\/ld+json\" class=\"yoast-schema-graph\">{\"@context\":\"https:\\\/\\\/schema.org\",\"@graph\":[{\"@type\":\"WebPage\",\"@id\":\"https:\\\/\\\/kilidovetours.com\\\/fr\\\/politique-de-confidentialite\\\/\",\"url\":\"https:\\\/\\\/kilidovetours.com\\\/fr\\\/politique-de-confidentialite\\\/\",\"name\":\"Notre politique de confidentialit\u00e9 des clients - Kilidove Tours\",\"isPartOf\":{\"@id\":\"https:\\\/\\\/kilidovetours.com\\\/fr\\\/#website\"},\"datePublished\":\"2024-06-19T07:54:56+00:00\",\"dateModified\":\"2026-03-10T10:04:22+00:00\",\"description\":\"Kilidove Tours \u00b7 Safaris, circuits et treks personnalis\u00e9s en Tanzanie \u00b7 Profite de l\u2019exp\u00e9rience Kilidove Tours.\",\"breadcrumb\":{\"@id\":\"https:\\\/\\\/kilidovetours.com\\\/fr\\\/politique-de-confidentialite\\\/#breadcrumb\"},\"inLanguage\":\"fr-FR\",\"potentialAction\":[{\"@type\":\"ReadAction\",\"target\":[\"https:\\\/\\\/kilidovetours.com\\\/fr\\\/politique-de-confidentialite\\\/\"]}]},{\"@type\":\"BreadcrumbList\",\"@id\":\"https:\\\/\\\/kilidovetours.com\\\/fr\\\/politique-de-confidentialite\\\/#breadcrumb\",\"itemListElement\":[{\"@type\":\"ListItem\",\"position\":1,\"name\":\"Accueil\",\"item\":\"https:\\\/\\\/kilidovetours.com\\\/fr\\\/\"},{\"@type\":\"ListItem\",\"position\":2,\"name\":\"Politique de confidentialit\u00e9\"}]},{\"@type\":\"WebSite\",\"@id\":\"https:\\\/\\\/kilidovetours.com\\\/fr\\\/#website\",\"url\":\"https:\\\/\\\/kilidovetours.com\\\/fr\\\/\",\"name\":\"KILIDOVE Tours\",\"description\":\"Personalised Private Guided Safari Tours &amp; Treks. Best safari tour agency in Arusha, Tanzania.\",\"publisher\":{\"@id\":\"https:\\\/\\\/kilidovetours.com\\\/fr\\\/#organization\"},\"alternateName\":\"KILIDOVE\",\"potentialAction\":[{\"@type\":\"SearchAction\",\"target\":{\"@type\":\"EntryPoint\",\"urlTemplate\":\"https:\\\/\\\/kilidovetours.com\\\/fr\\\/?s={search_term_string}\"},\"query-input\":{\"@type\":\"PropertyValueSpecification\",\"valueRequired\":true,\"valueName\":\"search_term_string\"}}],\"inLanguage\":\"fr-FR\"},{\"@type\":\"Organization\",\"@id\":\"https:\\\/\\\/kilidovetours.com\\\/fr\\\/#organization\",\"name\":\"KILIDOVE Tours\",\"alternateName\":\"KILIDOVE\",\"url\":\"https:\\\/\\\/kilidovetours.com\\\/fr\\\/\",\"logo\":{\"@type\":\"ImageObject\",\"inLanguage\":\"fr-FR\",\"@id\":\"https:\\\/\\\/kilidovetours.com\\\/fr\\\/#\\\/schema\\\/logo\\\/image\\\/\",\"url\":\"https:\\\/\\\/kilidovetours.com\\\/wp-content\\\/uploads\\\/2024\\\/05\\\/kilidove-1.png\",\"contentUrl\":\"https:\\\/\\\/kilidovetours.com\\\/wp-content\\\/uploads\\\/2024\\\/05\\\/kilidove-1.png\",\"width\":118,\"height\":118,\"caption\":\"KILIDOVE Tours\"},\"image\":{\"@id\":\"https:\\\/\\\/kilidovetours.com\\\/fr\\\/#\\\/schema\\\/logo\\\/image\\\/\"},\"sameAs\":[\"https:\\\/\\\/www.facebook.com\\\/kilidovetoursandsafaris\\\/\",\"https:\\\/\\\/x.com\\\/kilidovetours\",\"https:\\\/\\\/www.tripadvisor.com\\\/Attraction_Review-g297913-d7790780-Reviews-Kilidove_Tours_And_Safaris-Arusha_Arusha_Region.html\",\"https:\\\/\\\/www.instagram.com\\\/kilidovetours\\\/\",\"https:\\\/\\\/www.youtube.com\\\/user\\\/KilidoveTours\"],\"description\":\"Kilidove Tours &amp; Safaris est un tour-op\u00e9rateur tanzanien de premier plan proposant des safaris personnalis\u00e9s. Bas\u00e9s \u00e0 Arusha, ils op\u00e8rent depuis plus de 15 ans et sont sp\u00e9cialis\u00e9s dans les voyages de milieu de gamme \u00e0 luxe en Tanzanie, au Kenya, en Ouganda, au Rwanda et \u00e0 Zanzibar. R\u00e9put\u00e9s pour leurs excellentes notes (5\\\/5 sur SafariBookings) et leurs itin\u00e9raires sur mesure.  \",\"email\":\"kili@kilidovetours.com\",\"telephone\":\"+255 787 955 466\",\"legalName\":\"Kilidove tours and safaris private limited\",\"numberOfEmployees\":{\"@type\":\"QuantitativeValue\",\"minValue\":\"11\",\"maxValue\":\"50\"}}]}<\/script>\n<!-- \/ Yoast SEO Premium plugin. -->","yoast_head_json":{"title":"Notre politique de confidentialit\u00e9 des clients - Kilidove Tours","description":"Kilidove Tours \u00b7 Safaris, circuits et treks personnalis\u00e9s en Tanzanie \u00b7 Profite de l\u2019exp\u00e9rience Kilidove Tours.","robots":{"index":"index","follow":"follow","max-snippet":"max-snippet:-1","max-image-preview":"max-image-preview:large","max-video-preview":"max-video-preview:-1"},"canonical":"https:\/\/kilidovetours.com\/fr\/politique-de-confidentialite\/","og_locale":"fr_FR","og_type":"article","og_title":"Politique de confidentialit\u00e9","og_description":"Kilidove Tours \u00b7 Safaris, circuits et treks personnalis\u00e9s en Tanzanie \u00b7 Profite de l\u2019exp\u00e9rience Kilidove Tours.","og_url":"https:\/\/kilidovetours.com\/fr\/politique-de-confidentialite\/","og_site_name":"Kilidove Tours","article_publisher":"https:\/\/www.facebook.com\/kilidovetoursandsafaris\/","article_modified_time":"2026-03-10T10:04:22+00:00","og_image":[{"width":59,"height":59,"url":"https:\/\/kilidovetours.com\/wp-content\/uploads\/2024\/05\/kilidove-logo.png","type":"image\/png"}],"twitter_card":"summary_large_image","twitter_site":"@kilidovetours","schema":{"@context":"https:\/\/schema.org","@graph":[{"@type":"WebPage","@id":"https:\/\/kilidovetours.com\/fr\/politique-de-confidentialite\/","url":"https:\/\/kilidovetours.com\/fr\/politique-de-confidentialite\/","name":"Notre politique de confidentialit\u00e9 des clients - Kilidove Tours","isPartOf":{"@id":"https:\/\/kilidovetours.com\/fr\/#website"},"datePublished":"2024-06-19T07:54:56+00:00","dateModified":"2026-03-10T10:04:22+00:00","description":"Kilidove Tours \u00b7 Safaris, circuits et treks personnalis\u00e9s en Tanzanie \u00b7 Profite de l\u2019exp\u00e9rience Kilidove Tours.","breadcrumb":{"@id":"https:\/\/kilidovetours.com\/fr\/politique-de-confidentialite\/#breadcrumb"},"inLanguage":"fr-FR","potentialAction":[{"@type":"ReadAction","target":["https:\/\/kilidovetours.com\/fr\/politique-de-confidentialite\/"]}]},{"@type":"BreadcrumbList","@id":"https:\/\/kilidovetours.com\/fr\/politique-de-confidentialite\/#breadcrumb","itemListElement":[{"@type":"ListItem","position":1,"name":"Accueil","item":"https:\/\/kilidovetours.com\/fr\/"},{"@type":"ListItem","position":2,"name":"Politique de confidentialit\u00e9"}]},{"@type":"WebSite","@id":"https:\/\/kilidovetours.com\/fr\/#website","url":"https:\/\/kilidovetours.com\/fr\/","name":"KILIDOVE Tours","description":"Personalised Private Guided Safari Tours &amp; Treks. Best safari tour agency in Arusha, Tanzania.","publisher":{"@id":"https:\/\/kilidovetours.com\/fr\/#organization"},"alternateName":"KILIDOVE","potentialAction":[{"@type":"SearchAction","target":{"@type":"EntryPoint","urlTemplate":"https:\/\/kilidovetours.com\/fr\/?s={search_term_string}"},"query-input":{"@type":"PropertyValueSpecification","valueRequired":true,"valueName":"search_term_string"}}],"inLanguage":"fr-FR"},{"@type":"Organization","@id":"https:\/\/kilidovetours.com\/fr\/#organization","name":"KILIDOVE Tours","alternateName":"KILIDOVE","url":"https:\/\/kilidovetours.com\/fr\/","logo":{"@type":"ImageObject","inLanguage":"fr-FR","@id":"https:\/\/kilidovetours.com\/fr\/#\/schema\/logo\/image\/","url":"https:\/\/kilidovetours.com\/wp-content\/uploads\/2024\/05\/kilidove-1.png","contentUrl":"https:\/\/kilidovetours.com\/wp-content\/uploads\/2024\/05\/kilidove-1.png","width":118,"height":118,"caption":"KILIDOVE Tours"},"image":{"@id":"https:\/\/kilidovetours.com\/fr\/#\/schema\/logo\/image\/"},"sameAs":["https:\/\/www.facebook.com\/kilidovetoursandsafaris\/","https:\/\/x.com\/kilidovetours","https:\/\/www.tripadvisor.com\/Attraction_Review-g297913-d7790780-Reviews-Kilidove_Tours_And_Safaris-Arusha_Arusha_Region.html","https:\/\/www.instagram.com\/kilidovetours\/","https:\/\/www.youtube.com\/user\/KilidoveTours"],"description":"Kilidove Tours &amp; Safaris est un tour-op\u00e9rateur tanzanien de premier plan proposant des safaris personnalis\u00e9s. Bas\u00e9s \u00e0 Arusha, ils op\u00e8rent depuis plus de 15 ans et sont sp\u00e9cialis\u00e9s dans les voyages de milieu de gamme \u00e0 luxe en Tanzanie, au Kenya, en Ouganda, au Rwanda et \u00e0 Zanzibar. R\u00e9put\u00e9s pour leurs excellentes notes (5\/5 sur SafariBookings) et leurs itin\u00e9raires sur mesure.  ","email":"kili@kilidovetours.com","telephone":"+255 787 955 466","legalName":"Kilidove tours and safaris private limited","numberOfEmployees":{"@type":"QuantitativeValue","minValue":"11","maxValue":"50"}}]}},"_links":{"self":[{"href":"https:\/\/kilidovetours.com\/fr\/wp-json\/wp\/v2\/pages\/64759","targetHints":{"allow":["GET"]}}],"collection":[{"href":"https:\/\/kilidovetours.com\/fr\/wp-json\/wp\/v2\/pages"}],"about":[{"href":"https:\/\/kilidovetours.com\/fr\/wp-json\/wp\/v2\/types\/page"}],"author":[{"embeddable":true,"href":"https:\/\/kilidovetours.com\/fr\/wp-json\/wp\/v2\/users\/3"}],"replies":[{"embeddable":true,"href":"https:\/\/kilidovetours.com\/fr\/wp-json\/wp\/v2\/comments?post=64759"}],"version-history":[{"count":2,"href":"https:\/\/kilidovetours.com\/fr\/wp-json\/wp\/v2\/pages\/64759\/revisions"}],"predecessor-version":[{"id":68111,"href":"https:\/\/kilidovetours.com\/fr\/wp-json\/wp\/v2\/pages\/64759\/revisions\/68111"}],"wp:attachment":[{"href":"https:\/\/kilidovetours.com\/fr\/wp-json\/wp\/v2\/media?parent=64759"}],"curies":[{"name":"wp","href":"https:\/\/api.w.org\/{rel}","templated":true}]}}