{"id":64886,"date":"2025-03-20T09:12:43","date_gmt":"2025-03-20T09:12:43","guid":{"rendered":"https:\/\/kilidovetours.com\/?page_id=64886"},"modified":"2026-04-03T08:34:52","modified_gmt":"2026-04-03T08:34:52","slug":"safari-calculator","status":"publish","type":"page","link":"https:\/\/kilidovetours.com\/fr\/safari-calculator\/","title":{"rendered":"Calculateur de safari"},"content":{"rendered":"\t\t<div data-elementor-type=\"wp-page\" data-elementor-id=\"64886\" class=\"elementor elementor-64886 elementor-48482\" data-elementor-post-type=\"page\">\n\t\t\t\t<div class=\"elementor-element elementor-element-f1c5fab e-flex e-con-boxed e-con e-parent\" data-id=\"f1c5fab\" data-element_type=\"container\" data-e-type=\"container\">\n\t\t\t\t\t<div class=\"e-con-inner\">\n\t\t\t\t<div class=\"elementor-element elementor-element-5ac3d87 elementor-widget elementor-widget-text-editor\" data-id=\"5ac3d87\" data-element_type=\"widget\" data-e-type=\"widget\" data-widget_type=\"text-editor.default\">\n\t\t\t\t<div class=\"elementor-widget-container\">\n\t\t\t\t\t\t\t\t\t<div>\n\n\n    <title>Calculateur du co\u00fbt de votre safari<\/title>\n\n\n    <div>\n        <h2>Calculateur du co\u00fbt de ton safari<\/h2>\n        <label>Nombre de personnes :<\/label>\n        <input type=\"number\" id=\"numPeople\" value=\"1\" min=\"1\"><br>        \n        <h3>S\u00e9lection d\u2019h\u00f4tels (nuits)<\/h3>\n        <label>Mawe Camp :<\/label> <input type=\"number\" id=\"maweNights\" value=\"0\" min=\"0\"><br>        <label>Baobab Camp :<\/label> <input type=\"number\" id=\"baobabNights\" value=\"0\" min=\"0\"><br>        <label>Karatu Lodge :<\/label> <input type=\"number\" id=\"karatuNights\" value=\"0\" min=\"0\"><br>        <label>H\u00f4tel Under the Shade :<\/label> <input type=\"number\" id=\"shadeNights\" value=\"0\" min=\"0\"><br>        \n        <h3>Frais de parc (nuits)<\/h3>\n        <label>Tarangire :<\/label> <input type=\"number\" id=\"tarangireNights\" value=\"0\" min=\"0\"><br>        <label>Manyara :<\/label> <input type=\"number\" id=\"manyaraNights\" value=\"0\" min=\"0\"><br>        <label>Serengeti :<\/label> <input type=\"number\" id=\"serengetiNights\" value=\"0\" min=\"0\"><br>        <label>Transit Ngorongoro :<\/label> <input type=\"number\" id=\"transitNights\" value=\"0\" min=\"0\"><br>        <label>Entr\u00e9e NCAA :<\/label> <input type=\"number\" id=\"ncaaNights\" value=\"0\" min=\"0\"><br>        \n        <h3>Autres frais<\/h3>\n        <label>Frais de service du crat\u00e8re (par v\u00e9hicule) :<\/label> <input type=\"checkbox\" id=\"craterService\"><br>        <label>Transport (jours) :<\/label> <input type=\"number\" id=\"transportDays\" value=\"1\" min=\"1\"><br>        <label>Transfert a\u00e9roport :<\/label> <input type=\"checkbox\" id=\"airportTransfer\"><br>        \n        <h3>Services optionnels<\/h3>\n        <label>Safari en montgolfi\u00e8re :<\/label> <input type=\"checkbox\" id=\"balloonSafari\"><br>        <label>Safari \u00e0 pied :<\/label> <input type=\"checkbox\" id=\"walkingSafari\"><br>        \n        <button onclick=\"calculateTotal()\">Calculer<\/button>\n        <button onclick=\"resetForm()\">R\u00e9initialiser<\/button>\n        \n        <h3>Co\u00fbt total : <span id=\"totalCost\">0,00<\/span> $<\/h3>\n    <\/div>\n\n    <script>\n        function calculateTotal() {\n            let numPeople = parseInt(document.getElementById('numPeople').value);\n            \n            let hotelCosts = 0;\n            hotelCosts += 205 * numPeople * parseInt(document.getElementById('maweNights').value);\n            hotelCosts += 180 * numPeople * parseInt(document.getElementById('baobabNights').value);\n            hotelCosts += 90 * numPeople * parseInt(document.getElementById('karatuNights').value);\n            hotelCosts += 50 * numPeople * parseInt(document.getElementById('shadeNights').value);\n            \n            let parkFees = 0;\n            parkFees += 54 * numPeople * parseInt(document.getElementById('tarangireNights').value);\n            parkFees += 54 * numPeople * parseInt(document.getElementById('manyaraNights').value);\n            parkFees += 70.8 * numPeople * parseInt(document.getElementById('serengetiNights').value);\n            parkFees += 70.8 * numPeople * parseInt(document.getElementById('transitNights').value);\n            parkFees += 70.8 * numPeople * parseInt(document.getElementById('ncaaNights').value);\n            \n            let craterService = document.getElementById('craterService').checked ? 259 : 0;\n            let transportCost = 259 * parseInt(document.getElementById('transportDays').value);\n            let airportTransfer = document.getElementById('airportTransfer').checked ? 59 * numPeople : 0;\n            let drinkingWater = 10 * numPeople;\n            \n            let optionalServices = 0;\n            if (document.getElementById('balloonSafari').checked) optionalServices += 580 * numPeople;\n            if (document.getElementById('walkingSafari').checked) optionalServices += 40 * numPeople;\n            \n            let total = hotelCosts + parkFees + craterService + transportCost + airportTransfer + drinkingWater + optionalServices;\n            total *= 1.25; \/\/ Markup\n            total *= 1.18; \/\/ VAT\n            \n            document.getElementById('totalCost').innerText = total.toFixed(2);\n        }\n        \n        function resetForm() {\n            document.getElementById('numPeople').value = 1;\n            document.getElementById('transportDays').value = 1;\n            document.getElementById('craterService').checked = false;\n            document.getElementById('airportTransfer').checked = false;\n            document.getElementById('balloonSafari').checked = false;\n            document.getElementById('walkingSafari').checked = false;\n            \n            let inputs = document.querySelectorAll('input[type=number]');\n            inputs.forEach(input => input.value = 0);\n            \n            document.getElementById('totalCost').innerText = \"0.00\";\n        }\n    <\/script>\n\n<\/div>\t\t\t\t\t\t\t\t<\/div>\n\t\t\t\t<\/div>\n\t\t\t\t\t<\/div>\n\t\t\t\t<\/div>\n\t\t\t\t<\/div>\n\t\t","protected":false},"excerpt":{"rendered":"<p>Calculateur du co\u00fbt de votre safari Calculateur du co\u00fbt de ton safari Nombre de personnes : S\u00e9lection d\u2019h\u00f4tels (nuits) Mawe Camp : Baobab Camp : Karatu Lodge : H\u00f4tel Under the Shade : Frais de parc (nuits) Tarangire : Manyara : Serengeti : Transit Ngorongoro : Entr\u00e9e NCAA : Autres frais Frais de service du [&hellip;]<\/p>\n","protected":false},"author":3,"featured_media":0,"parent":0,"menu_order":0,"comment_status":"closed","ping_status":"closed","template":"","meta":{"_acf_changed":false,"footnotes":""},"class_list":["post-64886","page","type-page","status-publish","hentry"],"acf":[],"yoast_head":"<!-- This site is optimized with the Yoast SEO Premium plugin v26.3 (Yoast SEO v27.4) - https:\/\/yoast.com\/product\/yoast-seo-premium-wordpress\/ -->\n<title>Calculateur de safari &#8211; Kilidove Tours<\/title>\n<meta name=\"robots\" content=\"index, follow, max-snippet:-1, max-image-preview:large, max-video-preview:-1\" \/>\n<link rel=\"canonical\" href=\"https:\/\/kilidovetours.com\/fr\/safari-calculator\/\" \/>\n<meta property=\"og:locale\" content=\"fr_FR\" \/>\n<meta property=\"og:type\" content=\"article\" \/>\n<meta property=\"og:title\" content=\"Calculateur de safari\" \/>\n<meta property=\"og:description\" content=\"Calculateur du co\u00fbt de votre safari Calculateur du co\u00fbt de ton safari Nombre de personnes : S\u00e9lection d\u2019h\u00f4tels (nuits) Mawe Camp : Baobab Camp : Karatu Lodge : H\u00f4tel Under the Shade : Frais de parc (nuits) Tarangire : Manyara : Serengeti : Transit Ngorongoro : Entr\u00e9e NCAA : Autres frais Frais de service du [&hellip;]\" \/>\n<meta property=\"og:url\" content=\"https:\/\/kilidovetours.com\/fr\/safari-calculator\/\" \/>\n<meta property=\"og:site_name\" content=\"Kilidove Tours\" \/>\n<meta property=\"article:publisher\" content=\"https:\/\/www.facebook.com\/kilidovetoursandsafaris\/\" \/>\n<meta property=\"article:modified_time\" content=\"2026-04-03T08:34:52+00:00\" \/>\n<meta property=\"og:image\" content=\"https:\/\/kilidovetours.com\/wp-content\/uploads\/2024\/05\/kilidove-logo.png\" \/>\n\t<meta property=\"og:image:width\" content=\"59\" \/>\n\t<meta property=\"og:image:height\" content=\"59\" \/>\n\t<meta property=\"og:image:type\" content=\"image\/png\" \/>\n<meta name=\"twitter:card\" content=\"summary_large_image\" \/>\n<meta name=\"twitter:site\" content=\"@kilidovetours\" \/>\n<script type=\"application\/ld+json\" class=\"yoast-schema-graph\">{\"@context\":\"https:\\\/\\\/schema.org\",\"@graph\":[{\"@type\":\"WebPage\",\"@id\":\"https:\\\/\\\/kilidovetours.com\\\/fr\\\/safari-calculator\\\/\",\"url\":\"https:\\\/\\\/kilidovetours.com\\\/fr\\\/safari-calculator\\\/\",\"name\":\"Calculateur de safari &#8211; Kilidove Tours\",\"isPartOf\":{\"@id\":\"https:\\\/\\\/kilidovetours.com\\\/fr\\\/#website\"},\"datePublished\":\"2025-03-20T09:12:43+00:00\",\"dateModified\":\"2026-04-03T08:34:52+00:00\",\"breadcrumb\":{\"@id\":\"https:\\\/\\\/kilidovetours.com\\\/fr\\\/safari-calculator\\\/#breadcrumb\"},\"inLanguage\":\"fr-FR\",\"potentialAction\":[{\"@type\":\"ReadAction\",\"target\":[\"https:\\\/\\\/kilidovetours.com\\\/fr\\\/safari-calculator\\\/\"]}]},{\"@type\":\"BreadcrumbList\",\"@id\":\"https:\\\/\\\/kilidovetours.com\\\/fr\\\/safari-calculator\\\/#breadcrumb\",\"itemListElement\":[{\"@type\":\"ListItem\",\"position\":1,\"name\":\"Accueil\",\"item\":\"https:\\\/\\\/kilidovetours.com\\\/fr\\\/\"},{\"@type\":\"ListItem\",\"position\":2,\"name\":\"Calculateur de safari\"}]},{\"@type\":\"WebSite\",\"@id\":\"https:\\\/\\\/kilidovetours.com\\\/fr\\\/#website\",\"url\":\"https:\\\/\\\/kilidovetours.com\\\/fr\\\/\",\"name\":\"KILIDOVE Tours\",\"description\":\"Personalised Private Guided Safari Tours &amp; Treks. Best safari tour agency in Arusha, Tanzania.\",\"publisher\":{\"@id\":\"https:\\\/\\\/kilidovetours.com\\\/fr\\\/#organization\"},\"alternateName\":\"KILIDOVE\",\"potentialAction\":[{\"@type\":\"SearchAction\",\"target\":{\"@type\":\"EntryPoint\",\"urlTemplate\":\"https:\\\/\\\/kilidovetours.com\\\/fr\\\/?s={search_term_string}\"},\"query-input\":{\"@type\":\"PropertyValueSpecification\",\"valueRequired\":true,\"valueName\":\"search_term_string\"}}],\"inLanguage\":\"fr-FR\"},{\"@type\":\"Organization\",\"@id\":\"https:\\\/\\\/kilidovetours.com\\\/fr\\\/#organization\",\"name\":\"KILIDOVE Tours\",\"alternateName\":\"KILIDOVE\",\"url\":\"https:\\\/\\\/kilidovetours.com\\\/fr\\\/\",\"logo\":{\"@type\":\"ImageObject\",\"inLanguage\":\"fr-FR\",\"@id\":\"https:\\\/\\\/kilidovetours.com\\\/fr\\\/#\\\/schema\\\/logo\\\/image\\\/\",\"url\":\"https:\\\/\\\/kilidovetours.com\\\/wp-content\\\/uploads\\\/2024\\\/05\\\/kilidove-1.png\",\"contentUrl\":\"https:\\\/\\\/kilidovetours.com\\\/wp-content\\\/uploads\\\/2024\\\/05\\\/kilidove-1.png\",\"width\":118,\"height\":118,\"caption\":\"KILIDOVE Tours\"},\"image\":{\"@id\":\"https:\\\/\\\/kilidovetours.com\\\/fr\\\/#\\\/schema\\\/logo\\\/image\\\/\"},\"sameAs\":[\"https:\\\/\\\/www.facebook.com\\\/kilidovetoursandsafaris\\\/\",\"https:\\\/\\\/x.com\\\/kilidovetours\",\"https:\\\/\\\/www.tripadvisor.com\\\/Attraction_Review-g297913-d7790780-Reviews-Kilidove_Tours_And_Safaris-Arusha_Arusha_Region.html\",\"https:\\\/\\\/www.instagram.com\\\/kilidovetours\\\/\",\"https:\\\/\\\/www.youtube.com\\\/user\\\/KilidoveTours\"],\"description\":\"Kilidove Tours &amp; Safaris est un tour-op\u00e9rateur tanzanien de premier plan proposant des safaris personnalis\u00e9s. Bas\u00e9s \u00e0 Arusha, ils op\u00e8rent depuis plus de 15 ans et sont sp\u00e9cialis\u00e9s dans les voyages de milieu de gamme \u00e0 luxe en Tanzanie, au Kenya, en Ouganda, au Rwanda et \u00e0 Zanzibar. R\u00e9put\u00e9s pour leurs excellentes notes (5\\\/5 sur SafariBookings) et leurs itin\u00e9raires sur mesure.  \",\"email\":\"kili@kilidovetours.com\",\"telephone\":\"+255 787 955 466\",\"legalName\":\"Kilidove tours and safaris private limited\",\"numberOfEmployees\":{\"@type\":\"QuantitativeValue\",\"minValue\":\"11\",\"maxValue\":\"50\"}}]}<\/script>\n<!-- \/ Yoast SEO Premium plugin. -->","yoast_head_json":{"title":"Calculateur de safari &#8211; Kilidove Tours","robots":{"index":"index","follow":"follow","max-snippet":"max-snippet:-1","max-image-preview":"max-image-preview:large","max-video-preview":"max-video-preview:-1"},"canonical":"https:\/\/kilidovetours.com\/fr\/safari-calculator\/","og_locale":"fr_FR","og_type":"article","og_title":"Calculateur de safari","og_description":"Calculateur du co\u00fbt de votre safari Calculateur du co\u00fbt de ton safari Nombre de personnes : S\u00e9lection d\u2019h\u00f4tels (nuits) Mawe Camp : Baobab Camp : Karatu Lodge : H\u00f4tel Under the Shade : Frais de parc (nuits) Tarangire : Manyara : Serengeti : Transit Ngorongoro : Entr\u00e9e NCAA : Autres frais Frais de service du [&hellip;]","og_url":"https:\/\/kilidovetours.com\/fr\/safari-calculator\/","og_site_name":"Kilidove Tours","article_publisher":"https:\/\/www.facebook.com\/kilidovetoursandsafaris\/","article_modified_time":"2026-04-03T08:34:52+00:00","og_image":[{"width":59,"height":59,"url":"https:\/\/kilidovetours.com\/wp-content\/uploads\/2024\/05\/kilidove-logo.png","type":"image\/png"}],"twitter_card":"summary_large_image","twitter_site":"@kilidovetours","schema":{"@context":"https:\/\/schema.org","@graph":[{"@type":"WebPage","@id":"https:\/\/kilidovetours.com\/fr\/safari-calculator\/","url":"https:\/\/kilidovetours.com\/fr\/safari-calculator\/","name":"Calculateur de safari &#8211; Kilidove Tours","isPartOf":{"@id":"https:\/\/kilidovetours.com\/fr\/#website"},"datePublished":"2025-03-20T09:12:43+00:00","dateModified":"2026-04-03T08:34:52+00:00","breadcrumb":{"@id":"https:\/\/kilidovetours.com\/fr\/safari-calculator\/#breadcrumb"},"inLanguage":"fr-FR","potentialAction":[{"@type":"ReadAction","target":["https:\/\/kilidovetours.com\/fr\/safari-calculator\/"]}]},{"@type":"BreadcrumbList","@id":"https:\/\/kilidovetours.com\/fr\/safari-calculator\/#breadcrumb","itemListElement":[{"@type":"ListItem","position":1,"name":"Accueil","item":"https:\/\/kilidovetours.com\/fr\/"},{"@type":"ListItem","position":2,"name":"Calculateur de safari"}]},{"@type":"WebSite","@id":"https:\/\/kilidovetours.com\/fr\/#website","url":"https:\/\/kilidovetours.com\/fr\/","name":"KILIDOVE Tours","description":"Personalised Private Guided Safari Tours &amp; Treks. Best safari tour agency in Arusha, Tanzania.","publisher":{"@id":"https:\/\/kilidovetours.com\/fr\/#organization"},"alternateName":"KILIDOVE","potentialAction":[{"@type":"SearchAction","target":{"@type":"EntryPoint","urlTemplate":"https:\/\/kilidovetours.com\/fr\/?s={search_term_string}"},"query-input":{"@type":"PropertyValueSpecification","valueRequired":true,"valueName":"search_term_string"}}],"inLanguage":"fr-FR"},{"@type":"Organization","@id":"https:\/\/kilidovetours.com\/fr\/#organization","name":"KILIDOVE Tours","alternateName":"KILIDOVE","url":"https:\/\/kilidovetours.com\/fr\/","logo":{"@type":"ImageObject","inLanguage":"fr-FR","@id":"https:\/\/kilidovetours.com\/fr\/#\/schema\/logo\/image\/","url":"https:\/\/kilidovetours.com\/wp-content\/uploads\/2024\/05\/kilidove-1.png","contentUrl":"https:\/\/kilidovetours.com\/wp-content\/uploads\/2024\/05\/kilidove-1.png","width":118,"height":118,"caption":"KILIDOVE Tours"},"image":{"@id":"https:\/\/kilidovetours.com\/fr\/#\/schema\/logo\/image\/"},"sameAs":["https:\/\/www.facebook.com\/kilidovetoursandsafaris\/","https:\/\/x.com\/kilidovetours","https:\/\/www.tripadvisor.com\/Attraction_Review-g297913-d7790780-Reviews-Kilidove_Tours_And_Safaris-Arusha_Arusha_Region.html","https:\/\/www.instagram.com\/kilidovetours\/","https:\/\/www.youtube.com\/user\/KilidoveTours"],"description":"Kilidove Tours &amp; Safaris est un tour-op\u00e9rateur tanzanien de premier plan proposant des safaris personnalis\u00e9s. Bas\u00e9s \u00e0 Arusha, ils op\u00e8rent depuis plus de 15 ans et sont sp\u00e9cialis\u00e9s dans les voyages de milieu de gamme \u00e0 luxe en Tanzanie, au Kenya, en Ouganda, au Rwanda et \u00e0 Zanzibar. R\u00e9put\u00e9s pour leurs excellentes notes (5\/5 sur SafariBookings) et leurs itin\u00e9raires sur mesure.  ","email":"kili@kilidovetours.com","telephone":"+255 787 955 466","legalName":"Kilidove tours and safaris private limited","numberOfEmployees":{"@type":"QuantitativeValue","minValue":"11","maxValue":"50"}}]}},"_links":{"self":[{"href":"https:\/\/kilidovetours.com\/fr\/wp-json\/wp\/v2\/pages\/64886","targetHints":{"allow":["GET"]}}],"collection":[{"href":"https:\/\/kilidovetours.com\/fr\/wp-json\/wp\/v2\/pages"}],"about":[{"href":"https:\/\/kilidovetours.com\/fr\/wp-json\/wp\/v2\/types\/page"}],"author":[{"embeddable":true,"href":"https:\/\/kilidovetours.com\/fr\/wp-json\/wp\/v2\/users\/3"}],"replies":[{"embeddable":true,"href":"https:\/\/kilidovetours.com\/fr\/wp-json\/wp\/v2\/comments?post=64886"}],"version-history":[{"count":3,"href":"https:\/\/kilidovetours.com\/fr\/wp-json\/wp\/v2\/pages\/64886\/revisions"}],"predecessor-version":[{"id":68608,"href":"https:\/\/kilidovetours.com\/fr\/wp-json\/wp\/v2\/pages\/64886\/revisions\/68608"}],"wp:attachment":[{"href":"https:\/\/kilidovetours.com\/fr\/wp-json\/wp\/v2\/media?parent=64886"}],"curies":[{"name":"wp","href":"https:\/\/api.w.org\/{rel}","templated":true}]}}