{"id":64896,"date":"2025-03-19T06:51:08","date_gmt":"2025-03-19T06:51:08","guid":{"rendered":"https:\/\/kilidovetours.com\/?page_id=64896"},"modified":"2026-03-10T07:14:31","modified_gmt":"2026-03-10T07:14:31","slug":"carbon-emission-calculator","status":"publish","type":"page","link":"https:\/\/kilidovetours.com\/fr\/carbon-emission-calculator\/","title":{"rendered":"Calculateur d&rsquo;\u00e9missions de carbone"},"content":{"rendered":"\t\t<div data-elementor-type=\"wp-page\" data-elementor-id=\"64896\" class=\"elementor elementor-64896 elementor-48474\" data-elementor-post-type=\"page\">\n\t\t\t\t<div class=\"elementor-element elementor-element-18534bb8 e-flex e-con-boxed e-con e-parent\" data-id=\"18534bb8\" data-element_type=\"container\" data-e-type=\"container\">\n\t\t\t\t\t<div class=\"e-con-inner\">\n\t\t\t\t<div class=\"elementor-element elementor-element-6ff3e693 elementor-widget elementor-widget-text-editor\" data-id=\"6ff3e693\" data-element_type=\"widget\" data-e-type=\"widget\" data-widget_type=\"text-editor.default\">\n\t\t\t\t<div class=\"elementor-widget-container\">\n\t\t\t\t\t\t\t\t\t<div>\n<h3>Calculateur d&rsquo;\u00e9missions de GES<\/h3>\n<label>Distance de transport (km) :<\/label> <input id=\"transport_km\" type=\"number\" value=\"1000\"> <label>Type de transport :<\/label><select id=\"transport_type\">\n<option value=\"safari_4x4\">Safari 4&#215;4<\/option>\n<option value=\"car_petrol\">Voiture (essence)<\/option>\n<option value=\"bus_shared\">Bus partag\u00e9<\/option>\n<\/select><br><br><label>Nombre de passagers :<\/label> <input id=\"passengers\" type=\"number\" value=\"2\"> <label>Type d&rsquo;h\u00e9bergement :<\/label><select id=\"accommodation_type\">\n<option value=\"eco_lodge\">\u00c9colodge<\/option>\n<option value=\"mid_range_hotel\">H\u00f4tel milieu de gamme<\/option>\n<option value=\"luxury_hotel\">H\u00f4tel de luxe<\/option>\n<\/select><br><br><label>Nuits pass\u00e9es :<\/label> <input id=\"nights\" type=\"number\" value=\"3\"> <label>Safaris en v\u00e9hicule :<\/label> <input id=\"game_drives\" type=\"number\" value=\"2\"> <label>Heures de conduite par safari :<\/label> <input id=\"drive_hours\" type=\"number\" value=\"3\"> <br><label>Safaris en montgolfi\u00e8re :<\/label> <input id=\"balloon_safaris\" type=\"number\" value=\"1\"> <label>Autres activit\u00e9s safari (par activit\u00e9) :<\/label> <input id=\"other_activities\" type=\"number\" value=\"1\"><br><br><button>Calculer les \u00e9missions<\/button>\n<h4>\u00c9missions de CO\u2082 estim\u00e9es : <span id=\"total_emissions\">0<\/span> kg CO\u2082e<\/h4>\n<\/div>\n<p><script>\nfunction calculateEmissions() {\n    let transportKm = parseFloat(document.getElementById('transport_km').value);\n    let transportType = document.getElementById('transport_type').value;\n    let passengers = parseInt(document.getElementById('passengers').value) || 1;\n    let nights = parseInt(document.getElementById('nights').value);\n    let accommodationType = document.getElementById('accommodation_type').value;\n    let gameDrives = parseInt(document.getElementById('game_drives').value);\n    let driveHours = parseInt(document.getElementById('drive_hours').value);\n    let balloonSafaris = parseInt(document.getElementById('balloon_safaris').value);\n    let otherActivities = parseInt(document.getElementById('other_activities').value);\n    \n    let transportFactors = {\n        'safari_4x4': 0.250,\n        'car_petrol': 0.192,\n        'bus_shared': 0.089\n    };\n    let accommodationFactors = {\n        'eco_lodge': 5,\n        'mid_range_hotel': 15,\n        'luxury_hotel': 30\n    };\n    let activityFactor = 5; \/\/ Game drive emission per hour\n    let balloonFactor = 25; \/\/ Balloon safari emission per trip\n    let otherActivityFactor = 10; \/\/ Other safari activity emission per activity\n    \n    let transportEmissions = (transportKm * (transportFactors[transportType] || 0)) \/ passengers;\n    let accommodationEmissions = nights * (accommodationFactors[accommodationType] || 0);\n    let activityEmissions = gameDrives * driveHours * activityFactor;\n    let balloonEmissions = balloonSafaris * balloonFactor;\n    let otherActivityEmissions = otherActivities * otherActivityFactor;\n    \n    let totalEmissions = transportEmissions + accommodationEmissions + activityEmissions + balloonEmissions + otherActivityEmissions;\n    document.getElementById('total_emissions').innerText = totalEmissions.toFixed(2);\n}\n<\/script><\/p>\t\t\t\t\t\t\t\t<\/div>\n\t\t\t\t<\/div>\n\t\t\t\t\t<\/div>\n\t\t\t\t<\/div>\n\t\t\t\t<\/div>\n\t\t","protected":false},"excerpt":{"rendered":"<p>Calculateur d&rsquo;\u00e9missions de GES Distance de transport (km) : Type de transport :Safari 4&#215;4Voiture (essence)Bus partag\u00e9 Nombre de passagers : Type d&rsquo;h\u00e9bergement :\u00c9colodgeH\u00f4tel milieu de gammeH\u00f4tel de luxe Nuits pass\u00e9es : Safaris en v\u00e9hicule : Heures de conduite par safari : Safaris en montgolfi\u00e8re : Autres activit\u00e9s safari (par activit\u00e9) : Calculer les \u00e9missions \u00c9missions [&hellip;]<\/p>\n","protected":false},"author":3,"featured_media":0,"parent":0,"menu_order":0,"comment_status":"closed","ping_status":"closed","template":"","meta":{"_acf_changed":false,"footnotes":""},"class_list":["post-64896","page","type-page","status-publish","hentry"],"acf":[],"yoast_head":"<!-- This site is optimized with the Yoast SEO Premium plugin v26.3 (Yoast SEO v27.3) - https:\/\/yoast.com\/product\/yoast-seo-premium-wordpress\/ -->\n<title>Calculateur d&#039;\u00e9missions de carbone &#8211; Kilidove Tours<\/title>\n<meta name=\"description\" content=\"Calculateur d&#039;\u00e9missions de carbone pour les activit\u00e9s safari de Kilidove Tours en Tanzanie, safari en montgolfi\u00e8re, visites culturelles et transport.\" \/>\n<meta name=\"robots\" content=\"index, follow, max-snippet:-1, max-image-preview:large, max-video-preview:-1\" \/>\n<link rel=\"canonical\" href=\"https:\/\/kilidovetours.com\/fr\/carbon-emission-calculator\/\" \/>\n<meta property=\"og:locale\" content=\"fr_FR\" \/>\n<meta property=\"og:type\" content=\"article\" \/>\n<meta property=\"og:title\" content=\"Calculateur d&#039;\u00e9missions de carbone\" \/>\n<meta property=\"og:description\" content=\"Calculateur d&#039;\u00e9missions de carbone pour les activit\u00e9s safari de Kilidove Tours en Tanzanie, safari en montgolfi\u00e8re, visites culturelles et transport.\" \/>\n<meta property=\"og:url\" content=\"https:\/\/kilidovetours.com\/fr\/carbon-emission-calculator\/\" \/>\n<meta property=\"og:site_name\" content=\"Kilidove Tours\" \/>\n<meta property=\"article:publisher\" content=\"https:\/\/www.facebook.com\/kilidovetoursandsafaris\/\" \/>\n<meta property=\"article:modified_time\" content=\"2026-03-10T07:14:31+00:00\" \/>\n<meta property=\"og:image\" content=\"https:\/\/kilidovetours.com\/wp-content\/uploads\/2024\/05\/kilidove-logo.png\" \/>\n\t<meta property=\"og:image:width\" content=\"59\" \/>\n\t<meta property=\"og:image:height\" content=\"59\" \/>\n\t<meta property=\"og:image:type\" content=\"image\/png\" \/>\n<meta name=\"twitter:card\" content=\"summary_large_image\" \/>\n<meta name=\"twitter:site\" content=\"@kilidovetours\" \/>\n<script type=\"application\/ld+json\" class=\"yoast-schema-graph\">{\"@context\":\"https:\\\/\\\/schema.org\",\"@graph\":[{\"@type\":\"WebPage\",\"@id\":\"https:\\\/\\\/kilidovetours.com\\\/fr\\\/carbon-emission-calculator\\\/\",\"url\":\"https:\\\/\\\/kilidovetours.com\\\/fr\\\/carbon-emission-calculator\\\/\",\"name\":\"Calculateur d'\u00e9missions de carbone &#8211; Kilidove Tours\",\"isPartOf\":{\"@id\":\"https:\\\/\\\/kilidovetours.com\\\/fr\\\/#website\"},\"datePublished\":\"2025-03-19T06:51:08+00:00\",\"dateModified\":\"2026-03-10T07:14:31+00:00\",\"description\":\"Calculateur d'\u00e9missions de carbone pour les activit\u00e9s safari de Kilidove Tours en Tanzanie, safari en montgolfi\u00e8re, visites culturelles et transport.\",\"breadcrumb\":{\"@id\":\"https:\\\/\\\/kilidovetours.com\\\/fr\\\/carbon-emission-calculator\\\/#breadcrumb\"},\"inLanguage\":\"fr-FR\",\"potentialAction\":[{\"@type\":\"ReadAction\",\"target\":[\"https:\\\/\\\/kilidovetours.com\\\/fr\\\/carbon-emission-calculator\\\/\"]}]},{\"@type\":\"BreadcrumbList\",\"@id\":\"https:\\\/\\\/kilidovetours.com\\\/fr\\\/carbon-emission-calculator\\\/#breadcrumb\",\"itemListElement\":[{\"@type\":\"ListItem\",\"position\":1,\"name\":\"Accueil\",\"item\":\"https:\\\/\\\/kilidovetours.com\\\/fr\\\/\"},{\"@type\":\"ListItem\",\"position\":2,\"name\":\"Calculateur d&rsquo;\u00e9missions de carbone\"}]},{\"@type\":\"WebSite\",\"@id\":\"https:\\\/\\\/kilidovetours.com\\\/fr\\\/#website\",\"url\":\"https:\\\/\\\/kilidovetours.com\\\/fr\\\/\",\"name\":\"KILIDOVE Tours\",\"description\":\"Personalised Private Guided Safari Tours &amp; Treks. Best safari tour agency in Arusha, Tanzania.\",\"publisher\":{\"@id\":\"https:\\\/\\\/kilidovetours.com\\\/fr\\\/#organization\"},\"alternateName\":\"KILIDOVE\",\"potentialAction\":[{\"@type\":\"SearchAction\",\"target\":{\"@type\":\"EntryPoint\",\"urlTemplate\":\"https:\\\/\\\/kilidovetours.com\\\/fr\\\/?s={search_term_string}\"},\"query-input\":{\"@type\":\"PropertyValueSpecification\",\"valueRequired\":true,\"valueName\":\"search_term_string\"}}],\"inLanguage\":\"fr-FR\"},{\"@type\":\"Organization\",\"@id\":\"https:\\\/\\\/kilidovetours.com\\\/fr\\\/#organization\",\"name\":\"KILIDOVE Tours\",\"alternateName\":\"KILIDOVE\",\"url\":\"https:\\\/\\\/kilidovetours.com\\\/fr\\\/\",\"logo\":{\"@type\":\"ImageObject\",\"inLanguage\":\"fr-FR\",\"@id\":\"https:\\\/\\\/kilidovetours.com\\\/fr\\\/#\\\/schema\\\/logo\\\/image\\\/\",\"url\":\"https:\\\/\\\/kilidovetours.com\\\/wp-content\\\/uploads\\\/2024\\\/05\\\/kilidove-1.png\",\"contentUrl\":\"https:\\\/\\\/kilidovetours.com\\\/wp-content\\\/uploads\\\/2024\\\/05\\\/kilidove-1.png\",\"width\":118,\"height\":118,\"caption\":\"KILIDOVE Tours\"},\"image\":{\"@id\":\"https:\\\/\\\/kilidovetours.com\\\/fr\\\/#\\\/schema\\\/logo\\\/image\\\/\"},\"sameAs\":[\"https:\\\/\\\/www.facebook.com\\\/kilidovetoursandsafaris\\\/\",\"https:\\\/\\\/x.com\\\/kilidovetours\",\"https:\\\/\\\/www.tripadvisor.com\\\/Attraction_Review-g297913-d7790780-Reviews-Kilidove_Tours_And_Safaris-Arusha_Arusha_Region.html\",\"https:\\\/\\\/www.instagram.com\\\/kilidovetours\\\/\",\"https:\\\/\\\/www.youtube.com\\\/user\\\/KilidoveTours\"],\"description\":\"Kilidove Tours &amp; Safaris est un tour-op\u00e9rateur tanzanien de premier plan proposant des safaris personnalis\u00e9s. Bas\u00e9s \u00e0 Arusha, ils op\u00e8rent depuis plus de 15 ans et sont sp\u00e9cialis\u00e9s dans les voyages de milieu de gamme \u00e0 luxe en Tanzanie, au Kenya, en Ouganda, au Rwanda et \u00e0 Zanzibar. R\u00e9put\u00e9s pour leurs excellentes notes (5\\\/5 sur SafariBookings) et leurs itin\u00e9raires sur mesure.  \",\"email\":\"kili@kilidovetours.com\",\"telephone\":\"+255 787 955 466\",\"legalName\":\"Kilidove tours and safaris private limited\",\"numberOfEmployees\":{\"@type\":\"QuantitativeValue\",\"minValue\":\"11\",\"maxValue\":\"50\"}}]}<\/script>\n<!-- \/ Yoast SEO Premium plugin. -->","yoast_head_json":{"title":"Calculateur d'\u00e9missions de carbone &#8211; Kilidove Tours","description":"Calculateur d'\u00e9missions de carbone pour les activit\u00e9s safari de Kilidove Tours en Tanzanie, safari en montgolfi\u00e8re, visites culturelles et transport.","robots":{"index":"index","follow":"follow","max-snippet":"max-snippet:-1","max-image-preview":"max-image-preview:large","max-video-preview":"max-video-preview:-1"},"canonical":"https:\/\/kilidovetours.com\/fr\/carbon-emission-calculator\/","og_locale":"fr_FR","og_type":"article","og_title":"Calculateur d'\u00e9missions de carbone","og_description":"Calculateur d'\u00e9missions de carbone pour les activit\u00e9s safari de Kilidove Tours en Tanzanie, safari en montgolfi\u00e8re, visites culturelles et transport.","og_url":"https:\/\/kilidovetours.com\/fr\/carbon-emission-calculator\/","og_site_name":"Kilidove Tours","article_publisher":"https:\/\/www.facebook.com\/kilidovetoursandsafaris\/","article_modified_time":"2026-03-10T07:14:31+00:00","og_image":[{"width":59,"height":59,"url":"https:\/\/kilidovetours.com\/wp-content\/uploads\/2024\/05\/kilidove-logo.png","type":"image\/png"}],"twitter_card":"summary_large_image","twitter_site":"@kilidovetours","schema":{"@context":"https:\/\/schema.org","@graph":[{"@type":"WebPage","@id":"https:\/\/kilidovetours.com\/fr\/carbon-emission-calculator\/","url":"https:\/\/kilidovetours.com\/fr\/carbon-emission-calculator\/","name":"Calculateur d'\u00e9missions de carbone &#8211; Kilidove Tours","isPartOf":{"@id":"https:\/\/kilidovetours.com\/fr\/#website"},"datePublished":"2025-03-19T06:51:08+00:00","dateModified":"2026-03-10T07:14:31+00:00","description":"Calculateur d'\u00e9missions de carbone pour les activit\u00e9s safari de Kilidove Tours en Tanzanie, safari en montgolfi\u00e8re, visites culturelles et transport.","breadcrumb":{"@id":"https:\/\/kilidovetours.com\/fr\/carbon-emission-calculator\/#breadcrumb"},"inLanguage":"fr-FR","potentialAction":[{"@type":"ReadAction","target":["https:\/\/kilidovetours.com\/fr\/carbon-emission-calculator\/"]}]},{"@type":"BreadcrumbList","@id":"https:\/\/kilidovetours.com\/fr\/carbon-emission-calculator\/#breadcrumb","itemListElement":[{"@type":"ListItem","position":1,"name":"Accueil","item":"https:\/\/kilidovetours.com\/fr\/"},{"@type":"ListItem","position":2,"name":"Calculateur d&rsquo;\u00e9missions de carbone"}]},{"@type":"WebSite","@id":"https:\/\/kilidovetours.com\/fr\/#website","url":"https:\/\/kilidovetours.com\/fr\/","name":"KILIDOVE Tours","description":"Personalised Private Guided Safari Tours &amp; Treks. Best safari tour agency in Arusha, Tanzania.","publisher":{"@id":"https:\/\/kilidovetours.com\/fr\/#organization"},"alternateName":"KILIDOVE","potentialAction":[{"@type":"SearchAction","target":{"@type":"EntryPoint","urlTemplate":"https:\/\/kilidovetours.com\/fr\/?s={search_term_string}"},"query-input":{"@type":"PropertyValueSpecification","valueRequired":true,"valueName":"search_term_string"}}],"inLanguage":"fr-FR"},{"@type":"Organization","@id":"https:\/\/kilidovetours.com\/fr\/#organization","name":"KILIDOVE Tours","alternateName":"KILIDOVE","url":"https:\/\/kilidovetours.com\/fr\/","logo":{"@type":"ImageObject","inLanguage":"fr-FR","@id":"https:\/\/kilidovetours.com\/fr\/#\/schema\/logo\/image\/","url":"https:\/\/kilidovetours.com\/wp-content\/uploads\/2024\/05\/kilidove-1.png","contentUrl":"https:\/\/kilidovetours.com\/wp-content\/uploads\/2024\/05\/kilidove-1.png","width":118,"height":118,"caption":"KILIDOVE Tours"},"image":{"@id":"https:\/\/kilidovetours.com\/fr\/#\/schema\/logo\/image\/"},"sameAs":["https:\/\/www.facebook.com\/kilidovetoursandsafaris\/","https:\/\/x.com\/kilidovetours","https:\/\/www.tripadvisor.com\/Attraction_Review-g297913-d7790780-Reviews-Kilidove_Tours_And_Safaris-Arusha_Arusha_Region.html","https:\/\/www.instagram.com\/kilidovetours\/","https:\/\/www.youtube.com\/user\/KilidoveTours"],"description":"Kilidove Tours &amp; Safaris est un tour-op\u00e9rateur tanzanien de premier plan proposant des safaris personnalis\u00e9s. Bas\u00e9s \u00e0 Arusha, ils op\u00e8rent depuis plus de 15 ans et sont sp\u00e9cialis\u00e9s dans les voyages de milieu de gamme \u00e0 luxe en Tanzanie, au Kenya, en Ouganda, au Rwanda et \u00e0 Zanzibar. R\u00e9put\u00e9s pour leurs excellentes notes (5\/5 sur SafariBookings) et leurs itin\u00e9raires sur mesure.  ","email":"kili@kilidovetours.com","telephone":"+255 787 955 466","legalName":"Kilidove tours and safaris private limited","numberOfEmployees":{"@type":"QuantitativeValue","minValue":"11","maxValue":"50"}}]}},"_links":{"self":[{"href":"https:\/\/kilidovetours.com\/fr\/wp-json\/wp\/v2\/pages\/64896","targetHints":{"allow":["GET"]}}],"collection":[{"href":"https:\/\/kilidovetours.com\/fr\/wp-json\/wp\/v2\/pages"}],"about":[{"href":"https:\/\/kilidovetours.com\/fr\/wp-json\/wp\/v2\/types\/page"}],"author":[{"embeddable":true,"href":"https:\/\/kilidovetours.com\/fr\/wp-json\/wp\/v2\/users\/3"}],"replies":[{"embeddable":true,"href":"https:\/\/kilidovetours.com\/fr\/wp-json\/wp\/v2\/comments?post=64896"}],"version-history":[{"count":1,"href":"https:\/\/kilidovetours.com\/fr\/wp-json\/wp\/v2\/pages\/64896\/revisions"}],"predecessor-version":[{"id":64897,"href":"https:\/\/kilidovetours.com\/fr\/wp-json\/wp\/v2\/pages\/64896\/revisions\/64897"}],"wp:attachment":[{"href":"https:\/\/kilidovetours.com\/fr\/wp-json\/wp\/v2\/media?parent=64896"}],"curies":[{"name":"wp","href":"https:\/\/api.w.org\/{rel}","templated":true}]}}