{"id":64584,"date":"2024-06-19T07:59:46","date_gmt":"2024-06-19T07:59:46","guid":{"rendered":"https:\/\/kilidovetours.com\/?page_id=64584"},"modified":"2026-04-06T09:07:43","modified_gmt":"2026-04-06T09:07:43","slug":"dichiarazione-di-intenti-sulla-sostenibilita","status":"publish","type":"page","link":"https:\/\/kilidovetours.com\/it\/dichiarazione-di-intenti-sulla-sostenibilita\/","title":{"rendered":"Dichiarazione di intenti sulla sostenibilit\u00e0"},"content":{"rendered":"\t\t<div data-elementor-type=\"wp-page\" data-elementor-id=\"64584\" class=\"elementor elementor-64584 elementor-37410\" data-elementor-post-type=\"page\">\n\t\t\t\t\t\t<section class=\"elementor-section elementor-top-section elementor-element elementor-element-2b1184b0 elementor-section-boxed elementor-section-height-default elementor-section-height-default\" data-id=\"2b1184b0\" data-element_type=\"section\" data-e-type=\"section\" data-settings=\"{&quot;background_background&quot;:&quot;classic&quot;}\">\n\t\t\t\t\t\t<div class=\"elementor-container elementor-column-gap-default\">\n\t\t\t\t\t<div class=\"elementor-column elementor-col-100 elementor-top-column elementor-element elementor-element-153e1c19\" data-id=\"153e1c19\" data-element_type=\"column\" data-e-type=\"column\">\n\t\t\t<div class=\"elementor-widget-wrap elementor-element-populated\">\n\t\t\t\t\t\t<div class=\"elementor-element elementor-element-54db29de elementor-widget elementor-widget-text-editor\" data-id=\"54db29de\" data-element_type=\"widget\" data-e-type=\"widget\" data-widget_type=\"text-editor.default\">\n\t\t\t\t<div class=\"elementor-widget-container\">\n\t\t\t\t\t\t\t\t\t<div class=\"page\" title=\"Pagina 1\">\n<div class=\"section\">\n<div class=\"layoutArea\">\n<div class=\"column\">\n<h2><strong><em>\u201cDare forza alle persone e al pianeta per un futuro prospero\u201d<\/em><\/strong><\/h2>\nPresso Kilidove Tours &amp; Safaris, ci impegniamo a guidare il cambiamento positivo e a creare un futuro sostenibile per tutti. La nostra missione affonda le radici nella convinzione che la sostenibilit\u00e0 ambientale, sociale ed economica siano interconnesse ed essenziali per il benessere delle persone e del pianeta. Attraverso le nostre azioni e innovazioni, facciamo del nostro meglio per dare a individui, comunit\u00e0 e organizzazioni i mezzi per avere un impatto significativo nel plasmare un futuro prospero per le generazioni a venire.  \n<h5><strong>1. Tutela ambientale:<\/strong><\/h5>\nRiconosciamo l&#8217;urgente necessit\u00e0 di proteggere e ripristinare il nostro ambiente naturale. Ci dedichiamo a ridurre al minimo la nostra impronta ecologica adottando pratiche sostenibili, riducendo gli sprechi, conservando le risorse e promuovendo la conservazione della biodiversit\u00e0. Diamo priorit\u00e0 all&#8217;approvvigionamento sostenibile, alle soluzioni di energia pulita e a processi di produzione responsabili per garantire un pianeta pi\u00f9 sano per gli abitanti attuali e futuri.  \n<h5><strong>2. Equit\u00e0 sociale:<\/strong><\/h5>\nCrediamo che la sostenibilit\u00e0 debba essere inclusiva ed equa. Ci impegniamo a promuovere un ambiente diversificato e inclusivo in cui tutte le voci siano ascoltate, valorizzate e rispettate. Ci sforziamo di creare opportunit\u00e0 di emancipazione economica, promuovere pratiche di lavoro eque e sostenere iniziative che migliorino l&#8217;istruzione, la salute e il benessere nelle comunit\u00e0 in cui operiamo. Diamo priorit\u00e0 alla collaborazione con le parti interessate locali, mettendole in condizione di partecipare attivamente allo sviluppo sostenibile.   \n<h5><strong>3. Innovazione e collaborazione:<\/strong><\/h5>\nSiamo consapevoli che affrontare le complesse sfide della sostenibilit\u00e0 richieda innovazione, collaborazione e condivisione di conoscenze e risorse. Cerchiamo attivamente partnership con organizzazioni, ricercatori e comunit\u00e0 che condividono i nostri ideali per co-creare soluzioni che guidino il cambiamento positivo. Incoraggiamo il dialogo aperto, la sperimentazione e l&#8217;apprendimento continuo per catalizzare l&#8217;innovazione in tecnologie, pratiche e modelli di business sostenibili.  \n<h5><strong>4. Governance trasparente e responsabilit\u00e0:<\/strong><\/h5>\nAbbracciamo la trasparenza e la responsabilit\u00e0 come fondamenta dei nostri sforzi per la sostenibilit\u00e0. Stabiliamo obiettivi e traguardi chiari, monitoriamo regolarmente i nostri progressi e riferiamo apertamente sulle nostre prestazioni ambientali, sociali ed economiche. Interagiamo con gli stakeholder, inclusi clienti, dipendenti, investitori e il grande pubblico, per assicurarci che le loro voci siano ascoltate e cerchiamo attivamente feedback per migliorare le nostre pratiche.  \n<div class=\"page\" title=\"Pagina 2\">\n<div class=\"section\">\n<div class=\"layoutArea\">\n<div class=\"column\">\n<h5><strong>5. Ispirare ed educare:<\/strong><\/h5>\nCi sforziamo di ispirare ed educare le persone a diventare partecipanti attivi in uno stile di vita sostenibile. Attraverso campagne di sensibilizzazione e informazioni accessibili, miriamo a fornire alle persone le conoscenze e gli strumenti necessari per compiere scelte informate e adottare stili di vita sostenibili. Crediamo che l&#8217;azione collettiva inizi con l&#8217;impegno individuale e che piccoli cambiamenti possano portare a impatti positivi significativi.  \n\nAbbracciando la nostra missione di sostenibilit\u00e0, immaginiamo un futuro in cui l&#8217;armonia ambientale, la giustizia sociale e la prosperit\u00e0 economica non si escludano a vicenda, ma si rafforzino reciprocamente. Insieme, possiamo creare un mondo migliore che nutra sia le persone che il pianeta, garantendo un&#8217;eredit\u00e0 sostenibile per le generazioni a venire. Unisciti a noi in questo viaggio verso un futuro migliore.  \n\n<\/div>\n<\/div>\n<\/div>\n<\/div>\n<\/div>\n<\/div>\n<\/div>\n<\/div>\t\t\t\t\t\t\t\t<\/div>\n\t\t\t\t<\/div>\n\t\t\t\t\t<\/div>\n\t\t<\/div>\n\t\t\t\t\t<\/div>\n\t\t<\/section>\n\t\t\t\t<section class=\"elementor-section elementor-top-section elementor-element elementor-element-7ef86bc8 elementor-section-boxed elementor-section-height-default elementor-section-height-default\" data-id=\"7ef86bc8\" data-element_type=\"section\" data-e-type=\"section\">\n\t\t\t\t\t\t<div class=\"elementor-container elementor-column-gap-default\">\n\t\t\t\t\t<div class=\"elementor-column elementor-col-100 elementor-top-column elementor-element elementor-element-19372eea\" data-id=\"19372eea\" data-element_type=\"column\" data-e-type=\"column\">\n\t\t\t<div class=\"elementor-widget-wrap elementor-element-populated\">\n\t\t\t\t\t\t<div class=\"elementor-element elementor-element-690b98ed elementor-widget elementor-widget-spacer\" data-id=\"690b98ed\" data-element_type=\"widget\" data-e-type=\"widget\" data-widget_type=\"spacer.default\">\n\t\t\t\t<div class=\"elementor-widget-container\">\n\t\t\t\t\t\t\t<div class=\"elementor-spacer\">\n\t\t\t<div class=\"elementor-spacer-inner\"><\/div>\n\t\t<\/div>\n\t\t\t\t\t\t<\/div>\n\t\t\t\t<\/div>\n\t\t\t\t\t<\/div>\n\t\t<\/div>\n\t\t\t\t\t<\/div>\n\t\t<\/section>\n\t\t\t\t<\/div>\n\t\t","protected":false},"excerpt":{"rendered":"<p>\u201cDare forza alle persone e al pianeta per un futuro prospero\u201d Presso Kilidove Tours &amp; Safaris, ci impegniamo a guidare il cambiamento positivo e a creare un futuro sostenibile per tutti. La nostra missione affonda le radici nella convinzione che la sostenibilit\u00e0 ambientale, sociale ed economica siano interconnesse ed essenziali per il benessere delle persone [&hellip;]<\/p>\n","protected":false},"author":3,"featured_media":0,"parent":0,"menu_order":0,"comment_status":"closed","ping_status":"closed","template":"","meta":{"_acf_changed":false,"footnotes":""},"class_list":["post-64584","page","type-page","status-publish","hentry"],"acf":[],"yoast_head":"<!-- This site is optimized with the Yoast SEO Premium plugin v26.3 (Yoast SEO v27.3) - https:\/\/yoast.com\/product\/yoast-seo-premium-wordpress\/ -->\n<title>Dichiarazione di intenti sulla sostenibilit\u00e0 &#8211; Kilidove Tours<\/title>\n<meta name=\"description\" content=\"L&#039;azienda si impegna a integrare i principi di sostenibilit\u00e0 in ogni aspetto delle proprie attivit\u00e0. Per noi, una politica di sostenibilit\u00e0 \u00e8 fondamentale.\" \/>\n<meta name=\"robots\" content=\"index, follow, max-snippet:-1, max-image-preview:large, max-video-preview:-1\" \/>\n<link rel=\"canonical\" href=\"https:\/\/kilidovetours.com\/it\/dichiarazione-di-intenti-sulla-sostenibilita\/\" \/>\n<meta property=\"og:locale\" content=\"it_IT\" \/>\n<meta property=\"og:type\" content=\"article\" \/>\n<meta property=\"og:title\" content=\"Dichiarazione di intenti sulla sostenibilit\u00e0\" \/>\n<meta property=\"og:description\" content=\"L&#039;azienda si impegna a integrare i principi di sostenibilit\u00e0 in ogni aspetto delle proprie attivit\u00e0. Per noi, una politica di sostenibilit\u00e0 \u00e8 fondamentale.\" \/>\n<meta property=\"og:url\" content=\"https:\/\/kilidovetours.com\/it\/dichiarazione-di-intenti-sulla-sostenibilita\/\" \/>\n<meta property=\"og:site_name\" content=\"Kilidove Tours\" \/>\n<meta property=\"article:publisher\" content=\"https:\/\/www.facebook.com\/kilidovetoursandsafaris\/\" \/>\n<meta property=\"article:modified_time\" content=\"2026-04-06T09:07:43+00:00\" \/>\n<meta property=\"og:image\" content=\"https:\/\/kilidovetours.com\/wp-content\/uploads\/2024\/05\/kilidove-logo.png\" \/>\n\t<meta property=\"og:image:width\" content=\"59\" \/>\n\t<meta property=\"og:image:height\" content=\"59\" \/>\n\t<meta property=\"og:image:type\" content=\"image\/png\" \/>\n<meta name=\"twitter:card\" content=\"summary_large_image\" \/>\n<meta name=\"twitter:site\" content=\"@kilidovetours\" \/>\n<meta name=\"twitter:label1\" content=\"Tempo di lettura stimato\" \/>\n\t<meta name=\"twitter:data1\" content=\"2 minuti\" \/>\n<script type=\"application\/ld+json\" class=\"yoast-schema-graph\">{\"@context\":\"https:\\\/\\\/schema.org\",\"@graph\":[{\"@type\":\"WebPage\",\"@id\":\"https:\\\/\\\/kilidovetours.com\\\/it\\\/dichiarazione-di-intenti-sulla-sostenibilita\\\/\",\"url\":\"https:\\\/\\\/kilidovetours.com\\\/it\\\/dichiarazione-di-intenti-sulla-sostenibilita\\\/\",\"name\":\"Dichiarazione di intenti sulla sostenibilit\u00e0 &#8211; Kilidove Tours\",\"isPartOf\":{\"@id\":\"https:\\\/\\\/kilidovetours.com\\\/it\\\/#website\"},\"datePublished\":\"2024-06-19T07:59:46+00:00\",\"dateModified\":\"2026-04-06T09:07:43+00:00\",\"description\":\"L'azienda si impegna a integrare i principi di sostenibilit\u00e0 in ogni aspetto delle proprie attivit\u00e0. Per noi, una politica di sostenibilit\u00e0 \u00e8 fondamentale.\",\"breadcrumb\":{\"@id\":\"https:\\\/\\\/kilidovetours.com\\\/it\\\/dichiarazione-di-intenti-sulla-sostenibilita\\\/#breadcrumb\"},\"inLanguage\":\"it-IT\",\"potentialAction\":[{\"@type\":\"ReadAction\",\"target\":[\"https:\\\/\\\/kilidovetours.com\\\/it\\\/dichiarazione-di-intenti-sulla-sostenibilita\\\/\"]}]},{\"@type\":\"BreadcrumbList\",\"@id\":\"https:\\\/\\\/kilidovetours.com\\\/it\\\/dichiarazione-di-intenti-sulla-sostenibilita\\\/#breadcrumb\",\"itemListElement\":[{\"@type\":\"ListItem\",\"position\":1,\"name\":\"Home\",\"item\":\"https:\\\/\\\/kilidovetours.com\\\/it\\\/\"},{\"@type\":\"ListItem\",\"position\":2,\"name\":\"Dichiarazione di intenti sulla sostenibilit\u00e0\"}]},{\"@type\":\"WebSite\",\"@id\":\"https:\\\/\\\/kilidovetours.com\\\/it\\\/#website\",\"url\":\"https:\\\/\\\/kilidovetours.com\\\/it\\\/\",\"name\":\"KILIDOVE Tours\",\"description\":\"Personalised Private Guided Safari Tours &amp; Treks. Best safari tour agency in Arusha, Tanzania.\",\"publisher\":{\"@id\":\"https:\\\/\\\/kilidovetours.com\\\/it\\\/#organization\"},\"alternateName\":\"KILIDOVE\",\"potentialAction\":[{\"@type\":\"SearchAction\",\"target\":{\"@type\":\"EntryPoint\",\"urlTemplate\":\"https:\\\/\\\/kilidovetours.com\\\/it\\\/?s={search_term_string}\"},\"query-input\":{\"@type\":\"PropertyValueSpecification\",\"valueRequired\":true,\"valueName\":\"search_term_string\"}}],\"inLanguage\":\"it-IT\"},{\"@type\":\"Organization\",\"@id\":\"https:\\\/\\\/kilidovetours.com\\\/it\\\/#organization\",\"name\":\"KILIDOVE Tours\",\"alternateName\":\"KILIDOVE\",\"url\":\"https:\\\/\\\/kilidovetours.com\\\/it\\\/\",\"logo\":{\"@type\":\"ImageObject\",\"inLanguage\":\"it-IT\",\"@id\":\"https:\\\/\\\/kilidovetours.com\\\/it\\\/#\\\/schema\\\/logo\\\/image\\\/\",\"url\":\"https:\\\/\\\/kilidovetours.com\\\/wp-content\\\/uploads\\\/2024\\\/05\\\/kilidove-1.png\",\"contentUrl\":\"https:\\\/\\\/kilidovetours.com\\\/wp-content\\\/uploads\\\/2024\\\/05\\\/kilidove-1.png\",\"width\":118,\"height\":118,\"caption\":\"KILIDOVE Tours\"},\"image\":{\"@id\":\"https:\\\/\\\/kilidovetours.com\\\/it\\\/#\\\/schema\\\/logo\\\/image\\\/\"},\"sameAs\":[\"https:\\\/\\\/www.facebook.com\\\/kilidovetoursandsafaris\\\/\",\"https:\\\/\\\/x.com\\\/kilidovetours\",\"https:\\\/\\\/www.tripadvisor.com\\\/Attraction_Review-g297913-d7790780-Reviews-Kilidove_Tours_And_Safaris-Arusha_Arusha_Region.html\",\"https:\\\/\\\/www.instagram.com\\\/kilidovetours\\\/\",\"https:\\\/\\\/www.youtube.com\\\/user\\\/KilidoveTours\"],\"description\":\"Kilidove Tours &amp; Safaris \u00e8 un tour operator leader in Tanzania che offre esperienze di safari personalizzate. Con sede ad Arusha, opera da oltre 15 anni ed \u00e8 specializzato in viaggi di fascia media e di lusso in Tanzania, Kenya, Uganda, Ruanda e Zanzibar. Noto per le eccellenti recensioni dei clienti (5\\\/5 su SafariBookings) e per gli itinerari su misura.  \",\"email\":\"kili@kilidovetours.com\",\"telephone\":\"+255 787 955 466\",\"legalName\":\"Kilidove tours and safaris private limited\",\"numberOfEmployees\":{\"@type\":\"QuantitativeValue\",\"minValue\":\"11\",\"maxValue\":\"50\"}}]}<\/script>\n<!-- \/ Yoast SEO Premium plugin. -->","yoast_head_json":{"title":"Dichiarazione di intenti sulla sostenibilit\u00e0 &#8211; Kilidove Tours","description":"L'azienda si impegna a integrare i principi di sostenibilit\u00e0 in ogni aspetto delle proprie attivit\u00e0. Per noi, una politica di sostenibilit\u00e0 \u00e8 fondamentale.","robots":{"index":"index","follow":"follow","max-snippet":"max-snippet:-1","max-image-preview":"max-image-preview:large","max-video-preview":"max-video-preview:-1"},"canonical":"https:\/\/kilidovetours.com\/it\/dichiarazione-di-intenti-sulla-sostenibilita\/","og_locale":"it_IT","og_type":"article","og_title":"Dichiarazione di intenti sulla sostenibilit\u00e0","og_description":"L'azienda si impegna a integrare i principi di sostenibilit\u00e0 in ogni aspetto delle proprie attivit\u00e0. Per noi, una politica di sostenibilit\u00e0 \u00e8 fondamentale.","og_url":"https:\/\/kilidovetours.com\/it\/dichiarazione-di-intenti-sulla-sostenibilita\/","og_site_name":"Kilidove Tours","article_publisher":"https:\/\/www.facebook.com\/kilidovetoursandsafaris\/","article_modified_time":"2026-04-06T09:07:43+00:00","og_image":[{"width":59,"height":59,"url":"https:\/\/kilidovetours.com\/wp-content\/uploads\/2024\/05\/kilidove-logo.png","type":"image\/png"}],"twitter_card":"summary_large_image","twitter_site":"@kilidovetours","twitter_misc":{"Tempo di lettura stimato":"2 minuti"},"schema":{"@context":"https:\/\/schema.org","@graph":[{"@type":"WebPage","@id":"https:\/\/kilidovetours.com\/it\/dichiarazione-di-intenti-sulla-sostenibilita\/","url":"https:\/\/kilidovetours.com\/it\/dichiarazione-di-intenti-sulla-sostenibilita\/","name":"Dichiarazione di intenti sulla sostenibilit\u00e0 &#8211; Kilidove Tours","isPartOf":{"@id":"https:\/\/kilidovetours.com\/it\/#website"},"datePublished":"2024-06-19T07:59:46+00:00","dateModified":"2026-04-06T09:07:43+00:00","description":"L'azienda si impegna a integrare i principi di sostenibilit\u00e0 in ogni aspetto delle proprie attivit\u00e0. Per noi, una politica di sostenibilit\u00e0 \u00e8 fondamentale.","breadcrumb":{"@id":"https:\/\/kilidovetours.com\/it\/dichiarazione-di-intenti-sulla-sostenibilita\/#breadcrumb"},"inLanguage":"it-IT","potentialAction":[{"@type":"ReadAction","target":["https:\/\/kilidovetours.com\/it\/dichiarazione-di-intenti-sulla-sostenibilita\/"]}]},{"@type":"BreadcrumbList","@id":"https:\/\/kilidovetours.com\/it\/dichiarazione-di-intenti-sulla-sostenibilita\/#breadcrumb","itemListElement":[{"@type":"ListItem","position":1,"name":"Home","item":"https:\/\/kilidovetours.com\/it\/"},{"@type":"ListItem","position":2,"name":"Dichiarazione di intenti sulla sostenibilit\u00e0"}]},{"@type":"WebSite","@id":"https:\/\/kilidovetours.com\/it\/#website","url":"https:\/\/kilidovetours.com\/it\/","name":"KILIDOVE Tours","description":"Personalised Private Guided Safari Tours &amp; Treks. Best safari tour agency in Arusha, Tanzania.","publisher":{"@id":"https:\/\/kilidovetours.com\/it\/#organization"},"alternateName":"KILIDOVE","potentialAction":[{"@type":"SearchAction","target":{"@type":"EntryPoint","urlTemplate":"https:\/\/kilidovetours.com\/it\/?s={search_term_string}"},"query-input":{"@type":"PropertyValueSpecification","valueRequired":true,"valueName":"search_term_string"}}],"inLanguage":"it-IT"},{"@type":"Organization","@id":"https:\/\/kilidovetours.com\/it\/#organization","name":"KILIDOVE Tours","alternateName":"KILIDOVE","url":"https:\/\/kilidovetours.com\/it\/","logo":{"@type":"ImageObject","inLanguage":"it-IT","@id":"https:\/\/kilidovetours.com\/it\/#\/schema\/logo\/image\/","url":"https:\/\/kilidovetours.com\/wp-content\/uploads\/2024\/05\/kilidove-1.png","contentUrl":"https:\/\/kilidovetours.com\/wp-content\/uploads\/2024\/05\/kilidove-1.png","width":118,"height":118,"caption":"KILIDOVE Tours"},"image":{"@id":"https:\/\/kilidovetours.com\/it\/#\/schema\/logo\/image\/"},"sameAs":["https:\/\/www.facebook.com\/kilidovetoursandsafaris\/","https:\/\/x.com\/kilidovetours","https:\/\/www.tripadvisor.com\/Attraction_Review-g297913-d7790780-Reviews-Kilidove_Tours_And_Safaris-Arusha_Arusha_Region.html","https:\/\/www.instagram.com\/kilidovetours\/","https:\/\/www.youtube.com\/user\/KilidoveTours"],"description":"Kilidove Tours &amp; Safaris \u00e8 un tour operator leader in Tanzania che offre esperienze di safari personalizzate. Con sede ad Arusha, opera da oltre 15 anni ed \u00e8 specializzato in viaggi di fascia media e di lusso in Tanzania, Kenya, Uganda, Ruanda e Zanzibar. Noto per le eccellenti recensioni dei clienti (5\/5 su SafariBookings) e per gli itinerari su misura.  ","email":"kili@kilidovetours.com","telephone":"+255 787 955 466","legalName":"Kilidove tours and safaris private limited","numberOfEmployees":{"@type":"QuantitativeValue","minValue":"11","maxValue":"50"}}]}},"_links":{"self":[{"href":"https:\/\/kilidovetours.com\/it\/wp-json\/wp\/v2\/pages\/64584","targetHints":{"allow":["GET"]}}],"collection":[{"href":"https:\/\/kilidovetours.com\/it\/wp-json\/wp\/v2\/pages"}],"about":[{"href":"https:\/\/kilidovetours.com\/it\/wp-json\/wp\/v2\/types\/page"}],"author":[{"embeddable":true,"href":"https:\/\/kilidovetours.com\/it\/wp-json\/wp\/v2\/users\/3"}],"replies":[{"embeddable":true,"href":"https:\/\/kilidovetours.com\/it\/wp-json\/wp\/v2\/comments?post=64584"}],"version-history":[{"count":1,"href":"https:\/\/kilidovetours.com\/it\/wp-json\/wp\/v2\/pages\/64584\/revisions"}],"predecessor-version":[{"id":64585,"href":"https:\/\/kilidovetours.com\/it\/wp-json\/wp\/v2\/pages\/64584\/revisions\/64585"}],"wp:attachment":[{"href":"https:\/\/kilidovetours.com\/it\/wp-json\/wp\/v2\/media?parent=64584"}],"curies":[{"name":"wp","href":"https:\/\/api.w.org\/{rel}","templated":true}]}}